{"id":1475,"date":"2021-07-16T08:48:27","date_gmt":"2021-07-16T08:48:27","guid":{"rendered":"https:\/\/turismelesplanes.cat\/?page_id=1475"},"modified":"2021-07-19T10:13:03","modified_gmt":"2021-07-19T10:13:03","slug":"lemena-valley","status":"publish","type":"page","link":"https:\/\/turismelesplanes.cat\/en\/lemena-valley\/","title":{"rendered":"Vall de LL\u00e9mena"},"content":{"rendered":"<div class=\"gb-container gb-container-68e75049\"><div class=\"gb-inside-container\">\n<div class=\"gb-grid-wrapper gb-grid-wrapper-326078ad\">\n<div class=\"gb-grid-column gb-grid-column-aed9a341\"><div class=\"gb-container gb-container-aed9a341\"><div class=\"gb-inside-container\">\n\n<h3 class=\"gb-headline gb-headline-42b97c76 gb-headline-text\"><strong>One step away<\/strong><\/h3>\n\n\n\n<p>Much of the history of Vall d\u2019Hostoles can be understood through its links to Vall de Ll\u00e9mena. There are castles from the Cartell\u00e0 lineage, and the birthplace of Pere Joan Sala, one of the outstanding leaders of the Remen\u00e7a uprising. In addition, in the Vall de Ll\u00e9mena you can go on nature excursions, getting to know caves, cliffs, hermitages and archaeological sites.<\/p>\n\n\n<div class=\"gb-button-wrapper gb-button-wrapper-cbe25d52\">\n\n<a class=\"gb-button gb-button-3060bcc0 gb-button-text\" href=\"https:\/\/www.valldellemena.cat\/\" target=\"_blank\" rel=\"noopener noreferrer\">Vall de Ll\u00e9mana<\/a>\n\n<\/div>\n<\/div><\/div><\/div>\n\n<div class=\"gb-grid-column gb-grid-column-3f87819c\"><div class=\"gb-container gb-container-3f87819c\"><div class=\"gb-inside-container\">\n\n<div class=\"wp-block-image\"><figure class=\"aligncenter size-full\"><img loading=\"lazy\" decoding=\"async\" width=\"2560\" height=\"1922\" src=\"https:\/\/turismelesplanes.cat\/wp-content\/uploads\/2021\/07\/IMG_20210424_101011-1-scaled.jpg\" alt=\"\" class=\"wp-image-1478\" srcset=\"https:\/\/turismelesplanes.cat\/wp-content\/uploads\/2021\/07\/IMG_20210424_101011-1-scaled.jpg 2560w, https:\/\/turismelesplanes.cat\/wp-content\/uploads\/2021\/07\/IMG_20210424_101011-1-300x225.jpg 300w, https:\/\/turismelesplanes.cat\/wp-content\/uploads\/2021\/07\/IMG_20210424_101011-1-1024x769.jpg 1024w, https:\/\/turismelesplanes.cat\/wp-content\/uploads\/2021\/07\/IMG_20210424_101011-1-768x577.jpg 768w, https:\/\/turismelesplanes.cat\/wp-content\/uploads\/2021\/07\/IMG_20210424_101011-1-1536x1153.jpg 1536w, https:\/\/turismelesplanes.cat\/wp-content\/uploads\/2021\/07\/IMG_20210424_101011-1-2048x1538.jpg 2048w\" sizes=\"auto, (max-width: 2560px) 100vw, 2560px\" \/><figcaption>Valley of Ll\u00e9mena<\/figcaption><\/figure><\/div>\n\n<\/div><\/div><\/div>\n<\/div>\n\n\n<hr class=\"wp-block-separator\"\/>\n\n\n<div class=\"gb-grid-wrapper gb-grid-wrapper-22662ed9\">\n<div class=\"gb-grid-column gb-grid-column-7b3a1816\"><div class=\"gb-container gb-container-7b3a1816\"><div class=\"gb-inside-container\">\n\n<div class=\"wp-block-image\"><figure class=\"aligncenter size-full\"><img loading=\"lazy\" decoding=\"async\" width=\"1200\" height=\"600\" src=\"https:\/\/turismelesplanes.cat\/wp-content\/uploads\/2021\/07\/i-sant-aniol-finestres.jpg\" alt=\"\" class=\"wp-image-1479\" srcset=\"https:\/\/turismelesplanes.cat\/wp-content\/uploads\/2021\/07\/i-sant-aniol-finestres.jpg 1200w, https:\/\/turismelesplanes.cat\/wp-content\/uploads\/2021\/07\/i-sant-aniol-finestres-300x150.jpg 300w, https:\/\/turismelesplanes.cat\/wp-content\/uploads\/2021\/07\/i-sant-aniol-finestres-1024x512.jpg 1024w, https:\/\/turismelesplanes.cat\/wp-content\/uploads\/2021\/07\/i-sant-aniol-finestres-768x384.jpg 768w\" sizes=\"auto, (max-width: 1200px) 100vw, 1200px\" \/><figcaption>Sant Aniol de Finestres<\/figcaption><\/figure><\/div>\n\n<\/div><\/div><\/div>\n\n<div class=\"gb-grid-column gb-grid-column-a9386dfe\"><div class=\"gb-container gb-container-a9386dfe\"><div class=\"gb-inside-container\">\n\n<h3 class=\"wp-block-heading\"><strong>SANT ANIOL DE FINESTRES<\/strong>, water and rugged landscape<\/h3>\n\n\n\n<p>In Sant Aniol, there are several excursions around the area, visiting the Castle of Finestres, the church of Santa Maria de Finestres and the landscape of the Carlist wars, where the top of the mountain connects with Santa Pau and Mieres. The landscape is rough and great for climbing lovers. The villages of Sant Esteve de Ll\u00e9mena and La Barroca also belong to the municipality, with various churches of Romanesque origin. In Sant Aniol there is an outstanding spring from which volcanic water is sold.<\/p>\n\n\n<div class=\"gb-button-wrapper gb-button-wrapper-3e203cda\">\n\n<a class=\"gb-button gb-button-765b6a0f gb-button-text\" href=\"https:\/\/www.femturisme.cat\/ca\/pobles\/sant-aniol-de-finestres\" target=\"_blank\" rel=\"noopener noreferrer\">Sant Aniol de Finetres<\/a>\n\n<\/div>\n<\/div><\/div><\/div>\n<\/div>\n\n\n<hr class=\"wp-block-separator\"\/>\n\n\n<div class=\"gb-grid-wrapper gb-grid-wrapper-9860261e\">\n<div class=\"gb-grid-column gb-grid-column-a2cb94c5\"><div class=\"gb-container gb-container-a2cb94c5\"><div class=\"gb-inside-container\">\n\n<h4 class=\"gb-headline gb-headline-981f1560 gb-headline-text\"><strong>SANT MART\u00cd DE LL\u00c9MENA<\/strong>  <strong>Cliffs and caves<\/strong><\/h4>\n\n\n\n<p>In the small village of Sant Mart\u00ed, the late Middle Ages watch tower stands out, where a relief of the eponymous patron saint was later placed next to the church. Most farmhouses in the district date from the 15th-17th centuries. Around Sant Mart\u00ed you can go on excursions to the cliffs, the river and various caves.<\/p>\n\n\n<div class=\"gb-button-wrapper gb-button-wrapper-b1fe5054\">\n\n<a class=\"gb-button gb-button-34da25ad gb-button-text\" href=\"https:\/\/www.femturisme.cat\/ca\/pobles\/sant-marti-de-llemena\" target=\"_blank\" rel=\"noopener noreferrer\">Sant Mart\u00ed de Ll\u00e9mana<\/a>\n\n<\/div>\n\n\n<p><\/p>\n\n<\/div><\/div><\/div>\n<\/div>\n\n\n<hr class=\"wp-block-separator\"\/>\n\n\n<div class=\"gb-grid-wrapper gb-grid-wrapper-d9cb43cb\">\n<div class=\"gb-grid-column gb-grid-column-7ff8d6e9\"><div class=\"gb-container gb-container-7ff8d6e9\"><div class=\"gb-inside-container\">\n\n<h4 class=\"wp-block-heading\"><strong>GRANOLLERS DE ROCACORBA<\/strong>, <strong>The Remen\u00e7a flame<\/strong><\/h4>\n\n\n\n<p>Around the church and castle of Granollers de Rocacorba there are several itineraries, one to the fountain of the squirrels, or the one of the ice creams (!). The cliffs of Sant Roc, site of the Gorge of les Bruixes and the caves are stand outs. The leader of the Remen\u00e7a uprising, Pere Joan Sala (1440-1485), was born in Granollers de Rocacorba.<\/p>\n\n<\/div><\/div><\/div>\n\n<div class=\"gb-grid-column gb-grid-column-f701d4a3\"><div class=\"gb-container gb-container-f701d4a3\"><div class=\"gb-inside-container\">\n\n<div class=\"wp-block-image\"><figure class=\"aligncenter size-full\"><img loading=\"lazy\" decoding=\"async\" width=\"1200\" height=\"800\" src=\"https:\/\/turismelesplanes.cat\/wp-content\/uploads\/2021\/07\/granollers.jpg\" alt=\"\" class=\"wp-image-1480\" srcset=\"https:\/\/turismelesplanes.cat\/wp-content\/uploads\/2021\/07\/granollers.jpg 1200w, https:\/\/turismelesplanes.cat\/wp-content\/uploads\/2021\/07\/granollers-300x200.jpg 300w, https:\/\/turismelesplanes.cat\/wp-content\/uploads\/2021\/07\/granollers-1024x683.jpg 1024w, https:\/\/turismelesplanes.cat\/wp-content\/uploads\/2021\/07\/granollers-768x512.jpg 768w\" sizes=\"auto, (max-width: 1200px) 100vw, 1200px\" \/><figcaption>Granollers de Rocacorba.<\/figcaption><\/figure><\/div>\n\n<\/div><\/div><\/div>\n<\/div>\n\n\n<hr class=\"wp-block-separator\"\/>\n\n\n<div class=\"gb-grid-wrapper gb-grid-wrapper-70a1a683\">\n<div class=\"gb-grid-column gb-grid-column-e966e1d5\"><div class=\"gb-container gb-container-e966e1d5\"><div class=\"gb-inside-container\">\n\n<div class=\"wp-block-image\"><figure class=\"aligncenter size-full\"><img loading=\"lazy\" decoding=\"async\" width=\"1017\" height=\"678\" src=\"https:\/\/turismelesplanes.cat\/wp-content\/uploads\/2021\/07\/llora.jpg\" alt=\"\" class=\"wp-image-1481\" srcset=\"https:\/\/turismelesplanes.cat\/wp-content\/uploads\/2021\/07\/llora.jpg 1017w, https:\/\/turismelesplanes.cat\/wp-content\/uploads\/2021\/07\/llora-300x200.jpg 300w, https:\/\/turismelesplanes.cat\/wp-content\/uploads\/2021\/07\/llora-768x512.jpg 768w\" sizes=\"auto, (max-width: 1017px) 100vw, 1017px\" \/><figcaption>Llora<\/figcaption><\/figure><\/div>\n\n<\/div><\/div><\/div>\n\n<div class=\"gb-grid-column gb-grid-column-26edc470\"><div class=\"gb-container gb-container-26edc470\"><div class=\"gb-inside-container\">\n\n<h4 class=\"gb-headline gb-headline-0e7917df gb-headline-text\"><strong>LLOR\u00c0 and PLA DE SANT JOAN<\/strong>, <strong>walking the volcanoes<\/strong><\/h4>\n\n\n\n<p>Before reaching the centre of Llor\u00e0, in Pla de Sant Joan, we find the Volcano of Banya de Boc, in which you can appreciate a crater that sinks to a depth of 100 metres. This crater is full of vegetation and crops. The small village of Llor\u00e0 has an ancient charm, with the church of Sant Pere at the centre.<\/p>\n\n<\/div><\/div><\/div>\n<\/div>\n<\/div><\/div>\n\n\n<p><\/p>","protected":false},"excerpt":{"rendered":"","protected":false},"author":1,"featured_media":245,"parent":0,"menu_order":0,"comment_status":"closed","ping_status":"closed","template":"","meta":{"_acf_changed":false,"inline_featured_image":false,"footnotes":""},"class_list":["post-1475","page","type-page","status-publish","has-post-thumbnail"],"acf":[],"_links":{"self":[{"href":"https:\/\/turismelesplanes.cat\/en\/wp-json\/wp\/v2\/pages\/1475","targetHints":{"allow":["GET"]}}],"collection":[{"href":"https:\/\/turismelesplanes.cat\/en\/wp-json\/wp\/v2\/pages"}],"about":[{"href":"https:\/\/turismelesplanes.cat\/en\/wp-json\/wp\/v2\/types\/page"}],"author":[{"embeddable":true,"href":"https:\/\/turismelesplanes.cat\/en\/wp-json\/wp\/v2\/users\/1"}],"replies":[{"embeddable":true,"href":"https:\/\/turismelesplanes.cat\/en\/wp-json\/wp\/v2\/comments?post=1475"}],"version-history":[{"count":5,"href":"https:\/\/turismelesplanes.cat\/en\/wp-json\/wp\/v2\/pages\/1475\/revisions"}],"predecessor-version":[{"id":1546,"href":"https:\/\/turismelesplanes.cat\/en\/wp-json\/wp\/v2\/pages\/1475\/revisions\/1546"}],"wp:featuredmedia":[{"embeddable":true,"href":"https:\/\/turismelesplanes.cat\/en\/wp-json\/wp\/v2\/media\/245"}],"wp:attachment":[{"href":"https:\/\/turismelesplanes.cat\/en\/wp-json\/wp\/v2\/media?parent=1475"}],"curies":[{"name":"wp","href":"https:\/\/api.w.org\/{rel}","templated":true}]}}