{"id":463,"date":"2021-03-08T06:06:47","date_gmt":"2021-03-08T06:06:47","guid":{"rendered":"https:\/\/turisme.tandem.ws\/?page_id=463"},"modified":"2023-05-25T10:21:28","modified_gmt":"2023-05-25T10:21:28","slug":"stick","status":"publish","type":"page","link":"https:\/\/turismelesplanes.cat\/en\/stick\/","title":{"rendered":"Garrotxa"},"content":{"rendered":"<div class=\"gb-container gb-container-44c17e12\"><div class=\"gb-inside-container\">\n<div class=\"gb-grid-wrapper gb-grid-wrapper-135fc255\">\n<div class=\"gb-grid-column gb-grid-column-5d4e1ac4\"><div class=\"gb-container gb-container-5d4e1ac4\"><div class=\"gb-inside-container\">\n\n<h3 class=\"wp-block-heading\">Focused on sustainability<\/h3>\n\n\n\n<p>La Garrotxa stands out for its wooded landscape and its cultural wealth. Most of the territory is part of the Natura 2000 Network, which seeks to protect the most unique natural areas. In La Garrotxa, you will find a great diversity of flora and fauna, gastronomy, history, natural and cultural routes, sports activities, museums, festivals and traditions. <a href=\"https:\/\/ca.turismegarrotxa.com\/territori-i-natura\/parc-natural-i-espais-protegits\/parc-natural-de-la-zona-volcanica-de-la-garrotxa\/\" target=\"_blank\" rel=\"noreferrer noopener\">Natural Park of the Garrotxa Volcanic Zone<\/a>.<\/p>\n\n\n\n<p>In La Garrotxa you will find a great diversity of flora and fauna, gastronomy, history, natural and cultural routes, sports activities, museums, and festivals and traditions.<\/p>\n\n\n\n<p>The municipality is part of Turisme Garrotxa, a non-profit private association that brings together the private and public tourism sector of La Garrotxa, from which a tourism development model based on the <a href=\"https:\/\/redeuroparc.org\/carta-europea-turismo-sostenible\/\" target=\"_blank\" rel=\"noreferrer noopener\">European Charter of Sustainable Tourism<\/a>, with which the Ajuntament de les Planes has committed to it.<\/p>\n\n\n\n<figure class=\"wp-block-gallery has-nested-images columns-default is-cropped wp-block-gallery-1 is-layout-flex wp-block-gallery-is-layout-flex\">\n<figure class=\"wp-block-image size-large\"><img loading=\"lazy\" decoding=\"async\" width=\"1024\" height=\"454\" data-id=\"2152\" src=\"https:\/\/turismelesplanes.cat\/wp-content\/uploads\/2023\/05\/europarc-logo-1024x454.jpg\" alt=\"\" class=\"wp-image-2152\" srcset=\"https:\/\/turismelesplanes.cat\/wp-content\/uploads\/2023\/05\/europarc-logo-1024x454.jpg 1024w, https:\/\/turismelesplanes.cat\/wp-content\/uploads\/2023\/05\/europarc-logo-300x133.jpg 300w, https:\/\/turismelesplanes.cat\/wp-content\/uploads\/2023\/05\/europarc-logo-768x340.jpg 768w, https:\/\/turismelesplanes.cat\/wp-content\/uploads\/2023\/05\/europarc-logo.jpg 1217w\" sizes=\"auto, (max-width: 1024px) 100vw, 1024px\" \/><\/figure>\n<\/figure>\n\n\n<div class=\"gb-button-wrapper gb-button-wrapper-d45ec3b9\">\n\n<a class=\"gb-button gb-button-0aab59ed gb-button-text\" href=\"http:\/\/ca.turismegarrotxa.com\/\" target=\"_blank\" rel=\"noopener noreferrer\">Tourism Garrotxa<\/a>\n\n<\/div>\n<\/div><\/div><\/div>\n\n<div class=\"gb-grid-column gb-grid-column-253839ef\"><div class=\"gb-container gb-container-253839ef\"><div class=\"gb-inside-container\">\n\n<figure class=\"wp-block-image size-large\"><img loading=\"lazy\" decoding=\"async\" width=\"1024\" height=\"768\" src=\"https:\/\/turismelesplanes.cat\/wp-content\/uploads\/2021\/07\/Garrotxa_dalt-DSCF4338_VOL_DE_COLOMS-1024x768.jpg\" alt=\"\" class=\"wp-image-1465\" srcset=\"https:\/\/turismelesplanes.cat\/wp-content\/uploads\/2021\/07\/Garrotxa_dalt-DSCF4338_VOL_DE_COLOMS-1024x768.jpg 1024w, https:\/\/turismelesplanes.cat\/wp-content\/uploads\/2021\/07\/Garrotxa_dalt-DSCF4338_VOL_DE_COLOMS-300x225.jpg 300w, https:\/\/turismelesplanes.cat\/wp-content\/uploads\/2021\/07\/Garrotxa_dalt-DSCF4338_VOL_DE_COLOMS-768x576.jpg 768w, https:\/\/turismelesplanes.cat\/wp-content\/uploads\/2021\/07\/Garrotxa_dalt-DSCF4338_VOL_DE_COLOMS-1536x1152.jpg 1536w, https:\/\/turismelesplanes.cat\/wp-content\/uploads\/2021\/07\/Garrotxa_dalt-DSCF4338_VOL_DE_COLOMS-2048x1536.jpg 2048w\" sizes=\"auto, (max-width: 1024px) 100vw, 1024px\" \/><figcaption><em>The region from a balloon.<\/em><\/figcaption><\/figure>\n\n\n\n<figure class=\"wp-block-image size-large\"><img loading=\"lazy\" decoding=\"async\" width=\"1024\" height=\"414\" src=\"https:\/\/turismelesplanes.cat\/wp-content\/uploads\/2023\/05\/garrotxa_png_web_hor-1-1024x414.png\" alt=\"\" class=\"wp-image-2154\" srcset=\"https:\/\/turismelesplanes.cat\/wp-content\/uploads\/2023\/05\/garrotxa_png_web_hor-1-1024x414.png 1024w, https:\/\/turismelesplanes.cat\/wp-content\/uploads\/2023\/05\/garrotxa_png_web_hor-1-300x121.png 300w, https:\/\/turismelesplanes.cat\/wp-content\/uploads\/2023\/05\/garrotxa_png_web_hor-1-768x310.png 768w, https:\/\/turismelesplanes.cat\/wp-content\/uploads\/2023\/05\/garrotxa_png_web_hor-1-1536x621.png 1536w, https:\/\/turismelesplanes.cat\/wp-content\/uploads\/2023\/05\/garrotxa_png_web_hor-1.png 1782w\" sizes=\"auto, (max-width: 1024px) 100vw, 1024px\" \/><\/figure>\n\n<\/div><\/div><\/div>\n<\/div>\n\n\n<hr class=\"wp-block-separator has-css-opacity\"\/>\n\n\n<div class=\"gb-grid-wrapper gb-grid-wrapper-09a9b0d0\">\n<div class=\"gb-grid-column gb-grid-column-dadd302e\"><div class=\"gb-container gb-container-dadd302e\"><div class=\"gb-inside-container\">\n\n<figure class=\"wp-block-image size-large\"><img loading=\"lazy\" decoding=\"async\" width=\"1024\" height=\"684\" src=\"https:\/\/turismelesplanes.cat\/wp-content\/uploads\/2021\/07\/Vall_Bas-1024x684.jpg\" alt=\"\" class=\"wp-image-1466\" srcset=\"https:\/\/turismelesplanes.cat\/wp-content\/uploads\/2021\/07\/Vall_Bas-1024x684.jpg 1024w, https:\/\/turismelesplanes.cat\/wp-content\/uploads\/2021\/07\/Vall_Bas-300x200.jpg 300w, https:\/\/turismelesplanes.cat\/wp-content\/uploads\/2021\/07\/Vall_Bas-768x513.jpg 768w, https:\/\/turismelesplanes.cat\/wp-content\/uploads\/2021\/07\/Vall_Bas.jpg 1444w\" sizes=\"auto, (max-width: 1024px) 100vw, 1024px\" \/><figcaption><em>Joanetes with Santa Magdalena in the background. November 2016.<\/em><\/figcaption><\/figure>\n\n<\/div><\/div><\/div>\n\n<div class=\"gb-grid-column gb-grid-column-bcd38ef8\"><div class=\"gb-container gb-container-bcd38ef8\"><div class=\"gb-inside-container\">\n\n<h3 class=\"gb-headline gb-headline-b4ba4eb8 gb-headline-text\"><strong>LA VALL D\u2019EN BAS<\/strong>, <strong>a village with many villages<\/strong><\/h3>\n\n\n\n<p>The Vall d'en Bas is a municipality made up of small, charming villages, which can be seen from the Puigsacalm peak. At the head of the valley there is Sant Esteve d'en Bas, with a Romanesque church and bridge. From the village of Els Hostalets we can look over the cliff of Falgars to see the hermitage of Sant Miquel. On the outskirts of Sant Privat stands the spectacular Sallent cascade with a 35 m waterfall. Francesc de Verntallat, one of the leaders of the peasant revolts, was born in Sant Privat d'en Bas in 1426, although he originated from nobility.<\/p>\n\n\n<div class=\"gb-button-wrapper gb-button-wrapper-20d279a9\">\n\n<a class=\"gb-button gb-button-5d97d301 gb-button-text\" href=\"http:\/\/ca.turismegarrotxa.com\/la-garrotxa\/27-indrets-d-interes-de-la-garrotxa\/pobles-de-la-vall-d-en-bas\/\" target=\"_blank\" rel=\"noopener noreferrer\">Vall d&#039;en Bas<\/a>\n\n<\/div>\n<\/div><\/div><\/div>\n<\/div>\n\n\n<hr class=\"wp-block-separator has-css-opacity\"\/>\n\n\n\n<h3 class=\"wp-block-heading\"><strong>SANT FELIU DE PALLEROLS<\/strong>, <strong>\u2018Pescallunes\u2019 (villagers are known as moon fishers)<\/strong><\/h3>\n\n\n<div class=\"wp-block-image\">\n<figure class=\"alignright size-large is-resized\"><img loading=\"lazy\" decoding=\"async\" src=\"https:\/\/turismelesplanes.cat\/wp-content\/uploads\/2023\/05\/sant_feliu_de_pallerols_castell_d_hostoles_1920-1024x684.jpg\" alt=\"\" class=\"wp-image-2166\" width=\"498\" height=\"332\" srcset=\"https:\/\/turismelesplanes.cat\/wp-content\/uploads\/2023\/05\/sant_feliu_de_pallerols_castell_d_hostoles_1920-1024x684.jpg 1024w, https:\/\/turismelesplanes.cat\/wp-content\/uploads\/2023\/05\/sant_feliu_de_pallerols_castell_d_hostoles_1920-300x200.jpg 300w, https:\/\/turismelesplanes.cat\/wp-content\/uploads\/2023\/05\/sant_feliu_de_pallerols_castell_d_hostoles_1920-768x513.jpg 768w, https:\/\/turismelesplanes.cat\/wp-content\/uploads\/2023\/05\/sant_feliu_de_pallerols_castell_d_hostoles_1920-1536x1026.jpg 1536w, https:\/\/turismelesplanes.cat\/wp-content\/uploads\/2023\/05\/sant_feliu_de_pallerols_castell_d_hostoles_1920.jpg 1920w\" sizes=\"auto, (max-width: 498px) 100vw, 498px\" \/><figcaption><em>Views of Sant Feliu from Hostoles Castle. Photo: Sant Feliu de Pallerols Town Council.<\/em><\/figcaption><\/figure><\/div>\n\n\n<p>The municipality is part of the Garrotxa Natural Park, and the castles of Hostoles, Puig-alder and Colltort can be of interest to hikers. It is recommended to visit the entire old town, especially the church, the chapel of Roser, the church of Sant Miquel de Pineda, the chapel of Sant Sebasti\u00e0 and Santa Cec\u00edlia. The City Council proposes several routes and circuits that you can look up at the tourism office located in the old train station.<\/p>\n\n\n<div class=\"gb-button-wrapper gb-button-wrapper-84246b43\">\n\n<a class=\"gb-button gb-button-61c635d9 gb-button-text\" href=\"http:\/\/www.santfeliudepallerols.cat\/turisme\/rutes\/\" target=\"_blank\" rel=\"noopener noreferrer\">Tourism Sant Feliu de Pallerols<\/a>\n\n<\/div>\n\n<div class=\"gb-grid-wrapper gb-grid-wrapper-c0ad99a5\">\n<div class=\"gb-grid-column gb-grid-column-b8b8cfcf\"><div class=\"gb-container gb-container-b8b8cfcf\"><div class=\"gb-inside-container\"><\/div><\/div><\/div>\n<\/div>\n\n\n<hr class=\"wp-block-separator has-css-opacity\"\/>\n\n\n<div class=\"gb-grid-wrapper gb-grid-wrapper-cc6a0c65\">\n<div class=\"gb-grid-column gb-grid-column-feeb7698\"><div class=\"gb-container gb-container-feeb7698\"><div class=\"gb-inside-container\">\n\n<h3 class=\"wp-block-heading\"><strong>OLOT<\/strong>, <strong>the city of volcanoes<\/strong><\/h3>\n\n\n\n<p>The capital of the region stands out for its cultural and economic entrepreneurship. It hosts the Olot School of Art (landscape painting), the Hospice Museum (Hospicio) and Saints Museum (Museu dels Sants d'Olot), which contains an interesting collection of paintings and sculptures, and there are buildings of architectural interest such as the Renaissance Cloister of El Carme, several Modernist buildings, or the urban expansion, Malagrida. The cultural side of the city offers a good combination of traditional and avant-garde. The city is surrounded by four volcanoes: Montsacopa and Montolivet, which can be visited, and also Bisaroques and Garrinada. The botanical garden of the Parc Nou and the Moixina park should also be visited for their natural beauty.<\/p>\n\n\n<div class=\"gb-button-wrapper gb-button-wrapper-7992cfe8\">\n\n<a class=\"gb-button gb-button-eb7e913d gb-button-text\" href=\"https:\/\/www.turismeolot.com\/ca\/\" target=\"_blank\" rel=\"noopener noreferrer\">Tourism Olot<\/a>\n\n<\/div>\n<\/div><\/div><\/div>\n\n<div class=\"gb-grid-column gb-grid-column-4ef723c2\"><div class=\"gb-container gb-container-4ef723c2\"><div class=\"gb-inside-container\">\n\n<figure class=\"wp-block-image size-large is-resized\"><img loading=\"lazy\" decoding=\"async\" src=\"https:\/\/turismelesplanes.cat\/wp-content\/uploads\/2021\/07\/olot.jpg\" alt=\"\" class=\"wp-image-1467\" width=\"564\" height=\"376\" srcset=\"https:\/\/turismelesplanes.cat\/wp-content\/uploads\/2021\/07\/olot.jpg 480w, https:\/\/turismelesplanes.cat\/wp-content\/uploads\/2021\/07\/olot-300x200.jpg 300w\" sizes=\"auto, (max-width: 564px) 100vw, 564px\" \/><figcaption><em>Modernist building of Olot<\/em><\/figcaption><\/figure>\n\n<\/div><\/div><\/div>\n<\/div>\n\n\n<hr class=\"wp-block-separator has-css-opacity\"\/>\n\n\n<div class=\"gb-grid-wrapper gb-grid-wrapper-057145b8\">\n<div class=\"gb-grid-column gb-grid-column-063e45de\"><div class=\"gb-container gb-container-063e45de\"><div class=\"gb-inside-container\">\n\n<figure class=\"wp-block-image size-large\"><img loading=\"lazy\" decoding=\"async\" width=\"1024\" height=\"683\" src=\"https:\/\/turismelesplanes.cat\/wp-content\/uploads\/2021\/07\/Preses_Parc_de_Pedra_Tosca_4-1024x683.jpg\" alt=\"\" class=\"wp-image-1468\" srcset=\"https:\/\/turismelesplanes.cat\/wp-content\/uploads\/2021\/07\/Preses_Parc_de_Pedra_Tosca_4-1024x683.jpg 1024w, https:\/\/turismelesplanes.cat\/wp-content\/uploads\/2021\/07\/Preses_Parc_de_Pedra_Tosca_4-300x200.jpg 300w, https:\/\/turismelesplanes.cat\/wp-content\/uploads\/2021\/07\/Preses_Parc_de_Pedra_Tosca_4-768x512.jpg 768w, https:\/\/turismelesplanes.cat\/wp-content\/uploads\/2021\/07\/Preses_Parc_de_Pedra_Tosca_4-1536x1024.jpg 1536w, https:\/\/turismelesplanes.cat\/wp-content\/uploads\/2021\/07\/Preses_Parc_de_Pedra_Tosca_4-2048x1365.jpg 2048w\" sizes=\"auto, (max-width: 1024px) 100vw, 1024px\" \/><figcaption><em>Pedra Tosca de les Preses Park.<\/em><\/figcaption><\/figure>\n\n<\/div><\/div><\/div>\n\n<div class=\"gb-grid-column gb-grid-column-12da7530\"><div class=\"gb-container gb-container-12da7530\"><div class=\"gb-inside-container\">\n\n<h3 class=\"gb-headline gb-headline-3ccba5c8 gb-headline-text\"><strong>LES PRESES<\/strong>, <strong>original and contemporary<\/strong><\/h3>\n\n\n\n<p>The Pedra Tosca park of Les Preses is an area of great ecological value, awarded the Rosa Barba European Landscape Award for its structural combination of traditional and modern architecture. The municipality also houses beautiful hermitages, such as Sant Mart\u00ed and Sant Miquel del Corb. During the summer, the town hosts an important demonstration of traditional dances from around the world, the \u00c9sdansa Festival. This is complemented by the Sism\u00f2graf contemporary dance festival which, during the month of April, takes place in various public spaces of La Garrotxa, mainly in Olot.<\/p>\n\n\n<div class=\"gb-button-wrapper gb-button-wrapper-8802ffa1\">\n\n<a class=\"gb-button gb-button-137a4fd9 gb-button-text\" href=\"http:\/\/www.lespreses.cat\/el-poble\/atractius-turistics\/\" target=\"_blank\" rel=\"noopener noreferrer\">Les Preses attractions<\/a>\n\n<\/div>\n<\/div><\/div><\/div>\n<\/div>\n\n\n<hr class=\"wp-block-separator has-css-opacity\"\/>\n\n\n<div class=\"gb-grid-wrapper gb-grid-wrapper-4da6e723\">\n<div class=\"gb-grid-column gb-grid-column-a240aed9\"><div class=\"gb-container gb-container-a240aed9\"><div class=\"gb-inside-container\">\n\n<h3 class=\"wp-block-heading\"><strong>SANTA PAU, medieval landscape<\/strong><\/h3>\n\n\n<div class=\"wp-block-image\">\n<figure class=\"alignright size-large is-resized\"><img loading=\"lazy\" decoding=\"async\" src=\"https:\/\/turismelesplanes.cat\/wp-content\/uploads\/2023\/05\/santa-Pau-1024x684.jpg\" alt=\"\" class=\"wp-image-2170\" width=\"533\" height=\"355\" srcset=\"https:\/\/turismelesplanes.cat\/wp-content\/uploads\/2023\/05\/santa-Pau-1024x684.jpg 1024w, https:\/\/turismelesplanes.cat\/wp-content\/uploads\/2023\/05\/santa-Pau-300x200.jpg 300w, https:\/\/turismelesplanes.cat\/wp-content\/uploads\/2023\/05\/santa-Pau-768x513.jpg 768w, https:\/\/turismelesplanes.cat\/wp-content\/uploads\/2023\/05\/santa-Pau-1536x1026.jpg 1536w, https:\/\/turismelesplanes.cat\/wp-content\/uploads\/2023\/05\/santa-Pau.jpg 1920w\" sizes=\"auto, (max-width: 533px) 100vw, 533px\" \/><figcaption><em>Main Square of Santa Pau. La Garrotxa, April 2019. Photo: Oscar Rodbag<\/em><\/figcaption><\/figure><\/div>\n\n\n<p>This mediaeval town nestled in the middle of the Garrotxa Volcanic Zone Park features places of special natural interest, such as the Santa Margarida and Croscat Volcanoes, or the Fageda d'en Jord\u00e0, a beautiful natural landscape in constant transformation as the beech woods change colour throughout the year. The character of the town is markedly mediaeval, with a castle, narrow streets, an arcaded square and churches of Romanesque origin.<\/p>\n\n\n<div class=\"gb-button-wrapper gb-button-wrapper-45c5fdb7\">\n\n<a class=\"gb-button gb-button-ffa40581 gb-button-text\" href=\"https:\/\/visitsantapau.com\/\" target=\"_blank\" rel=\"noopener noreferrer\">Visit Santa Pau<\/a>\n\n<\/div>\n<\/div><\/div><\/div>\n<\/div>\n\n\n<hr class=\"wp-block-separator has-css-opacity\"\/>\n\n\n<div class=\"gb-grid-wrapper gb-grid-wrapper-de6ee194\">\n<div class=\"gb-grid-column gb-grid-column-6c93b13d\"><div class=\"gb-container gb-container-6c93b13d\"><div class=\"gb-inside-container\">\n\n<h3 class=\"gb-headline gb-headline-4f9c0fb2 gb-headline-text\"><strong>BESAL\u00da<\/strong>, <strong><strong>The Jewish past<\/strong><\/strong><\/h3>\n\n\n\n<p>Along with Girona, Besal\u00fa is the only town on the peninsula that has a Jewish ritual bath or miqv\u00e9. The Jewish quarter of Besal\u00fa dates from the 9th to the 15th century, and you can still see the vestiges of the past with various symbols. Throughout the town you can appreciate the beauty and sobriety of mediaeval architecture.<\/p>\n\n\n<div class=\"gb-button-wrapper gb-button-wrapper-093bcbf0\">\n\n<a class=\"gb-button gb-button-65a60a75 gb-button-text\" href=\"https:\/\/ca.turismegarrotxa.com\/la-garrotxa\/cultura\/art\/patrimoni-jueu\/\" target=\"_blank\" rel=\"noopener noreferrer\">Besal\u00fa<\/a>\n\n<\/div>\n<\/div><\/div><\/div>\n\n<div class=\"gb-grid-column gb-grid-column-e9d13594\"><div class=\"gb-container gb-container-e9d13594\"><div class=\"gb-inside-container\">\n<div class=\"wp-block-image\">\n<figure class=\"alignleft size-large\"><img loading=\"lazy\" decoding=\"async\" width=\"1024\" height=\"673\" src=\"https:\/\/turismelesplanes.cat\/wp-content\/uploads\/2021\/07\/besalu-1024x673.jpg\" alt=\"\" class=\"wp-image-1469\" srcset=\"https:\/\/turismelesplanes.cat\/wp-content\/uploads\/2021\/07\/besalu-1024x673.jpg 1024w, https:\/\/turismelesplanes.cat\/wp-content\/uploads\/2021\/07\/besalu-300x197.jpg 300w, https:\/\/turismelesplanes.cat\/wp-content\/uploads\/2021\/07\/besalu-768x505.jpg 768w, https:\/\/turismelesplanes.cat\/wp-content\/uploads\/2021\/07\/besalu-1536x1009.jpg 1536w, https:\/\/turismelesplanes.cat\/wp-content\/uploads\/2021\/07\/besalu-2048x1346.jpg 2048w\" sizes=\"auto, (max-width: 1024px) 100vw, 1024px\" \/><figcaption><em>The Old Bridge of Besal\u00fa.<\/em><\/figcaption><\/figure><\/div>\n<\/div><\/div><\/div>\n<\/div>\n\n\n<p><\/p>\n\n<\/div><\/div>\n\n\n<p><\/p>","protected":false},"excerpt":{"rendered":"<p>SANT FELIU DE PALLEROLS, the Pescallunes neighbors The municipality is part of the Garrotxa Natural Park, and the castles of Hostoles, Puig-alder and Colltort can be an excuse for hikers&#039; routes. It is recommended to visit the entire old town, especially the church, the Roser chapel, the church of Sant Miquel de \u2026 <a title=\"Garrotxa\" class=\"read-more\" href=\"https:\/\/turismelesplanes.cat\/en\/stick\/\" aria-label=\"Read more about La Garrotxa\">Read more<\/a><\/p>","protected":false},"author":1,"featured_media":431,"parent":0,"menu_order":0,"comment_status":"closed","ping_status":"closed","template":"","meta":{"_acf_changed":false,"inline_featured_image":false,"footnotes":""},"class_list":["post-463","page","type-page","status-publish","has-post-thumbnail"],"acf":[],"_links":{"self":[{"href":"https:\/\/turismelesplanes.cat\/en\/wp-json\/wp\/v2\/pages\/463","targetHints":{"allow":["GET"]}}],"collection":[{"href":"https:\/\/turismelesplanes.cat\/en\/wp-json\/wp\/v2\/pages"}],"about":[{"href":"https:\/\/turismelesplanes.cat\/en\/wp-json\/wp\/v2\/types\/page"}],"author":[{"embeddable":true,"href":"https:\/\/turismelesplanes.cat\/en\/wp-json\/wp\/v2\/users\/1"}],"replies":[{"embeddable":true,"href":"https:\/\/turismelesplanes.cat\/en\/wp-json\/wp\/v2\/comments?post=463"}],"version-history":[{"count":26,"href":"https:\/\/turismelesplanes.cat\/en\/wp-json\/wp\/v2\/pages\/463\/revisions"}],"predecessor-version":[{"id":2173,"href":"https:\/\/turismelesplanes.cat\/en\/wp-json\/wp\/v2\/pages\/463\/revisions\/2173"}],"wp:featuredmedia":[{"embeddable":true,"href":"https:\/\/turismelesplanes.cat\/en\/wp-json\/wp\/v2\/media\/431"}],"wp:attachment":[{"href":"https:\/\/turismelesplanes.cat\/en\/wp-json\/wp\/v2\/media?parent=463"}],"curies":[{"name":"wp","href":"https:\/\/api.w.org\/{rel}","templated":true}]}}