{"id":130,"date":"2021-02-23T10:39:28","date_gmt":"2021-02-23T10:39:28","guid":{"rendered":"https:\/\/turisme.tandem.ws\/?page_id=130"},"modified":"2021-06-16T06:23:20","modified_gmt":"2021-06-16T06:23:20","slug":"politica-de-privacidad","status":"publish","type":"page","link":"https:\/\/turismelesplanes.cat\/es\/politica-de-privacidad\/","title":{"rendered":"Pol\u00edtica de privacidad"},"content":{"rendered":"<div class=\"gb-container gb-container-0882ce8f\"><div class=\"gb-inside-container\">\n\n<p>EL TITULAR se compromete a proteger la privacidad de los usuarios que accedan a esta web y\/o cualquiera de sus servicios. de otras webs, esta Pol\u00edtica de Privacidad no se aplica a las webs de otras compa\u00f1\u00edas u organizaciones a las que la web est\u00e9 redirigida. EL TITULAR no controla el contenido de las webs de terceros ni acepta ning\u00fan tipo de responsabilidad por el contenido o las pol\u00edticas de privacidad de estas webs.<\/p>\n\n\n\n<p>Informaci\u00f3n sobre el tratamiento de datos (Reglamento (UE) 2016\/679 y LO 3\/2018)<\/p>\n\n\n\n<figure class=\"wp-block-table\"><table><tbody><tr><td>Responsable del tratamiento<\/td><td>EL TITULAR.<br>Nuestros datos figuran en el<a href=\"https:\/\/turismelesplanes.cat\/es\/ca\/aviso-legal\/\">aviso legal<\/a> de esta web.<\/td><\/tr><tr><td>Finalidad del tratamiento<\/td><td>Ofrecer y gestionar nuestros productos y servicios.<\/td><\/tr><tr><td>Legitimaci\u00f3n<\/td><td>Consentimiento obtenido del interesado. Ejecuci\u00f3n del contrato de servicios.<\/td><\/tr><tr><td>Destinatarios<\/td><td>Los datos no ser\u00e1n comunicados a terceros, salvo que lo exija una ley o sea necesario para cumplir con la finalidad del tratamiento.<\/td><\/tr><tr><td>Derechos de las personas<\/td><td>Los interesados tienen derecho a ejercer los derechos de acceso, rectificaci\u00f3n, limitaci\u00f3n de tratamiento, supresi\u00f3n, portabilidad y oposici\u00f3n, enviando su solicitud a nuestra direcci\u00f3n.<\/td><\/tr><tr><td>Plazo de conservaci\u00f3n de los datos<\/td><td>Mientras se mantenga la relaci\u00f3n comercial o durante los a\u00f1os necesarios para cumplir con sus obligaciones legales.<\/td><\/tr><tr><td>Reclamaci\u00f3n<\/td><td>Los interesados pueden dirigirse a la AEPD para presentar la reclamaci\u00f3n que considere oportuna.<\/td><\/tr><tr><td>Informaci\u00f3n adicional<\/td><td>Puede consultar la informaci\u00f3n adicional y detallada a continuaci\u00f3n en las \u201cCuestiones sobre privacidad\u201d.<\/td><\/tr><\/tbody><\/table><\/figure>\n\n\n\n<p>Cuestiones sobre privacidad<\/p>\n\n\n\n<p>En cumplimiento del Reglamento (UE) 2016\/679 del Parlamento Europeo y del Consejo, de 27 de abril de 2016, (RGPD) y la Ley Org\u00e1nica 3\/2018, de 5 de diciembre, de Protecci\u00f3n de Datos Personales y garant\u00eda de los derechos digitales (LOPDGDD), le ofrecemos la siguiente informaci\u00f3n sobre el tratamiento de sus<\/p>\n\n\n\n<p>\u00bfQui\u00e9n es el responsable del tratamiento de sus datos?<\/p>\n\n\n\n<p>EL TITULAR.<br>Nuestros datos figuran en el<a href=\"https:\/\/turismelesplanes.cat\/es\/ca\/aviso-legal\/\">aviso legal<\/a> de esta web.<\/p>\n\n\n\n<p>\u00bfCon qu\u00e9 finalidad tratamos sus datos personales?<\/p>\n\n\n\n<ul class=\"wp-block-list\"><li>Tratamos la informaci\u00f3n que se nos facilita para prestar y facturar nuestros servicios y productos.<\/li><li>Si nos da su consentimiento, tambi\u00e9n podremos tratar sus datos para enviarle informaci\u00f3n sobre nuestras actividades, servicios y productos.<\/li><li>Si participa en alguno de nuestros sorteos y\/o concursos publicaremos su nombre y apellidos, y su imagen, en los diferentes espacios y medios de comunicaci\u00f3n y difusi\u00f3n que utilizamos, incluidas las redes sociales, con el fin de promocionar nuestras actividades, servicios y productos.<\/li><\/ul>\n\n\n\n<p>\u00bfDurante cu\u00e1nto tiempo conservaremos sus datos?<\/p>\n\n\n\n<p>Los datos personales proporcionados se conservar\u00e1n mientras sea usuario de nuestros servicios o quiera recibir informaci\u00f3n, y si participa en una promoci\u00f3n mientras \u00e9sta est\u00e9 activa, y despu\u00e9s, durante los plazos establecidos para cumplir con nuestras obligaciones legales.<\/p>\n\n\n\n<p>\u00bfCu\u00e1l es la legitimaci\u00f3n para el tratamiento de sus datos?<\/p>\n\n\n\n<p>La base legal para los tratamientos de sus datos son los consentimientos que nos proporciona.<\/p>\n\n\n\n<p>Respecto a la informaci\u00f3n que nos sea remitida por menores de 16 a\u00f1os, se entender\u00e1 que lo ha sido con el consentimiento de sus representantes legales. Si no es as\u00ed, el representante legal del menor debe comunicarlo tan pronto como tenga conocimiento.<\/p>\n\n\n\n<p>\u00bfA qu\u00e9 destinatarios se comunicar\u00e1n sus datos?<\/p>\n\n\n\n<p>Los datos no ser\u00e1n comunicados a terceros, salvo que lo exija una ley o sea necesario para cumplir con la finalidad del tratamiento.<\/p>\n\n\n\n<p>\u00bfCu\u00e1les son sus derechos cuando nos facilita sus datos?<\/p>\n\n\n\n<ul class=\"wp-block-list\"><li>Cualquier persona tiene derecho a obtener confirmaci\u00f3n sobre si estamos tratando o no sus datos personales.<\/li><li>Las personas interesadas tienen derecho a acceder a sus datos personales, as\u00ed como a solicitar la rectificaci\u00f3n de los datos inexactos o, en su caso, solicitar su supresi\u00f3n cuando, entre otros motivos, los datos ya no sean necesarios para los fines para los que se recogieron.<\/li><li>En determinadas circunstancias los interesados podr\u00e1n solicitar la limitaci\u00f3n del tratamiento de sus datos, en cuyo caso \u00fanicamente los conservaremos para el ejercicio o la defensa de reclamaciones.<\/li><li>Tambi\u00e9n, en determinadas circunstancias y por motivos relacionados con su situaci\u00f3n particular, los interesados pueden oponerse al tratamiento de sus datos. En este caso dejaremos de tratarlas, salvo por motivos leg\u00edtimos imperiosos o para el ejercicio o defensa de posibles reclamaciones.<\/li><li>Los interesados tambi\u00e9n tendr\u00e1n derecho a la portabilidad de sus datos.<\/li><li>Por \u00faltimo, los interesados tienen derecho a presentar una reclamaci\u00f3n ante la Autoridad de Control competente.<\/li><\/ul>\n\n\n\n<p>\u00bfC\u00f3mo puede ejercer sus derechos?<\/p>\n\n\n\n<p>Envi\u00e1ndonos un escrito adjuntando una copia de un documento que lo identifique, en nuestra direcci\u00f3n f\u00edsica o en la electr\u00f3nica.<\/p>\n\n\n\n<p>\u00bfC\u00f3mo hemos obtenido sus datos?<\/p>\n\n\n\n<p>Los datos personales que tratamos proceden del propio interesado, quien garantiza que los datos personales facilitados son ciertos y se hace responsable de comunicar cualquier modificaci\u00f3n. Los datos que est\u00e9n marcados con un asterisco son obligatorios para poder darle el servicio solicitado.<\/p>\n\n\n\n<p>\u00bfQu\u00e9 datos tratamos?<\/p>\n\n\n\n<p>Las categor\u00edas de datos que podemos tratar son:<\/p>\n\n\n\n<ul class=\"wp-block-list\"><li>Datos de car\u00e1cter identificativo.<\/li><li>Direcciones postales o electr\u00f3nicas.<\/li><li>Otros datos solicitados en nuestros formularios.<\/li><\/ul>\n\n\n\n<p>Los datos son limitados, dado que \u00fanicamente tratamos los datos necesarios para la prestaci\u00f3n de nuestros servicios y la gesti\u00f3n de nuestra actividad.<\/p>\n\n\n\n<p>\u00bfUtilizamos cookies?<\/p>\n\n\n\n<p>Utilizamos cookies durante la navegaci\u00f3n en nuestra web con el consentimiento informado del usuario. El usuario puede configurar su navegador para que le avise de la utilizaci\u00f3n de cookies y para evitar su uso. Para obtener m\u00e1s informaci\u00f3n visite nuestra <a href=\"https:\/\/turismelesplanes.cat\/es\/ca\/politica-de-cookies\/\">pol\u00edtica de cookies<\/a>.<\/p>\n\n\n\n<p>\u00bfQu\u00e9 medidas de seguridad aplicamos?<\/p>\n\n\n\n<p>Aplicamos las medidas de seguridad establecidas en el art\u00edculo 32 del RGPD, por tanto hemos adoptado las medidas de seguridad necesarias para garantizar un nivel de seguridad adecuado al riesgo del tratamiento de datos que realizamos, con mecanismos que nos permitan garantizar la confidencialidad, integridad, disponibilidad y resiliencia permanente de los sistemas y servicios de tratamiento.<\/p>\n\n\n\n<p>Algunas de estas medidas son:<\/p>\n\n\n\n<ul class=\"wp-block-list\"><li>Informaci\u00f3n de las pol\u00edticas de tratamiento de datos al personal.<\/li><li>Realizaci\u00f3n de copias de seguridad peri\u00f3dicas.<\/li><li>Control de acceso a los datos.<\/li><li>Procesos de verificaci\u00f3n, evaluaci\u00f3n y valoraci\u00f3n regulares.<\/li><\/ul>\n\n<\/div><\/div>","protected":false},"excerpt":{"rendered":"<p>EL TITULAR es compromet a protegir la privacitat dels usuaris que accedeixin a aquest web i\/o qualsevol dels seus serveis. La utilitzaci\u00f3 del web i\/o de qualsevol dels serveis oferts per EL TITULAR, implica l&#8217;acceptaci\u00f3 per part de l&#8221;usuari de les disposicions contingudes en la present Pol\u00edtica de Privacitat i que les seves dades personals &#8230; <a title=\"Pol\u00edtica de privacidad\" class=\"read-more\" href=\"https:\/\/turismelesplanes.cat\/es\/politica-de-privacidad\/\" aria-label=\"Leer m\u00e1s sobre Pol\u00edtica de privacitat\">Leer m\u00e1s<\/a><\/p>","protected":false},"author":1,"featured_media":260,"parent":0,"menu_order":0,"comment_status":"closed","ping_status":"closed","template":"","meta":{"_acf_changed":false,"inline_featured_image":false,"footnotes":""},"class_list":["post-130","page","type-page","status-publish","has-post-thumbnail"],"acf":[],"_links":{"self":[{"href":"https:\/\/turismelesplanes.cat\/es\/wp-json\/wp\/v2\/pages\/130","targetHints":{"allow":["GET"]}}],"collection":[{"href":"https:\/\/turismelesplanes.cat\/es\/wp-json\/wp\/v2\/pages"}],"about":[{"href":"https:\/\/turismelesplanes.cat\/es\/wp-json\/wp\/v2\/types\/page"}],"author":[{"embeddable":true,"href":"https:\/\/turismelesplanes.cat\/es\/wp-json\/wp\/v2\/users\/1"}],"replies":[{"embeddable":true,"href":"https:\/\/turismelesplanes.cat\/es\/wp-json\/wp\/v2\/comments?post=130"}],"version-history":[{"count":3,"href":"https:\/\/turismelesplanes.cat\/es\/wp-json\/wp\/v2\/pages\/130\/revisions"}],"predecessor-version":[{"id":1274,"href":"https:\/\/turismelesplanes.cat\/es\/wp-json\/wp\/v2\/pages\/130\/revisions\/1274"}],"wp:featuredmedia":[{"embeddable":true,"href":"https:\/\/turismelesplanes.cat\/es\/wp-json\/wp\/v2\/media\/260"}],"wp:attachment":[{"href":"https:\/\/turismelesplanes.cat\/es\/wp-json\/wp\/v2\/media?parent=130"}],"curies":[{"name":"wp","href":"https:\/\/api.w.org\/{rel}","templated":true}]}}