{"id":135,"date":"2021-02-23T10:49:17","date_gmt":"2021-02-23T10:49:17","guid":{"rendered":"https:\/\/turisme.tandem.ws\/?page_id=135"},"modified":"2021-06-16T06:27:08","modified_gmt":"2021-06-16T06:27:08","slug":"aviso-legal","status":"publish","type":"page","link":"https:\/\/turismelesplanes.cat\/es\/aviso-legal\/","title":{"rendered":"Aviso legal"},"content":{"rendered":"<div class=\"gb-container gb-container-12f72f2a\"><div class=\"gb-inside-container\">\n\n<p>De conformidad con la Ley 34\/2002, de Servicios de la Sociedad de la Informaci\u00f3n y de Comercio Electr\u00f3nico, le informamos que esta web es titularidad de Ayuntamiento de las Planes de Hostoles, (en adelante \u201cEL TITULAR\u201d), con CIF P1714200A, domicilio en c. Reverendo Ramon Costa, 1 de Las Planes de Hostoles (17172); tel\u00e9fono 972 44 80 06.<\/p>\n\n\n\n<p>PROPIEDAD INTELECTUAL E INDUSTRIAL<\/p>\n\n\n\n<p>Los contenidos de este sitio, incluyendo los textos, im\u00e1genes y dise\u00f1os gr\u00e1ficos, pertenecen a EL TITULAR, oa terceros que han autorizado su uso. EL TITULAR presenta estos contenidos con fines de informaci\u00f3n y promoci\u00f3n. EL TITULAR autoriza su utilizaci\u00f3n exclusivamente con estas finalidades. Cualquier utilizaci\u00f3n de estos dise\u00f1os, im\u00e1genes o textos deber\u00e1 citar expresamente su pertenencia a EL TITULAR, quien se reserva el derecho a iniciar las acciones legales oportunas para reparar los da\u00f1os y perjuicios causados por cualquier acto que vulnere sus derechos de propiedad intelectual o industrial.<\/p>\n\n\n\n<p>EXCLUSI\u00d3N DE RESPONSABILIDAD<\/p>\n\n\n\n<p>EL TITULAR act\u00faa con la m\u00e1xima diligencia posible para que los datos y la informaci\u00f3n que ofrece en su sitio web est\u00e9 actualizado en todo momento, si bien no garantiza ni se hace responsable de la exactitud y actualizaci\u00f3n de los contenidos del sitio web, reserv\u00e1ndose el derecho a modificar estos contenidos en cualquier momento. EL TITULAR tampoco ser\u00e1 responsable de la informaci\u00f3n que puede obtenerse a trav\u00e9s de enlaces incluidos en el sitio web.<\/p>\n\n\n\n<p>Las relaciones comerciales con los clientes se regir\u00e1n por las condiciones generales que, en su caso, se establezcan por EL TITULAR en un documento espec\u00edfico al efecto, o por los pactos concretos que puedan acordarse con los clientes.<\/p>\n\n\n\n<p>CONDICIONES DE USO<\/p>\n\n\n\n<p>El uso de este sitio web implica la aceptaci\u00f3n plena de los t\u00e9rminos del presente aviso legal. Los posibles conflictos relativos a este sitio web se regir\u00e1n exclusivamente por el derecho del Estado Espa\u00f1ol. Toda persona usuaria de la web, independientemente de la jurisdicci\u00f3n territorial desde la que se produzca su acceso, acepta el cumplimiento y respeto de estas cl\u00e1usulas con renuncia expresa a cualquier otro fuero que pudiera corresponderle.<\/p>\n\n<\/div><\/div>\n\n\n<p><\/p>","protected":false},"excerpt":{"rendered":"<p>De conformitat amb la Llei 34\/2002, de Serveis de la Societat de la Informaci\u00f3 i de Comer\u00e7 Electr\u00f2nic, l&#8217;informem que aquest web \u00e9s titularitat de Ajuntament de les Planes d&#8217;Hostoles, (en endavant \u201cEL TITULAR\u201d), amb CIF P1714200A, domicili a c. Reverend Ramon Costa, 1 de Les Planes d&#8217;Hostoles (17172); tel\u00e8fon 972 44 80 06. PROPIETAT &#8230; <a title=\"Aviso legal\" class=\"read-more\" href=\"https:\/\/turismelesplanes.cat\/es\/aviso-legal\/\" aria-label=\"Leer m\u00e1s sobre Av\u00eds legal\">Leer m\u00e1s<\/a><\/p>","protected":false},"author":1,"featured_media":260,"parent":0,"menu_order":0,"comment_status":"closed","ping_status":"closed","template":"","meta":{"_acf_changed":false,"inline_featured_image":false,"footnotes":""},"class_list":["post-135","page","type-page","status-publish","has-post-thumbnail"],"acf":[],"_links":{"self":[{"href":"https:\/\/turismelesplanes.cat\/es\/wp-json\/wp\/v2\/pages\/135","targetHints":{"allow":["GET"]}}],"collection":[{"href":"https:\/\/turismelesplanes.cat\/es\/wp-json\/wp\/v2\/pages"}],"about":[{"href":"https:\/\/turismelesplanes.cat\/es\/wp-json\/wp\/v2\/types\/page"}],"author":[{"embeddable":true,"href":"https:\/\/turismelesplanes.cat\/es\/wp-json\/wp\/v2\/users\/1"}],"replies":[{"embeddable":true,"href":"https:\/\/turismelesplanes.cat\/es\/wp-json\/wp\/v2\/comments?post=135"}],"version-history":[{"count":3,"href":"https:\/\/turismelesplanes.cat\/es\/wp-json\/wp\/v2\/pages\/135\/revisions"}],"predecessor-version":[{"id":1278,"href":"https:\/\/turismelesplanes.cat\/es\/wp-json\/wp\/v2\/pages\/135\/revisions\/1278"}],"wp:featuredmedia":[{"embeddable":true,"href":"https:\/\/turismelesplanes.cat\/es\/wp-json\/wp\/v2\/media\/260"}],"wp:attachment":[{"href":"https:\/\/turismelesplanes.cat\/es\/wp-json\/wp\/v2\/media?parent=135"}],"curies":[{"name":"wp","href":"https:\/\/api.w.org\/{rel}","templated":true}]}}