{"id":137,"date":"2021-02-23T10:49:57","date_gmt":"2021-02-23T10:49:57","guid":{"rendered":"https:\/\/turisme.tandem.ws\/?page_id=137"},"modified":"2021-06-16T08:29:42","modified_gmt":"2021-06-16T08:29:42","slug":"politica-de-cookies","status":"publish","type":"page","link":"https:\/\/turismelesplanes.cat\/es\/politica-de-cookies\/","title":{"rendered":"Pol\u00edtica de cookies"},"content":{"rendered":"<div class=\"gb-container gb-container-3b87090b\"><div class=\"gb-inside-container\">\n\n<p>Nuestro sitio web turismelesplanes.cat utiliza una tecnolog\u00eda llamada &#039;cookie&#039;, con el fin de poder obtener informaci\u00f3n sobre el uso del sitio web, mejorar la experiencia del usuario y garantizar su correcto funcionamiento.<\/p>\n\n\n\n<p>Definici\u00f3n de Cookie<\/p>\n\n\n\n<p>Una &#039;cookie&#039; es un peque\u00f1o fragmento de texto que los sitios web env\u00edan al navegador y que se almacenan en el terminal del usuario, (ordenador o dispositivo m\u00f3vil). Estos archivos tienen la finalidad de almacenar datos que podr\u00e1n ser actualizados y recuperados por la entidad responsable de su instalaci\u00f3n. As\u00ed, cada vez que el usuario vuelve a visitar el mismo sitio web, el explorador recupera el archivo y lo env\u00eda al servidor del sitio web. Las cookies tienen diversas funciones entre las que se incluyen, la de recoger informaci\u00f3n sobre las preferencias del usuario y recordarla, y en general, facilitar el uso del sitio web al usuario haciendo que el sitio sea m\u00e1s \u00fatil al personalizar su contenido.<\/p>\n\n\n\n<p>Las cookies se pueden clasificar en base a distintos par\u00e1metros:<\/p>\n\n\n\n<ol class=\"wp-block-list\"><li>Titularidad: cookies propias y cookies de terceros: dependiendo de cu\u00e1l sea la entidad que gestione el dominio desde donde se env\u00edan las cookies y se traten los datos que se obtengan.<\/li><li>Duraci\u00f3n: cookies de sesi\u00f3n y cookies persistentes: de acuerdo con el plazo de tiempo que permanecen almacenadas en el terminal del usuario.<\/li><li>Finalidad: cookies t\u00e9cnicas, cookies de personalizaci\u00f3n, cookies de an\u00e1lisis, cookies publicitarias, cookies de publicidad comportamental: de acuerdo con la finalidad para la que se traten los datos obtenidos.<ul class=\"\"><li>Cookies t\u00e9cnicas: son aqu\u00e9llas que permiten al usuario la navegaci\u00f3n a trav\u00e9s de la p\u00e1gina web o aplicaci\u00f3n y la utilizaci\u00f3n de las diferentes opciones o servicios que en ella existen. Por ejemplo, controlar el tr\u00e1fico y la comunicaci\u00f3n de datos, identificar la sesi\u00f3n o acceder a las partes web de acceso restringido.<\/li><li>Cookies de personalizaci\u00f3n: son aquellas que permiten al usuario acceder al servicio con algunas caracter\u00edsticas de car\u00e1cter general predefinidas en su terminal o que el propio usuario defina. Por ejemplo, el idioma , el tipo de navegador a trav\u00e9s del cual accede al servicio o dise\u00f1o de contenidos seleccionado.<\/li><li>Cookies de an\u00e1lisis: son aquellas que o bien tratadas por nosotros o por terceros, nos permiten cuantificar el n\u00famero de usuarios y as\u00ed realizar el an\u00e1lisis estad\u00edstico de la utilizaci\u00f3n que realizan los usuarios del servicio ofrecido. Por eso se analiza su navegaci\u00f3n en nuestra p\u00e1gina web para mejorar la oferta de productos o servicios que le ofrecemos.<\/li><li>Cookies publicitarias: son aquellas que permiten la gesti\u00f3n, de la forma m\u00e1s eficaz posible, de los espacios publicitarios que, en su caso, el editor haya incluido en una p\u00e1gina web, aplicaci\u00f3n o plataforma desde la que presta el servicio solicitado sobre la misma base de criterios como el contenido editado o la frecuencia en la que se muestran los anuncios.<\/li><li>Cookies de publicidad comportamental: son aquellas que permiten la gesti\u00f3n, de la forma m\u00e1s eficaz posible, de los espacios publicitarios que, en su caso, el editor haya incluido en una p\u00e1gina web, aplicaci\u00f3n o plataforma desde la que presta el servicio solicitado . Estas cookies almacenan informaci\u00f3n del comportamiento de los usuarios obtenida a trav\u00e9s de la observaci\u00f3n continua de sus h\u00e1bitos de navegaci\u00f3n, lo que permite desarrollar un perfil espec\u00edfico para mostrar publicidad en funci\u00f3n del mismo.<\/li><\/ul><\/li><\/ol>\n\n\n\n<p>Cookies utilizadas en nuestro sitio web<\/p>\n\n\n\n<p>Nuestro sitio web utiliza tanto cookies propias, que son las enviadas a su dispositivo y gestionadas exclusivamente por nosotros para el mejor funcionamiento del sitio web, como cookies de terceros, con la funci\u00f3n de servirnos como herramienta de an\u00e1lisis de la interacci\u00f3n de los usuarios con nuestra web, gracias a ellas obtenemos una informaci\u00f3n que puede ayudarnos a mejorar la navegaci\u00f3n y dar un mejor servicio a los usuarios.<\/p>\n\n\n\n<p>Nuestro sitio web utiliza tanto cookies temporales de sesi\u00f3n como cookies persistentes. Las cookies de sesi\u00f3n almacenan datos \u00fanicamente mientras el usuario accede a la web y las cookies persistentes almacenan los datos en el terminal para que sean accedidas y utilizadas en m\u00e1s de una sesi\u00f3n.<\/p>\n\n\n\n<p>Concretamente las cookies que utilizadas en nuestro sitio web son:<\/p>\n\n\n\n<p>Cookies propias<\/p>\n\n\n\n<p>Las cookies propias que utilizamos en nuestro sitio web son de car\u00e1cter t\u00e9cnico, fundamentales para el funcionamiento de la web.<\/p>\n\n\n\n<p>Cookies de terceros:<\/p>\n\n\n\n<p>Para obtener m\u00e1s informaci\u00f3n sobre las cookies y\/o para su desactivaci\u00f3n puede pulsar sobre los enlaces que hay en el nombre de los diferentes titulares.<\/p>\n\n\n\n<p>Por \u00faltimo, tambi\u00e9n se utilizan cookies de complemento (plug-in) para intercambiar contenidos sociales.<\/p>\n\n\n\n<p>Consentimiento<\/p>\n\n\n\n<p>Al navegar y continuar en nuestro sitio web el usuario estar\u00e1 consintiendo el uso de las cookies antes enunciadas, por los plazos se\u00f1alados y en las condiciones contenidas en la presente Pol\u00edtica de Cookies.<\/p>\n\n\n\n<p>Asimismo, le informamos que si usted consulta contenidos de nuestra web alojados en webs de terceros, \u00e9stos tienen su propia pol\u00edtica de cookies.<\/p>\n\n\n\n<p>Retirada del consentimiento<\/p>\n\n\n\n<p>El usuario podr\u00e1 retirar en cualquier momento su consentimiento relacionado con esta Pol\u00edtica de Cookies, por lo que deber\u00e1 eliminar las cookies almacenadas en su equipo utilizando los ajustes y configuraciones de su navegador de Internet.<\/p>\n\n\n\n<p>Modificaci\u00f3n de la configuraci\u00f3n de las cookies<\/p>\n\n\n\n<p>El usuario puede restringir, bloquear o borrar las cookies de cualquier sitio web, utilizando su navegador. En cada navegador la operativa es diferente, por lo que puede consultar en los siguientes enlaces la forma de hacerlo<\/p>\n\n\n\n<ul class=\"wp-block-list\"><li><strong>Internet Explorer:<\/strong> <a target=\"_blank\" href=\"https:\/\/support.microsoft.com\/es-es\/help\/17442\/windows-internet-explorer-delete-manage-cookies#ie=ie-11\" rel=\"noreferrer noopener\">https:\/\/support.microsoft.com\/es-es\/help\/17442\/windows-internet-explorer-delete-manage-cookies#ie=ie-11<\/a><\/li><li><strong>Edge:<\/strong> <a target=\"_blank\" href=\"https:\/\/support.microsoft.com\/es-es\/help\/4468242\/microsoft-edge-browsing-data-and-privacy-microsoft-privacy\" rel=\"noreferrer noopener\">https:\/\/support.microsoft.com\/es-es\/help\/4468242\/microsoft-edge-browsing-data-and-privacy-microsoft-privacy<\/a><\/li><li><strong>FireFox:<\/strong> <a target=\"_blank\" href=\"https:\/\/support.mozilla.org\/es\/kb\/clear-cookies-and-site-data-firefox\" rel=\"noreferrer noopener\">https:\/\/support.mozilla.org\/es\/kb\/clear-cookies-and-site-data-firefox<\/a><\/li><li><strong>Chrome:<\/strong> <a target=\"_blank\" href=\"https:\/\/support.google.com\/chrome\/answer\/95647?hl=ca\" rel=\"noreferrer noopener\">https:\/\/support.google.com\/chrome\/answer\/95647?hl=ca<\/a><\/li><li><strong>Safari (mac):<\/strong> <a target=\"_blank\" href=\"https:\/\/support.apple.com\/es-es\/guide\/safari\/manage-cookies-and-website-data-sfri11471\/mac\" rel=\"noreferrer noopener\">https:\/\/support.apple.com\/es-es\/guide\/safari\/manage-cookies-and-website-data-sfri11471\/mac<\/a><\/li><li><strong>Safari (iPhone\/iPad):<\/strong> <a target=\"_blank\" href=\"https:\/\/support.apple.com\/es-es\/HT201265\" rel=\"noreferrer noopener\">https:\/\/support.apple.com\/es-es\/HT201265<\/a><\/li><li><strong>Opera:<\/strong> <a target=\"_blank\" href=\"https:\/\/help.opera.com\/en\/latest\/web-preferences\/#cookies\" rel=\"noreferrer noopener\">https:\/\/help.opera.com\/en\/latest\/web-preferences\/#cookies<\/a><\/li><\/ul>\n\n\n\n<p>Para obtener m\u00e1s informaci\u00f3n sobre la eliminaci\u00f3n, deshabilitaci\u00f3n o bloqueo de las cookies tambi\u00e9n puede visitar:<br><a target=\"_blank\" href=\"http:\/\/www.aboutcookies.org\/Default.aspx?page=2\" rel=\"noreferrer noopener\">http:\/\/www.aboutcookies.org\/Default.aspx?page=2<\/a><\/p>\n\n\n\n<p>Actualizaci\u00f3n de la pol\u00edtica de cookies<\/p>\n\n\n\n<p>Este sitio web puede modificar esta Pol\u00edtica sobre Cookies, por eso le recomendamos revisar esta pol\u00edtica cada vez que acceda a nuestro sitio web para estar adecuadamente informado sobre el uso que hacemos de las cookies.<\/p>\n\n\n\n<p>\u00daltima actualizaci\u00f3n: 30\/10\/2020.<\/p>\n\n<\/div><\/div>","protected":false},"excerpt":{"rendered":"<p>El nostre lloc web turismelesplanes.cat utilitza una tecnologia anomenada &#8216;cookie&#8217;, amb la finalitat de poder obtenir informaci\u00f3 sobre l&#8217;\u00fas del lloc web, millorar l&#8217;experi\u00e8ncia de l&#8217;usuari i garantir el seu correcte funcionament. Definici\u00f3 de Cookie Una &#8216;cookie&#8217; \u00e9s un petit fragment de text que els llocs web envien al navegador i que s&#8217;emmagatzemen en el &#8230; <a title=\"Pol\u00edtica de cookies\" class=\"read-more\" href=\"https:\/\/turismelesplanes.cat\/es\/politica-de-cookies\/\" aria-label=\"Leer m\u00e1s sobre Pol\u00edtica de cookies\">Leer m\u00e1s<\/a><\/p>","protected":false},"author":1,"featured_media":260,"parent":0,"menu_order":0,"comment_status":"closed","ping_status":"closed","template":"","meta":{"_acf_changed":false,"inline_featured_image":false,"footnotes":""},"class_list":["post-137","page","type-page","status-publish","has-post-thumbnail"],"acf":[],"_links":{"self":[{"href":"https:\/\/turismelesplanes.cat\/es\/wp-json\/wp\/v2\/pages\/137","targetHints":{"allow":["GET"]}}],"collection":[{"href":"https:\/\/turismelesplanes.cat\/es\/wp-json\/wp\/v2\/pages"}],"about":[{"href":"https:\/\/turismelesplanes.cat\/es\/wp-json\/wp\/v2\/types\/page"}],"author":[{"embeddable":true,"href":"https:\/\/turismelesplanes.cat\/es\/wp-json\/wp\/v2\/users\/1"}],"replies":[{"embeddable":true,"href":"https:\/\/turismelesplanes.cat\/es\/wp-json\/wp\/v2\/comments?post=137"}],"version-history":[{"count":4,"href":"https:\/\/turismelesplanes.cat\/es\/wp-json\/wp\/v2\/pages\/137\/revisions"}],"predecessor-version":[{"id":1286,"href":"https:\/\/turismelesplanes.cat\/es\/wp-json\/wp\/v2\/pages\/137\/revisions\/1286"}],"wp:featuredmedia":[{"embeddable":true,"href":"https:\/\/turismelesplanes.cat\/es\/wp-json\/wp\/v2\/media\/260"}],"wp:attachment":[{"href":"https:\/\/turismelesplanes.cat\/es\/wp-json\/wp\/v2\/media?parent=137"}],"curies":[{"name":"wp","href":"https:\/\/api.w.org\/{rel}","templated":true}]}}