{"id":1473,"date":"2021-07-16T08:48:09","date_gmt":"2021-07-16T08:48:09","guid":{"rendered":"https:\/\/turismelesplanes.cat\/?page_id=1473"},"modified":"2023-05-11T15:49:48","modified_gmt":"2023-05-11T15:49:48","slug":"valle-ter-brugent","status":"publish","type":"page","link":"https:\/\/turismelesplanes.cat\/es\/valle-ter-brugent\/","title":{"rendered":"Vall Ter-Brugent"},"content":{"rendered":"<div class=\"gb-container gb-container-25fa8c8b\"><div class=\"gb-inside-container\">\n<div class=\"gb-grid-wrapper gb-grid-wrapper-354631ea\">\n<div class=\"gb-grid-column gb-grid-column-34497592\"><div class=\"gb-container gb-container-34497592\"><div class=\"gb-inside-container\">\n\n<h3 class=\"gb-headline gb-headline-3512e419 gb-headline-text\"><strong>Un valle<\/strong><\/h3>\n\n\n\n<p>El r\u00edo Ter dibuja de forma natural el paisaje y las relaciones entre las poblaciones que lo bordean. Por esta raz\u00f3n, las fronteras administrativas comarcales entre la Selva, la Garrotxa y el Giron\u00e8s no han trascendido en la cotidianidad de estos pueblos<\/p>\n\n<\/div><\/div><\/div>\n\n<div class=\"gb-grid-column gb-grid-column-2cac307f\"><div class=\"gb-container gb-container-2cac307f\"><div class=\"gb-inside-container\">\n<div class=\"wp-block-image\">\n<figure class=\"aligncenter size-full\"><img loading=\"lazy\" decoding=\"async\" width=\"1024\" height=\"768\" src=\"https:\/\/turismelesplanes.cat\/wp-content\/uploads\/2021\/07\/vall.jpg\" alt=\"\" class=\"wp-image-1484\" srcset=\"https:\/\/turismelesplanes.cat\/wp-content\/uploads\/2021\/07\/vall.jpg 1024w, https:\/\/turismelesplanes.cat\/wp-content\/uploads\/2021\/07\/vall-300x225.jpg 300w, https:\/\/turismelesplanes.cat\/wp-content\/uploads\/2021\/07\/vall-768x576.jpg 768w\" sizes=\"auto, (max-width: 1024px) 100vw, 1024px\" \/><figcaption>Vista del Valle<\/figcaption><\/figure><\/div>\n<\/div><\/div><\/div>\n<\/div>\n\n\n<hr class=\"wp-block-separator has-css-opacity\"\/>\n\n\n<div class=\"gb-grid-wrapper gb-grid-wrapper-068eabdb\">\n<div class=\"gb-grid-column gb-grid-column-12b688a7\"><div class=\"gb-container gb-container-12b688a7\"><div class=\"gb-inside-container\">\n<div class=\"wp-block-image\">\n<figure class=\"aligncenter size-full\"><img loading=\"lazy\" decoding=\"async\" width=\"2560\" height=\"1920\" src=\"https:\/\/turismelesplanes.cat\/wp-content\/uploads\/2021\/07\/Vista_Amer.jpg\" alt=\"\" class=\"wp-image-1486\" srcset=\"https:\/\/turismelesplanes.cat\/wp-content\/uploads\/2021\/07\/Vista_Amer.jpg 2560w, https:\/\/turismelesplanes.cat\/wp-content\/uploads\/2021\/07\/Vista_Amer-300x225.jpg 300w, https:\/\/turismelesplanes.cat\/wp-content\/uploads\/2021\/07\/Vista_Amer-1024x768.jpg 1024w, https:\/\/turismelesplanes.cat\/wp-content\/uploads\/2021\/07\/Vista_Amer-768x576.jpg 768w, https:\/\/turismelesplanes.cat\/wp-content\/uploads\/2021\/07\/Vista_Amer-1536x1152.jpg 1536w, https:\/\/turismelesplanes.cat\/wp-content\/uploads\/2021\/07\/Vista_Amer-2048x1536.jpg 2048w\" sizes=\"auto, (max-width: 2560px) 100vw, 2560px\" \/><figcaption>El n\u00facleo de Amer<\/figcaption><\/figure><\/div>\n<\/div><\/div><\/div>\n\n<div class=\"gb-grid-column gb-grid-column-8082c9e5\"><div class=\"gb-container gb-container-8082c9e5\"><div class=\"gb-inside-container\">\n\n<h3 class=\"wp-block-heading\"><strong>AMER<\/strong>, <strong>entre riscos y monta\u00f1as<\/strong><\/h3>\n\n\n\n<p>En Amer, en la monta\u00f1a de Santa Br\u00edgida, se puede practicar parapente o escalada. Hay varias rutas por las monta\u00f1as del municipio, como la ruta de las Ermitas, la vuelta al monte o bordeando el r\u00edo Brugent desde el Pantano del Pasteral hasta la desembocadura del r\u00edo Ter.<\/p>\n\n\n<div class=\"gb-button-wrapper gb-button-wrapper-cae948f9\">\n\n<a class=\"gb-button gb-button-fa3f38f4 gb-button-text\" href=\"https:\/\/valldamer.cat\/descobreix\/\" target=\"_blank\" rel=\"noopener noreferrer\">Rutas por Amer<\/a>\n\n<\/div>\n<\/div><\/div><\/div>\n<\/div>\n\n\n<hr class=\"wp-block-separator has-css-opacity\"\/>\n\n\n<div class=\"gb-grid-wrapper gb-grid-wrapper-e413c07f\">\n<div class=\"gb-grid-column gb-grid-column-2ad970f0\"><div class=\"gb-container gb-container-2ad970f0\"><div class=\"gb-inside-container\">\n\n<h3 class=\"gb-headline gb-headline-65f03cb6 gb-headline-text\"><strong>La paz de los remensas<\/strong><\/h3>\n\n\n\n<p>La poblaci\u00f3n cuenta con una larga historia, y fue uno de los escenarios principales en el desenlace del conflicto de la revuelta remense en el s. XV. Las negociaciones entre Fernando el Cat\u00f3lico y los caudillos remenses se dieron en el monasterio de esta poblaci\u00f3n.<\/p>\n\n\n<div class=\"gb-button-wrapper gb-button-wrapper-062c0ccc\">\n\n<a class=\"gb-button gb-button-94e931ab gb-button-text\" href=\"https:\/\/valldamer.cat\/patrimoni-i-cultura\/\" target=\"_blank\" rel=\"noopener noreferrer\">Patrimonio Hist\u00f3rico<\/a>\n\n<\/div>\n<\/div><\/div><\/div>\n\n<div class=\"gb-grid-column gb-grid-column-d737a91e\"><div class=\"gb-container gb-container-d737a91e\"><div class=\"gb-inside-container\">\n<div class=\"wp-block-image\">\n<figure class=\"aligncenter size-full\"><img loading=\"lazy\" decoding=\"async\" width=\"1000\" height=\"600\" src=\"https:\/\/turismelesplanes.cat\/wp-content\/uploads\/2021\/07\/amer.jpg\" alt=\"\" class=\"wp-image-1485\" srcset=\"https:\/\/turismelesplanes.cat\/wp-content\/uploads\/2021\/07\/amer.jpg 1000w, https:\/\/turismelesplanes.cat\/wp-content\/uploads\/2021\/07\/amer-300x180.jpg 300w, https:\/\/turismelesplanes.cat\/wp-content\/uploads\/2021\/07\/amer-768x461.jpg 768w\" sizes=\"auto, (max-width: 1000px) 100vw, 1000px\" \/><figcaption>Santa B\u00edgida.<\/figcaption><\/figure><\/div>\n<\/div><\/div><\/div>\n<\/div>\n\n\n<hr class=\"wp-block-separator has-css-opacity\"\/>\n\n\n<div class=\"gb-grid-wrapper gb-grid-wrapper-6183e85b\">\n<div class=\"gb-grid-column gb-grid-column-8eb72841\"><div class=\"gb-container gb-container-8eb72841\"><div class=\"gb-inside-container\">\n<div class=\"wp-block-image\">\n<figure class=\"aligncenter size-full\"><img loading=\"lazy\" decoding=\"async\" width=\"2000\" height=\"1124\" src=\"https:\/\/turismelesplanes.cat\/wp-content\/uploads\/2021\/07\/cellera.jpg\" alt=\"\" class=\"wp-image-1487\" srcset=\"https:\/\/turismelesplanes.cat\/wp-content\/uploads\/2021\/07\/cellera.jpg 2000w, https:\/\/turismelesplanes.cat\/wp-content\/uploads\/2021\/07\/cellera-300x169.jpg 300w, https:\/\/turismelesplanes.cat\/wp-content\/uploads\/2021\/07\/cellera-1024x575.jpg 1024w, https:\/\/turismelesplanes.cat\/wp-content\/uploads\/2021\/07\/cellera-768x432.jpg 768w, https:\/\/turismelesplanes.cat\/wp-content\/uploads\/2021\/07\/cellera-1536x863.jpg 1536w\" sizes=\"auto, (max-width: 2000px) 100vw, 2000px\" \/><figcaption>El n\u00facleo de la Cellera<\/figcaption><\/figure><\/div>\n<\/div><\/div><\/div>\n\n<div class=\"gb-grid-column gb-grid-column-ccf8076a\"><div class=\"gb-container gb-container-ccf8076a\"><div class=\"gb-inside-container\">\n\n<h3 class=\"wp-block-heading\"><strong>LA CELLERA<\/strong>, <strong>rutas del agua<\/strong><\/h3>\n\n\n\n<p>En la Cellera encontraremos el \u00fanico dolmen que se conoce del valle, una zona de pesca abierta todo el a\u00f1o, y varias rutas como la del agua. La poblaci\u00f3n cuenta con un rico tejido asociativo que ameniza la vida cultural con actividades durante todo el a\u00f1o.<\/p>\n\n\n<div class=\"gb-button-wrapper gb-button-wrapper-256a2e17\">\n\n<a class=\"gb-button gb-button-12b365fe gb-button-text\" href=\"http:\/\/turismelacellera.com\/\" target=\"_blank\" rel=\"noopener noreferrer\">Turismo La bodega<\/a>\n\n<\/div>\n<\/div><\/div><\/div>\n<\/div>\n\n\n<hr class=\"wp-block-separator has-css-opacity\"\/>\n\n\n<div class=\"gb-grid-wrapper gb-grid-wrapper-7504db7e\">\n<div class=\"gb-grid-column gb-grid-column-2c87c133\"><div class=\"gb-container gb-container-2c87c133\"><div class=\"gb-inside-container\">\n\n<h3 class=\"gb-headline gb-headline-366e2435 gb-headline-text\"><strong>ANGL\u00c8S<\/strong>,<strong> la ventana del g\u00f3tico<\/strong><\/h3>\n\n\n\n<p>Esta poblaci\u00f3n cuenta con uno de los barrios g\u00f3ticos m\u00e1s antiguos e importantes de Catalu\u00f1a declarado Bien de Inter\u00e9s Nacional por la Generalidad de Catalu\u00f1a, al igual que la f\u00e1brica Bur\u00e9s, en la que se puede contemplar el funcionamiento de una m\u00e1quina de vapor. La pintora surrealista Remedios Varo naci\u00f3 en esta poblaci\u00f3n, donde su padre trabajaba como ingeniero de la Bur\u00e9s, y buena parte de su obra recoge algunos elementos del paisaje de Angl\u00e8s. Por el t\u00e9rmino municipal tambi\u00e9n hay se\u00f1alizadas varias rutas por las monta\u00f1as del entorno.<\/p>\n\n<\/div><\/div><\/div>\n\n<div class=\"gb-grid-column gb-grid-column-671e0a22\"><div class=\"gb-container gb-container-671e0a22\"><div class=\"gb-inside-container\">\n<div class=\"wp-block-image\">\n<figure class=\"aligncenter size-full\"><img loading=\"lazy\" decoding=\"async\" width=\"1001\" height=\"528\" src=\"https:\/\/turismelesplanes.cat\/wp-content\/uploads\/2021\/07\/angles.jpeg\" alt=\"\" class=\"wp-image-1488\" srcset=\"https:\/\/turismelesplanes.cat\/wp-content\/uploads\/2021\/07\/angles.jpeg 1001w, https:\/\/turismelesplanes.cat\/wp-content\/uploads\/2021\/07\/angles-300x158.jpeg 300w, https:\/\/turismelesplanes.cat\/wp-content\/uploads\/2021\/07\/angles-768x405.jpeg 768w\" sizes=\"auto, (max-width: 1001px) 100vw, 1001px\" \/><figcaption>El n\u00facleo de Ingl\u00e9s<\/figcaption><\/figure><\/div>\n<\/div><\/div><\/div>\n<\/div>\n<\/div><\/div>\n\n\n<p><\/p>","protected":false},"excerpt":{"rendered":"","protected":false},"author":1,"featured_media":385,"parent":0,"menu_order":0,"comment_status":"closed","ping_status":"closed","template":"","meta":{"_acf_changed":false,"inline_featured_image":false,"footnotes":""},"class_list":["post-1473","page","type-page","status-publish","has-post-thumbnail"],"acf":[],"_links":{"self":[{"href":"https:\/\/turismelesplanes.cat\/es\/wp-json\/wp\/v2\/pages\/1473","targetHints":{"allow":["GET"]}}],"collection":[{"href":"https:\/\/turismelesplanes.cat\/es\/wp-json\/wp\/v2\/pages"}],"about":[{"href":"https:\/\/turismelesplanes.cat\/es\/wp-json\/wp\/v2\/types\/page"}],"author":[{"embeddable":true,"href":"https:\/\/turismelesplanes.cat\/es\/wp-json\/wp\/v2\/users\/1"}],"replies":[{"embeddable":true,"href":"https:\/\/turismelesplanes.cat\/es\/wp-json\/wp\/v2\/comments?post=1473"}],"version-history":[{"count":14,"href":"https:\/\/turismelesplanes.cat\/es\/wp-json\/wp\/v2\/pages\/1473\/revisions"}],"predecessor-version":[{"id":2150,"href":"https:\/\/turismelesplanes.cat\/es\/wp-json\/wp\/v2\/pages\/1473\/revisions\/2150"}],"wp:featuredmedia":[{"embeddable":true,"href":"https:\/\/turismelesplanes.cat\/es\/wp-json\/wp\/v2\/media\/385"}],"wp:attachment":[{"href":"https:\/\/turismelesplanes.cat\/es\/wp-json\/wp\/v2\/media?parent=1473"}],"curies":[{"name":"wp","href":"https:\/\/api.w.org\/{rel}","templated":true}]}}