{"id":1475,"date":"2021-07-16T08:48:27","date_gmt":"2021-07-16T08:48:27","guid":{"rendered":"https:\/\/turismelesplanes.cat\/?page_id=1475"},"modified":"2021-07-19T10:13:03","modified_gmt":"2021-07-19T10:13:03","slug":"valle-de-chuleta","status":"publish","type":"page","link":"https:\/\/turismelesplanes.cat\/es\/valle-de-chuleta\/","title":{"rendered":"Vall de LL\u00e9mena"},"content":{"rendered":"<div class=\"gb-container gb-container-68e75049\"><div class=\"gb-inside-container\">\n<div class=\"gb-grid-wrapper gb-grid-wrapper-326078ad\">\n<div class=\"gb-grid-column gb-grid-column-aed9a341\"><div class=\"gb-container gb-container-aed9a341\"><div class=\"gb-inside-container\">\n\n<h3 class=\"gb-headline gb-headline-42b97c76 gb-headline-text\"><strong>A un paso<\/strong><\/h3>\n\n\n\n<p>Buena parte de la historia del valle de Hostoles se entiende cuando se la vincula al valle de Ll\u00e9mena. All\u00ed encontramos tambi\u00e9n castillos del linaje de los Cartell\u00e0, y la casa natal de Pere Joan Sala, uno de los destacados l\u00edderes de la revuelta remense. Aparte, en el valle de Ll\u00e9mena se pueden hacer excursiones a la naturaleza conociendo cuevas, riscos, ermitas y yacimientos arqueol\u00f3gicos.<\/p>\n\n\n<div class=\"gb-button-wrapper gb-button-wrapper-cbe25d52\">\n\n<a class=\"gb-button gb-button-3060bcc0 gb-button-text\" href=\"https:\/\/www.valldellemena.cat\/\" target=\"_blank\" rel=\"noopener noreferrer\">Vall de Ll\u00e9mana<\/a>\n\n<\/div>\n<\/div><\/div><\/div>\n\n<div class=\"gb-grid-column gb-grid-column-3f87819c\"><div class=\"gb-container gb-container-3f87819c\"><div class=\"gb-inside-container\">\n\n<div class=\"wp-block-image\"><figure class=\"aligncenter size-full\"><img loading=\"lazy\" decoding=\"async\" width=\"2560\" height=\"1922\" src=\"https:\/\/turismelesplanes.cat\/wp-content\/uploads\/2021\/07\/IMG_20210424_101011-1-scaled.jpg\" alt=\"\" class=\"wp-image-1478\" srcset=\"https:\/\/turismelesplanes.cat\/wp-content\/uploads\/2021\/07\/IMG_20210424_101011-1-scaled.jpg 2560w, https:\/\/turismelesplanes.cat\/wp-content\/uploads\/2021\/07\/IMG_20210424_101011-1-300x225.jpg 300w, https:\/\/turismelesplanes.cat\/wp-content\/uploads\/2021\/07\/IMG_20210424_101011-1-1024x769.jpg 1024w, https:\/\/turismelesplanes.cat\/wp-content\/uploads\/2021\/07\/IMG_20210424_101011-1-768x577.jpg 768w, https:\/\/turismelesplanes.cat\/wp-content\/uploads\/2021\/07\/IMG_20210424_101011-1-1536x1153.jpg 1536w, https:\/\/turismelesplanes.cat\/wp-content\/uploads\/2021\/07\/IMG_20210424_101011-1-2048x1538.jpg 2048w\" sizes=\"auto, (max-width: 2560px) 100vw, 2560px\" \/><figcaption>Valle de Ll\u00e9mena<\/figcaption><\/figure><\/div>\n\n<\/div><\/div><\/div>\n<\/div>\n\n\n<hr class=\"wp-block-separator\"\/>\n\n\n<div class=\"gb-grid-wrapper gb-grid-wrapper-22662ed9\">\n<div class=\"gb-grid-column gb-grid-column-7b3a1816\"><div class=\"gb-container gb-container-7b3a1816\"><div class=\"gb-inside-container\">\n\n<div class=\"wp-block-image\"><figure class=\"aligncenter size-full\"><img loading=\"lazy\" decoding=\"async\" width=\"1200\" height=\"600\" src=\"https:\/\/turismelesplanes.cat\/wp-content\/uploads\/2021\/07\/i-sant-aniol-finestres.jpg\" alt=\"\" class=\"wp-image-1479\" srcset=\"https:\/\/turismelesplanes.cat\/wp-content\/uploads\/2021\/07\/i-sant-aniol-finestres.jpg 1200w, https:\/\/turismelesplanes.cat\/wp-content\/uploads\/2021\/07\/i-sant-aniol-finestres-300x150.jpg 300w, https:\/\/turismelesplanes.cat\/wp-content\/uploads\/2021\/07\/i-sant-aniol-finestres-1024x512.jpg 1024w, https:\/\/turismelesplanes.cat\/wp-content\/uploads\/2021\/07\/i-sant-aniol-finestres-768x384.jpg 768w\" sizes=\"auto, (max-width: 1200px) 100vw, 1200px\" \/><figcaption>San Aniol de Ventanas<\/figcaption><\/figure><\/div>\n\n<\/div><\/div><\/div>\n\n<div class=\"gb-grid-column gb-grid-column-a9386dfe\"><div class=\"gb-container gb-container-a9386dfe\"><div class=\"gb-inside-container\">\n\n<h3 class=\"wp-block-heading\"><strong>SANT ANIOL DE FINESTRES<\/strong>, agua y paisaje escarpado<\/h3>\n\n\n\n<p>En Sant Aniol se pueden realizar varias excursiones por su entorno, visitando el Castillo de Finestres. Destaca la iglesia de Santa Mar\u00eda de Finestres, paisaje de las guerras carlistas, en la cima de la monta\u00f1a que se conecta con Santa Pau y Mieres. El paisaje es abrupto, apto tambi\u00e9n para los amantes de la escalada. Pertenecen al municipio el n\u00facleo de Sant Esteve de Ll\u00e9mena, y la Barroca, todos ellos con iglesias de origen rom\u00e1nico diseminadas. En Sant Aniol hay una destacada fuente de la que se comercializa \"agua volc\u00e1nica\".<\/p>\n\n\n<div class=\"gb-button-wrapper gb-button-wrapper-3e203cda\">\n\n<a class=\"gb-button gb-button-765b6a0f gb-button-text\" href=\"https:\/\/www.femturisme.cat\/ca\/pobles\/sant-aniol-de-finestres\" target=\"_blank\" rel=\"noopener noreferrer\">Sant Aniol de Finetres<\/a>\n\n<\/div>\n<\/div><\/div><\/div>\n<\/div>\n\n\n<hr class=\"wp-block-separator\"\/>\n\n\n<div class=\"gb-grid-wrapper gb-grid-wrapper-9860261e\">\n<div class=\"gb-grid-column gb-grid-column-a2cb94c5\"><div class=\"gb-container gb-container-a2cb94c5\"><div class=\"gb-inside-container\">\n\n<h4 class=\"gb-headline gb-headline-981f1560 gb-headline-text\"><strong>SANT MART\u00cd DE LL\u00c9MENA<\/strong>  <strong>Riscos y cuevas<\/strong><\/h4>\n\n\n\n<p>En el peque\u00f1o n\u00facleo de Sant Mart\u00ed destaca la Torre de Guaita de la Baja Edad Media, donde posteriormente se ha colocado un relieve del patr\u00f3n, junto a la iglesia. La mayor\u00eda de las mas\u00edas de la comarca datan del s. XV-XVII. Por el entorno de Sant Mart\u00ed se pueden hacer excursiones a los riscos, al r\u00edo y a varias cuevas.<\/p>\n\n\n<div class=\"gb-button-wrapper gb-button-wrapper-b1fe5054\">\n\n<a class=\"gb-button gb-button-34da25ad gb-button-text\" href=\"https:\/\/www.femturisme.cat\/ca\/pobles\/sant-marti-de-llemena\" target=\"_blank\" rel=\"noopener noreferrer\">Sant Mart\u00ed de Ll\u00e9mana<\/a>\n\n<\/div>\n\n\n<p><\/p>\n\n<\/div><\/div><\/div>\n<\/div>\n\n\n<hr class=\"wp-block-separator\"\/>\n\n\n<div class=\"gb-grid-wrapper gb-grid-wrapper-d9cb43cb\">\n<div class=\"gb-grid-column gb-grid-column-7ff8d6e9\"><div class=\"gb-container gb-container-7ff8d6e9\"><div class=\"gb-inside-container\">\n\n<h4 class=\"wp-block-heading\"><strong>GRANOLLERS DE ROCACORBA<\/strong>, <strong>La llama remensa<\/strong><\/h4>\n\n\n\n<p>Alrededor de la iglesia y el castillo de Granollers de Rocacorba hay varios itinerarios como por ejemplo hasta la fuente de las ardillas. Destacan los riscos de Sant Roc donde se encuentra la Gorga de las Brujas y las cuevas. Tambi\u00e9n fue nacido en Granollers de Rocacorba el l\u00edder de la revuelta remense Pere Joan Sala (1440-1485).<\/p>\n\n<\/div><\/div><\/div>\n\n<div class=\"gb-grid-column gb-grid-column-f701d4a3\"><div class=\"gb-container gb-container-f701d4a3\"><div class=\"gb-inside-container\">\n\n<div class=\"wp-block-image\"><figure class=\"aligncenter size-full\"><img loading=\"lazy\" decoding=\"async\" width=\"1200\" height=\"800\" src=\"https:\/\/turismelesplanes.cat\/wp-content\/uploads\/2021\/07\/granollers.jpg\" alt=\"\" class=\"wp-image-1480\" srcset=\"https:\/\/turismelesplanes.cat\/wp-content\/uploads\/2021\/07\/granollers.jpg 1200w, https:\/\/turismelesplanes.cat\/wp-content\/uploads\/2021\/07\/granollers-300x200.jpg 300w, https:\/\/turismelesplanes.cat\/wp-content\/uploads\/2021\/07\/granollers-1024x683.jpg 1024w, https:\/\/turismelesplanes.cat\/wp-content\/uploads\/2021\/07\/granollers-768x512.jpg 768w\" sizes=\"auto, (max-width: 1200px) 100vw, 1200px\" \/><figcaption>Granollers de Rocacorba.<\/figcaption><\/figure><\/div>\n\n<\/div><\/div><\/div>\n<\/div>\n\n\n<hr class=\"wp-block-separator\"\/>\n\n\n<div class=\"gb-grid-wrapper gb-grid-wrapper-70a1a683\">\n<div class=\"gb-grid-column gb-grid-column-e966e1d5\"><div class=\"gb-container gb-container-e966e1d5\"><div class=\"gb-inside-container\">\n\n<div class=\"wp-block-image\"><figure class=\"aligncenter size-full\"><img loading=\"lazy\" decoding=\"async\" width=\"1017\" height=\"678\" src=\"https:\/\/turismelesplanes.cat\/wp-content\/uploads\/2021\/07\/llora.jpg\" alt=\"\" class=\"wp-image-1481\" srcset=\"https:\/\/turismelesplanes.cat\/wp-content\/uploads\/2021\/07\/llora.jpg 1017w, https:\/\/turismelesplanes.cat\/wp-content\/uploads\/2021\/07\/llora-300x200.jpg 300w, https:\/\/turismelesplanes.cat\/wp-content\/uploads\/2021\/07\/llora-768x512.jpg 768w\" sizes=\"auto, (max-width: 1017px) 100vw, 1017px\" \/><figcaption>Llor\u00e0<\/figcaption><\/figure><\/div>\n\n<\/div><\/div><\/div>\n\n<div class=\"gb-grid-column gb-grid-column-26edc470\"><div class=\"gb-container gb-container-26edc470\"><div class=\"gb-inside-container\">\n\n<h4 class=\"gb-headline gb-headline-0e7917df gb-headline-text\"><strong>LLOR\u00c0 y el PLAN DE SAN JUAN,<\/strong>, <strong>caminar volcanes<\/strong><\/h4>\n\n\n\n<p>Antes de llegar al n\u00facleo de Llor\u00e0, en el Pla de Sant Joan, encontramos el Volc\u00e1n de la Banya de Boc, en el cual se puede apreciar el cr\u00e1ter con una profundidad de 100 metros. Este cr\u00e1ter est\u00e1 lleno de vegetaci\u00f3n y cultivos. El peque\u00f1o n\u00facleo de Llor\u00e0 guarda un encanto antiguo, con la iglesia de Sant Pere como centro.<\/p>\n\n<\/div><\/div><\/div>\n<\/div>\n<\/div><\/div>\n\n\n<p><\/p>","protected":false},"excerpt":{"rendered":"","protected":false},"author":1,"featured_media":245,"parent":0,"menu_order":0,"comment_status":"closed","ping_status":"closed","template":"","meta":{"_acf_changed":false,"inline_featured_image":false,"footnotes":""},"class_list":["post-1475","page","type-page","status-publish","has-post-thumbnail"],"acf":[],"_links":{"self":[{"href":"https:\/\/turismelesplanes.cat\/es\/wp-json\/wp\/v2\/pages\/1475","targetHints":{"allow":["GET"]}}],"collection":[{"href":"https:\/\/turismelesplanes.cat\/es\/wp-json\/wp\/v2\/pages"}],"about":[{"href":"https:\/\/turismelesplanes.cat\/es\/wp-json\/wp\/v2\/types\/page"}],"author":[{"embeddable":true,"href":"https:\/\/turismelesplanes.cat\/es\/wp-json\/wp\/v2\/users\/1"}],"replies":[{"embeddable":true,"href":"https:\/\/turismelesplanes.cat\/es\/wp-json\/wp\/v2\/comments?post=1475"}],"version-history":[{"count":5,"href":"https:\/\/turismelesplanes.cat\/es\/wp-json\/wp\/v2\/pages\/1475\/revisions"}],"predecessor-version":[{"id":1546,"href":"https:\/\/turismelesplanes.cat\/es\/wp-json\/wp\/v2\/pages\/1475\/revisions\/1546"}],"wp:featuredmedia":[{"embeddable":true,"href":"https:\/\/turismelesplanes.cat\/es\/wp-json\/wp\/v2\/media\/245"}],"wp:attachment":[{"href":"https:\/\/turismelesplanes.cat\/es\/wp-json\/wp\/v2\/media?parent=1475"}],"curies":[{"name":"wp","href":"https:\/\/api.w.org\/{rel}","templated":true}]}}