{"id":463,"date":"2021-03-08T06:06:47","date_gmt":"2021-03-08T06:06:47","guid":{"rendered":"https:\/\/turisme.tandem.ws\/?page_id=463"},"modified":"2023-05-25T10:21:28","modified_gmt":"2023-05-25T10:21:28","slug":"garrotxa","status":"publish","type":"page","link":"https:\/\/turismelesplanes.cat\/es\/garrotxa\/","title":{"rendered":"La Garrotxa"},"content":{"rendered":"<div class=\"gb-container gb-container-44c17e12\"><div class=\"gb-inside-container\">\n<div class=\"gb-grid-wrapper gb-grid-wrapper-135fc255\">\n<div class=\"gb-grid-column gb-grid-column-5d4e1ac4\"><div class=\"gb-container gb-container-5d4e1ac4\"><div class=\"gb-inside-container\">\n\n<h3 class=\"wp-block-heading\">Enfocados en la sostenibilidad<\/h3>\n\n\n\n<p>La Garrotxa destaca por su paisaje boscoso y su riqueza cultural. La mayor parte del territorio forma parte de la Red Natura 2000, que procura proteger los espacios naturales m\u00e1s singulares. En la Garrotxa encontrar\u00e1 una gran diversidad de flora y fauna, gastronom\u00eda, historia, rutas naturales y culturales, actividades deportivas, museos, y fiestas y tradiciones. <a href=\"https:\/\/ca.turismegarrotxa.com\/territori-i-natura\/parc-natural-i-espais-protegits\/parc-natural-de-la-zona-volcanica-de-la-garrotxa\/\" target=\"_blank\" rel=\"noreferrer noopener\">Parque Natural de la Zona Volc\u00e1nica de la Garrotxa<\/a>.<\/p>\n\n\n\n<p>En la Garrotxa encontrar\u00e1 una gran diversidad de flora y fauna, gastronom\u00eda, historia, rutas naturales y culturales, actividades deportivas, museos, y fiestas y tradiciones.<\/p>\n\n\n\n<p>El municipio forma parte de Turisme Garrotxa, una asociaci\u00f3n privada sin \u00e1nimo de lucro que aglutina el sector tur\u00edstico privado y p\u00fablico de la Garrotxa, desde la que se impulsa un modelo de desarrollo tur\u00edstico basado en la <a href=\"https:\/\/redeuroparc.org\/carta-europea-turismo-sostenible\/\" target=\"_blank\" rel=\"noreferrer noopener\">Carta Europea de Turismo Sostenible<\/a>, con la que el Ayuntamiento de Les Planes se ha comprometido.<\/p>\n\n\n\n<figure class=\"wp-block-gallery has-nested-images columns-default is-cropped wp-block-gallery-1 is-layout-flex wp-block-gallery-is-layout-flex\">\n<figure class=\"wp-block-image size-large\"><img loading=\"lazy\" decoding=\"async\" width=\"1024\" height=\"454\" data-id=\"2152\" src=\"https:\/\/turismelesplanes.cat\/wp-content\/uploads\/2023\/05\/europarc-logo-1024x454.jpg\" alt=\"\" class=\"wp-image-2152\" srcset=\"https:\/\/turismelesplanes.cat\/wp-content\/uploads\/2023\/05\/europarc-logo-1024x454.jpg 1024w, https:\/\/turismelesplanes.cat\/wp-content\/uploads\/2023\/05\/europarc-logo-300x133.jpg 300w, https:\/\/turismelesplanes.cat\/wp-content\/uploads\/2023\/05\/europarc-logo-768x340.jpg 768w, https:\/\/turismelesplanes.cat\/wp-content\/uploads\/2023\/05\/europarc-logo.jpg 1217w\" sizes=\"auto, (max-width: 1024px) 100vw, 1024px\" \/><\/figure>\n<\/figure>\n\n\n<div class=\"gb-button-wrapper gb-button-wrapper-d45ec3b9\">\n\n<a class=\"gb-button gb-button-0aab59ed gb-button-text\" href=\"http:\/\/ca.turismegarrotxa.com\/\" target=\"_blank\" rel=\"noopener noreferrer\">Turismo Garrotxa<\/a>\n\n<\/div>\n<\/div><\/div><\/div>\n\n<div class=\"gb-grid-column gb-grid-column-253839ef\"><div class=\"gb-container gb-container-253839ef\"><div class=\"gb-inside-container\">\n\n<figure class=\"wp-block-image size-large\"><img loading=\"lazy\" decoding=\"async\" width=\"1024\" height=\"768\" src=\"https:\/\/turismelesplanes.cat\/wp-content\/uploads\/2021\/07\/Garrotxa_dalt-DSCF4338_VOL_DE_COLOMS-1024x768.jpg\" alt=\"\" class=\"wp-image-1465\" srcset=\"https:\/\/turismelesplanes.cat\/wp-content\/uploads\/2021\/07\/Garrotxa_dalt-DSCF4338_VOL_DE_COLOMS-1024x768.jpg 1024w, https:\/\/turismelesplanes.cat\/wp-content\/uploads\/2021\/07\/Garrotxa_dalt-DSCF4338_VOL_DE_COLOMS-300x225.jpg 300w, https:\/\/turismelesplanes.cat\/wp-content\/uploads\/2021\/07\/Garrotxa_dalt-DSCF4338_VOL_DE_COLOMS-768x576.jpg 768w, https:\/\/turismelesplanes.cat\/wp-content\/uploads\/2021\/07\/Garrotxa_dalt-DSCF4338_VOL_DE_COLOMS-1536x1152.jpg 1536w, https:\/\/turismelesplanes.cat\/wp-content\/uploads\/2021\/07\/Garrotxa_dalt-DSCF4338_VOL_DE_COLOMS-2048x1536.jpg 2048w\" sizes=\"auto, (max-width: 1024px) 100vw, 1024px\" \/><figcaption><em>La comarca desde un globo.<\/em><\/figcaption><\/figure>\n\n\n\n<figure class=\"wp-block-image size-large\"><img loading=\"lazy\" decoding=\"async\" width=\"1024\" height=\"414\" src=\"https:\/\/turismelesplanes.cat\/wp-content\/uploads\/2023\/05\/garrotxa_png_web_hor-1-1024x414.png\" alt=\"\" class=\"wp-image-2154\" srcset=\"https:\/\/turismelesplanes.cat\/wp-content\/uploads\/2023\/05\/garrotxa_png_web_hor-1-1024x414.png 1024w, https:\/\/turismelesplanes.cat\/wp-content\/uploads\/2023\/05\/garrotxa_png_web_hor-1-300x121.png 300w, https:\/\/turismelesplanes.cat\/wp-content\/uploads\/2023\/05\/garrotxa_png_web_hor-1-768x310.png 768w, https:\/\/turismelesplanes.cat\/wp-content\/uploads\/2023\/05\/garrotxa_png_web_hor-1-1536x621.png 1536w, https:\/\/turismelesplanes.cat\/wp-content\/uploads\/2023\/05\/garrotxa_png_web_hor-1.png 1782w\" sizes=\"auto, (max-width: 1024px) 100vw, 1024px\" \/><\/figure>\n\n<\/div><\/div><\/div>\n<\/div>\n\n\n<hr class=\"wp-block-separator has-css-opacity\"\/>\n\n\n<div class=\"gb-grid-wrapper gb-grid-wrapper-09a9b0d0\">\n<div class=\"gb-grid-column gb-grid-column-dadd302e\"><div class=\"gb-container gb-container-dadd302e\"><div class=\"gb-inside-container\">\n\n<figure class=\"wp-block-image size-large\"><img loading=\"lazy\" decoding=\"async\" width=\"1024\" height=\"684\" src=\"https:\/\/turismelesplanes.cat\/wp-content\/uploads\/2021\/07\/Vall_Bas-1024x684.jpg\" alt=\"\" class=\"wp-image-1466\" srcset=\"https:\/\/turismelesplanes.cat\/wp-content\/uploads\/2021\/07\/Vall_Bas-1024x684.jpg 1024w, https:\/\/turismelesplanes.cat\/wp-content\/uploads\/2021\/07\/Vall_Bas-300x200.jpg 300w, https:\/\/turismelesplanes.cat\/wp-content\/uploads\/2021\/07\/Vall_Bas-768x513.jpg 768w, https:\/\/turismelesplanes.cat\/wp-content\/uploads\/2021\/07\/Vall_Bas.jpg 1444w\" sizes=\"auto, (max-width: 1024px) 100vw, 1024px\" \/><figcaption><em>Juanitas con Santa Magdalena de fondo. Noviembre de 2016.<\/em><\/figcaption><\/figure>\n\n<\/div><\/div><\/div>\n\n<div class=\"gb-grid-column gb-grid-column-bcd38ef8\"><div class=\"gb-container gb-container-bcd38ef8\"><div class=\"gb-inside-container\">\n\n<h3 class=\"gb-headline gb-headline-b4ba4eb8 gb-headline-text\"><strong>LA VALL D\u2019EN BAS<\/strong>, <strong>un pueblo con muchos pueblos<\/strong><\/h3>\n\n\n\n<p>La Vall d'en Bas es un municipio conformado por peque\u00f1os n\u00facleos, todos ellos con encanto especial, y vislumbrados por el Puigsacalm. En su cabecera, Sant Esteve d'en Bas, se encuentra una iglesia rom\u00e1nica y un puente. En Els Hostalets, si miramos sobre el riscal de Falgars, veremos la ermita de Sant Miquel. En las afueras de Sant Privat brota el espectacular salto del Sallent, un salto de agua de 35 metros de cayente. Tambi\u00e9n naci\u00f3 en Sant Privat d'en Bas en 1426 Francisco de Verntallat, uno de los l\u00edderes de la revuelta remense campesina, aunque proven\u00eda de la peque\u00f1a nobleza.<\/p>\n\n\n<div class=\"gb-button-wrapper gb-button-wrapper-20d279a9\">\n\n<a class=\"gb-button gb-button-5d97d301 gb-button-text\" href=\"http:\/\/ca.turismegarrotxa.com\/la-garrotxa\/27-indrets-d-interes-de-la-garrotxa\/pobles-de-la-vall-d-en-bas\/\" target=\"_blank\" rel=\"noopener noreferrer\">Valle de Bas<\/a>\n\n<\/div>\n<\/div><\/div><\/div>\n<\/div>\n\n\n<hr class=\"wp-block-separator has-css-opacity\"\/>\n\n\n\n<h3 class=\"wp-block-heading\"><strong>SANT FELIU DE PALLEROLS<\/strong>, <strong>los vecinos Pescalunas<\/strong><\/h3>\n\n\n<div class=\"wp-block-image\">\n<figure class=\"alignright size-large is-resized\"><img loading=\"lazy\" decoding=\"async\" src=\"https:\/\/turismelesplanes.cat\/wp-content\/uploads\/2023\/05\/sant_feliu_de_pallerols_castell_d_hostoles_1920-1024x684.jpg\" alt=\"\" class=\"wp-image-2166\" width=\"498\" height=\"332\" srcset=\"https:\/\/turismelesplanes.cat\/wp-content\/uploads\/2023\/05\/sant_feliu_de_pallerols_castell_d_hostoles_1920-1024x684.jpg 1024w, https:\/\/turismelesplanes.cat\/wp-content\/uploads\/2023\/05\/sant_feliu_de_pallerols_castell_d_hostoles_1920-300x200.jpg 300w, https:\/\/turismelesplanes.cat\/wp-content\/uploads\/2023\/05\/sant_feliu_de_pallerols_castell_d_hostoles_1920-768x513.jpg 768w, https:\/\/turismelesplanes.cat\/wp-content\/uploads\/2023\/05\/sant_feliu_de_pallerols_castell_d_hostoles_1920-1536x1026.jpg 1536w, https:\/\/turismelesplanes.cat\/wp-content\/uploads\/2023\/05\/sant_feliu_de_pallerols_castell_d_hostoles_1920.jpg 1920w\" sizes=\"auto, (max-width: 498px) 100vw, 498px\" \/><figcaption><em>Vistas de Sant Feliu desde el Castillo de Hostoles. Foto: Ayuntamiento Sant Feliu de Pallerols.<\/em><\/figcaption><\/figure><\/div>\n\n\n<p>El municipio forma parte del Parque Natural de la Garrotxa, y los castillos de Hostoles, Puig-alder y Colltort pueden ser una excusa para las rutas de los excursionistas. Se recomienda visitar todo el casco antiguo, en especial la iglesia, la capilla del Roser, la iglesia de San Miguel de Pineda, la capilla de San Sebasti\u00e1n y de Santa Cecilia. Desde el Ayuntamiento proponen varias rutas y circuitos que pueden consultarse en la oficina de turismo ubicada en la antigua estaci\u00f3n de tren.<\/p>\n\n\n<div class=\"gb-button-wrapper gb-button-wrapper-84246b43\">\n\n<a class=\"gb-button gb-button-61c635d9 gb-button-text\" href=\"http:\/\/www.santfeliudepallerols.cat\/turisme\/rutes\/\" target=\"_blank\" rel=\"noopener noreferrer\">Turismo Sant Feliu de Pallerols<\/a>\n\n<\/div>\n\n<div class=\"gb-grid-wrapper gb-grid-wrapper-c0ad99a5\">\n<div class=\"gb-grid-column gb-grid-column-b8b8cfcf\"><div class=\"gb-container gb-container-b8b8cfcf\"><div class=\"gb-inside-container\"><\/div><\/div><\/div>\n<\/div>\n\n\n<hr class=\"wp-block-separator has-css-opacity\"\/>\n\n\n<div class=\"gb-grid-wrapper gb-grid-wrapper-cc6a0c65\">\n<div class=\"gb-grid-column gb-grid-column-feeb7698\"><div class=\"gb-container gb-container-feeb7698\"><div class=\"gb-inside-container\">\n\n<h3 class=\"wp-block-heading\"><strong>OLOT<\/strong>, <strong>la ciudad de los volcanes<\/strong><\/h3>\n\n\n\n<p>La capital de la comarca destaca por ser emprendedora cultural y econ\u00f3micamente. Acogi\u00f3 la escuela de Olot, con una interesante colecci\u00f3n de pinturas y esculturas ques e pueden visitar en el Museo del Hospicio y de los Santos, y cuenta con edificios de inter\u00e9s arquitect\u00f3nico como el claustro renacentista del Carmen, varios edificios modernistas, o el ensanche Malagrida. La oferta cultural de la ciudad goza de una buena combinaci\u00f3n entre tradici\u00f3n y vanguardismo. La ciudad se encuentra enmarcada por cuatro volcanes: el Montsacopa y Montolivet, que se pueden visitar, y tambi\u00e9n el Bisaroques y la Garrinada. Desde el punto de vista natural, cabe destacar tambi\u00e9n el jard\u00edn bot\u00e1nico del Parc Nou y el parque de la Moixina.<\/p>\n\n\n<div class=\"gb-button-wrapper gb-button-wrapper-7992cfe8\">\n\n<a class=\"gb-button gb-button-eb7e913d gb-button-text\" href=\"https:\/\/www.turismeolot.com\/ca\/\" target=\"_blank\" rel=\"noopener noreferrer\">Turismo Olot<\/a>\n\n<\/div>\n<\/div><\/div><\/div>\n\n<div class=\"gb-grid-column gb-grid-column-4ef723c2\"><div class=\"gb-container gb-container-4ef723c2\"><div class=\"gb-inside-container\">\n\n<figure class=\"wp-block-image size-large is-resized\"><img loading=\"lazy\" decoding=\"async\" src=\"https:\/\/turismelesplanes.cat\/wp-content\/uploads\/2021\/07\/olot.jpg\" alt=\"\" class=\"wp-image-1467\" width=\"564\" height=\"376\" srcset=\"https:\/\/turismelesplanes.cat\/wp-content\/uploads\/2021\/07\/olot.jpg 480w, https:\/\/turismelesplanes.cat\/wp-content\/uploads\/2021\/07\/olot-300x200.jpg 300w\" sizes=\"auto, (max-width: 564px) 100vw, 564px\" \/><figcaption><em>Edificio modernista de Olot<\/em><\/figcaption><\/figure>\n\n<\/div><\/div><\/div>\n<\/div>\n\n\n<hr class=\"wp-block-separator has-css-opacity\"\/>\n\n\n<div class=\"gb-grid-wrapper gb-grid-wrapper-057145b8\">\n<div class=\"gb-grid-column gb-grid-column-063e45de\"><div class=\"gb-container gb-container-063e45de\"><div class=\"gb-inside-container\">\n\n<figure class=\"wp-block-image size-large\"><img loading=\"lazy\" decoding=\"async\" width=\"1024\" height=\"683\" src=\"https:\/\/turismelesplanes.cat\/wp-content\/uploads\/2021\/07\/Preses_Parc_de_Pedra_Tosca_4-1024x683.jpg\" alt=\"\" class=\"wp-image-1468\" srcset=\"https:\/\/turismelesplanes.cat\/wp-content\/uploads\/2021\/07\/Preses_Parc_de_Pedra_Tosca_4-1024x683.jpg 1024w, https:\/\/turismelesplanes.cat\/wp-content\/uploads\/2021\/07\/Preses_Parc_de_Pedra_Tosca_4-300x200.jpg 300w, https:\/\/turismelesplanes.cat\/wp-content\/uploads\/2021\/07\/Preses_Parc_de_Pedra_Tosca_4-768x512.jpg 768w, https:\/\/turismelesplanes.cat\/wp-content\/uploads\/2021\/07\/Preses_Parc_de_Pedra_Tosca_4-1536x1024.jpg 1536w, https:\/\/turismelesplanes.cat\/wp-content\/uploads\/2021\/07\/Preses_Parc_de_Pedra_Tosca_4-2048x1365.jpg 2048w\" sizes=\"auto, (max-width: 1024px) 100vw, 1024px\" \/><figcaption><em>Parque de la Piedra Tosca de las Presas.<\/em><\/figcaption><\/figure>\n\n<\/div><\/div><\/div>\n\n<div class=\"gb-grid-column gb-grid-column-12da7530\"><div class=\"gb-container gb-container-12da7530\"><div class=\"gb-inside-container\">\n\n<h3 class=\"gb-headline gb-headline-3ccba5c8 gb-headline-text\"><strong>LES PRESES<\/strong>, <strong>original y contempor\u00e1neo<\/strong><\/h3>\n\n\n\n<p>El parque de la Piedra Tosca de les Preses es un espacio con un gran valor ecol\u00f3gico, estructurado con una arquitectura que combina las construcciones tradicionales con la modernidad de forma equilibrada, lo que le ha llevado a ganar galardones como el Premio Europeo de Paisaje Rosa Barba. El municipio cuenta con ermitas preciosas como la de Sant Mart\u00ed y Sant Miquel del Corb. Durante el verano, la poblaci\u00f3n acoge una importante manifestaci\u00f3n de danzas tradicionales de todo el mundo, el Festival \u00c9sdansa. \u00c9ste se complementa con el festival de danza contempor\u00e1nea Sism\u00f3grafo que, durante el mes de abril, ocupa varios puntos del espacio p\u00fablico de la Garrotxa, principalmente Olot.<\/p>\n\n\n<div class=\"gb-button-wrapper gb-button-wrapper-8802ffa1\">\n\n<a class=\"gb-button gb-button-137a4fd9 gb-button-text\" href=\"http:\/\/www.lespreses.cat\/el-poble\/atractius-turistics\/\" target=\"_blank\" rel=\"noopener noreferrer\">Atractivos Las Presas<\/a>\n\n<\/div>\n<\/div><\/div><\/div>\n<\/div>\n\n\n<hr class=\"wp-block-separator has-css-opacity\"\/>\n\n\n<div class=\"gb-grid-wrapper gb-grid-wrapper-4da6e723\">\n<div class=\"gb-grid-column gb-grid-column-a240aed9\"><div class=\"gb-container gb-container-a240aed9\"><div class=\"gb-inside-container\">\n\n<h3 class=\"wp-block-heading\"><strong>SANTA PAU, paisaje medieval<\/strong><\/h3>\n\n\n<div class=\"wp-block-image\">\n<figure class=\"alignright size-large is-resized\"><img loading=\"lazy\" decoding=\"async\" src=\"https:\/\/turismelesplanes.cat\/wp-content\/uploads\/2023\/05\/santa-Pau-1024x684.jpg\" alt=\"\" class=\"wp-image-2170\" width=\"533\" height=\"355\" srcset=\"https:\/\/turismelesplanes.cat\/wp-content\/uploads\/2023\/05\/santa-Pau-1024x684.jpg 1024w, https:\/\/turismelesplanes.cat\/wp-content\/uploads\/2023\/05\/santa-Pau-300x200.jpg 300w, https:\/\/turismelesplanes.cat\/wp-content\/uploads\/2023\/05\/santa-Pau-768x513.jpg 768w, https:\/\/turismelesplanes.cat\/wp-content\/uploads\/2023\/05\/santa-Pau-1536x1026.jpg 1536w, https:\/\/turismelesplanes.cat\/wp-content\/uploads\/2023\/05\/santa-Pau.jpg 1920w\" sizes=\"auto, (max-width: 533px) 100vw, 533px\" \/><figcaption><em>Plaza Mayor de Santa Pau. La Garrotxa, abril de 2019. Foto: Oscar Rodbag<\/em><\/figcaption><\/figure><\/div>\n\n\n<p>Este pueblo medieval inmerso en medio del Parque de la Zona Volc\u00e1nica de la Garrotxa disfruta de lugares con especial inter\u00e9s natural como los volcanes de Santa Margarida y del Croscat, o la Fageda d'en Jord\u00e0, un bonito paisaje de hayas en constante transformaci\u00f3n. La fisonom\u00eda del pueblo es marcadamente medieval, con un castillo, calles estrechas, la plaza porticada y sobrias iglesias de origen rom\u00e1nico.<\/p>\n\n\n<div class=\"gb-button-wrapper gb-button-wrapper-45c5fdb7\">\n\n<a class=\"gb-button gb-button-ffa40581 gb-button-text\" href=\"https:\/\/visitsantapau.com\/\" target=\"_blank\" rel=\"noopener noreferrer\">Visite Santa Pau<\/a>\n\n<\/div>\n<\/div><\/div><\/div>\n<\/div>\n\n\n<hr class=\"wp-block-separator has-css-opacity\"\/>\n\n\n<div class=\"gb-grid-wrapper gb-grid-wrapper-de6ee194\">\n<div class=\"gb-grid-column gb-grid-column-6c93b13d\"><div class=\"gb-container gb-container-6c93b13d\"><div class=\"gb-inside-container\">\n\n<h3 class=\"gb-headline gb-headline-4f9c0fb2 gb-headline-text\"><strong>BESAL\u00da<\/strong>, <strong><strong>El pasado jud\u00edo<\/strong><\/strong><\/h3>\n\n\n\n<p>Junto al de Girona, Besal\u00fa es la \u00fanica poblaci\u00f3n de la pen\u00ednsula que dispone de una sala de ba\u00f1os rituales jud\u00edos o miqv\u00e9. La juder\u00eda de Besal\u00fa data del siglo IX al XV, y todav\u00eda se pueden percibir los vestigios de antiguos con varios s\u00edmbolos. En todo el municipio se puede apreciar la belleza y sobriedad de la arquitectura medieval.<\/p>\n\n\n<div class=\"gb-button-wrapper gb-button-wrapper-093bcbf0\">\n\n<a class=\"gb-button gb-button-65a60a75 gb-button-text\" href=\"https:\/\/ca.turismegarrotxa.com\/la-garrotxa\/cultura\/art\/patrimoni-jueu\/\" target=\"_blank\" rel=\"noopener noreferrer\">Besal\u00fa<\/a>\n\n<\/div>\n<\/div><\/div><\/div>\n\n<div class=\"gb-grid-column gb-grid-column-e9d13594\"><div class=\"gb-container gb-container-e9d13594\"><div class=\"gb-inside-container\">\n<div class=\"wp-block-image\">\n<figure class=\"alignleft size-large\"><img loading=\"lazy\" decoding=\"async\" width=\"1024\" height=\"673\" src=\"https:\/\/turismelesplanes.cat\/wp-content\/uploads\/2021\/07\/besalu-1024x673.jpg\" alt=\"\" class=\"wp-image-1469\" srcset=\"https:\/\/turismelesplanes.cat\/wp-content\/uploads\/2021\/07\/besalu-1024x673.jpg 1024w, https:\/\/turismelesplanes.cat\/wp-content\/uploads\/2021\/07\/besalu-300x197.jpg 300w, https:\/\/turismelesplanes.cat\/wp-content\/uploads\/2021\/07\/besalu-768x505.jpg 768w, https:\/\/turismelesplanes.cat\/wp-content\/uploads\/2021\/07\/besalu-1536x1009.jpg 1536w, https:\/\/turismelesplanes.cat\/wp-content\/uploads\/2021\/07\/besalu-2048x1346.jpg 2048w\" sizes=\"auto, (max-width: 1024px) 100vw, 1024px\" \/><figcaption><em>El Puente Viejo de Besal\u00fa.<\/em><\/figcaption><\/figure><\/div>\n<\/div><\/div><\/div>\n<\/div>\n\n\n<p><\/p>\n\n<\/div><\/div>\n\n\n<p><\/p>","protected":false},"excerpt":{"rendered":"<p>SANT FELIU DE PALLEROLS, els ve\u00efns Pescallunes El municipi forma part del Parc Natural de la Garrotxa, i els castells d&#8217;Hostoles, de Puig-alder i de Colltort poden ser una excusa per a les rutes dels excursionistes. Es recomana visitar tot el nucli antic, en especial l&#8217;esgl\u00e9sia, la capella del Roser, l&#8217;esgl\u00e9sia de Sant Miquel de &#8230; <a title=\"La Garrotxa\" class=\"read-more\" href=\"https:\/\/turismelesplanes.cat\/es\/garrotxa\/\" aria-label=\"Leer m\u00e1s sobre La Garrotxa\">Leer m\u00e1s<\/a><\/p>","protected":false},"author":1,"featured_media":431,"parent":0,"menu_order":0,"comment_status":"closed","ping_status":"closed","template":"","meta":{"_acf_changed":false,"inline_featured_image":false,"footnotes":""},"class_list":["post-463","page","type-page","status-publish","has-post-thumbnail"],"acf":[],"_links":{"self":[{"href":"https:\/\/turismelesplanes.cat\/es\/wp-json\/wp\/v2\/pages\/463","targetHints":{"allow":["GET"]}}],"collection":[{"href":"https:\/\/turismelesplanes.cat\/es\/wp-json\/wp\/v2\/pages"}],"about":[{"href":"https:\/\/turismelesplanes.cat\/es\/wp-json\/wp\/v2\/types\/page"}],"author":[{"embeddable":true,"href":"https:\/\/turismelesplanes.cat\/es\/wp-json\/wp\/v2\/users\/1"}],"replies":[{"embeddable":true,"href":"https:\/\/turismelesplanes.cat\/es\/wp-json\/wp\/v2\/comments?post=463"}],"version-history":[{"count":26,"href":"https:\/\/turismelesplanes.cat\/es\/wp-json\/wp\/v2\/pages\/463\/revisions"}],"predecessor-version":[{"id":2173,"href":"https:\/\/turismelesplanes.cat\/es\/wp-json\/wp\/v2\/pages\/463\/revisions\/2173"}],"wp:featuredmedia":[{"embeddable":true,"href":"https:\/\/turismelesplanes.cat\/es\/wp-json\/wp\/v2\/media\/431"}],"wp:attachment":[{"href":"https:\/\/turismelesplanes.cat\/es\/wp-json\/wp\/v2\/media?parent=463"}],"curies":[{"name":"wp","href":"https:\/\/api.w.org\/{rel}","templated":true}]}}