{"id":1030,"date":"2021-05-05T09:01:17","date_gmt":"2021-05-05T09:01:17","guid":{"rendered":"https:\/\/turisme.tandem.ws\/?page_id=1030"},"modified":"2025-01-09T13:35:42","modified_gmt":"2025-01-09T13:35:42","slug":"services","status":"publish","type":"page","link":"https:\/\/turismelesplanes.cat\/fr\/services\/","title":{"rendered":"Prestations de service"},"content":{"rendered":"<div class=\"gb-container gb-container-bc8a1f70\"><div class=\"gb-inside-container\">\n<div class=\"gb-grid-wrapper gb-grid-wrapper-0f6ae66d\">\n<div class=\"gb-grid-column gb-grid-column-c0c31751\"><div class=\"gb-container gb-container-c0c31751\"><div class=\"gb-inside-container\">\n\n<figure class=\"wp-block-image size-full\"><img loading=\"lazy\" decoding=\"async\" width=\"700\" height=\"467\" src=\"https:\/\/turismelesplanes.cat\/wp-content\/uploads\/2021\/07\/ajuntament_les_planes_d-hostoles.jpg\" alt=\"\" class=\"wp-image-1577\" srcset=\"https:\/\/turismelesplanes.cat\/wp-content\/uploads\/2021\/07\/ajuntament_les_planes_d-hostoles.jpg 700w, https:\/\/turismelesplanes.cat\/wp-content\/uploads\/2021\/07\/ajuntament_les_planes_d-hostoles-300x200.jpg 300w\" sizes=\"auto, (max-width: 700px) 100vw, 700px\" \/><\/figure>\n\n\n<div class=\"gb-container gb-container-435c1945\"><div class=\"gb-inside-container\">\n\n<h3 class=\"gb-headline gb-headline-509f2df6\"><span class=\"gb-icon\"><svg viewbox=\"0 0 576 512\" xmlns=\"http:\/\/www.w3.org\/2000\/svg\" class=\"svg-inline--fa fa-home-lg-alt fa-w-18\" data-icon=\"home-lg-alt\" data-prefix=\"fad\" aria-hidden=\"true\"><g class=\"fa-group\"><path opacity=\"0.4\" d=\"M352 496V368a16 16 0 0 0-16-16h-96a16 16 0 0 0-16 16v128a16 16 0 0 1-16 16H80a16 16 0 0 1-16-16V311.07c1.78-1.21 3.85-1.89 5.47-3.35L288 115l218.74 192.9c1.54 1.38 3.56 2 5.26 3.2V496a16 16 0 0 1-16 16H368a16 16 0 0 1-16-16z\" fill=\"currentColor\" class=\"fa-secondary\"><\/path><path d=\"M527.92 283.91L298.6 81.64a16 16 0 0 0-21.17 0L48.11 283.92a16 16 0 0 1-22.59-1.21L4.1 258.89a16 16 0 0 1 1.21-22.59l256-226a39.85 39.85 0 0 1 53.45 0l255.94 226a16 16 0 0 1 1.22 22.59l-21.4 23.82a16 16 0 0 1-22.6 1.2z\" fill=\"currentColor\" class=\"fa-primary\"><\/path><\/g><\/svg><\/span><\/h3>\n\n\n\n<h3 class=\"gb-headline gb-headline-2cfe340c gb-headline-text\"><strong>COMMUNE DES PLANES D&#039;HOSTOLES<\/strong><\/h3>\n\n\n\n<p><a href=\"\/fr\/t\u00e9l\u00e9phone : +34972448006\/\">972 44 80 06 <\/a><\/p>\n\n\n\n<p>Du lundi au vendredi de 9h00 \u00e0 14h00<\/p>\n\n<\/div><\/div>\n<\/div><\/div><\/div>\n\n<div class=\"gb-grid-column gb-grid-column-9997e103\"><div class=\"gb-container gb-container-9997e103\"><div class=\"gb-inside-container\">\n\n<figure class=\"wp-block-image size-full\"><img loading=\"lazy\" decoding=\"async\" width=\"700\" height=\"467\" src=\"https:\/\/turismelesplanes.cat\/wp-content\/uploads\/2021\/07\/cap_les_planes_d-hostoles.jpg\" alt=\"\" class=\"wp-image-1578\" srcset=\"https:\/\/turismelesplanes.cat\/wp-content\/uploads\/2021\/07\/cap_les_planes_d-hostoles.jpg 700w, https:\/\/turismelesplanes.cat\/wp-content\/uploads\/2021\/07\/cap_les_planes_d-hostoles-300x200.jpg 300w\" sizes=\"auto, (max-width: 700px) 100vw, 700px\" \/><\/figure>\n\n\n<div class=\"gb-container gb-container-1d5776fc\"><div class=\"gb-inside-container\">\n\n<h3 class=\"gb-headline gb-headline-6d7e0610\"><span class=\"gb-icon\"><svg viewbox=\"0 0 576 512\" xmlns=\"http:\/\/www.w3.org\/2000\/svg\" class=\"svg-inline--fa fa-clinic-medical fa-w-18\" data-icon=\"clinic-medical\" data-prefix=\"fad\" aria-hidden=\"true\"><g class=\"fa-group\"><path opacity=\"0.4\" d=\"M288 115L69.48 307.72c-1.62 1.46-3.69 2.14-5.47 3.35V496a16 16 0 0 0 16 16H496a16 16 0 0 0 16-16V311.11c-1.7-1.16-3.72-1.82-5.26-3.2zm96 261a8 8 0 0 1-8 8h-56v56a8 8 0 0 1-8 8h-48a8 8 0 0 1-8-8v-56h-56a8 8 0 0 1-8-8v-48a8 8 0 0 1 8-8h56v-56a8 8 0 0 1 8-8h48a8 8 0 0 1 8 8v56h56a8 8 0 0 1 8 8z\" fill=\"currentColor\" class=\"fa-secondary\"><\/path><path d=\"M570.7 236.29l-255.94-226a39.85 39.85 0 0 0-53.45 0l-256 226a16 16 0 0 0-1.21 22.59l21.41 23.82a16 16 0 0 0 22.59 1.21L277.43 81.64a16 16 0 0 1 21.17 0l229.32 202.27a16 16 0 0 0 22.6-1.2l21.4-23.82a16 16 0 0 0-1.22-22.6zM376 320h-56v-56a8 8 0 0 0-8-8h-48a8 8 0 0 0-8 8v56h-56a8 8 0 0 0-8 8v48a8 8 0 0 0 8 8h56v56a8 8 0 0 0 8 8h48a8 8 0 0 0 8-8v-56h56a8 8 0 0 0 8-8v-48a8 8 0 0 0-8-8z\" fill=\"currentColor\" class=\"fa-primary\"><\/path><\/g><\/svg><\/span><\/h3>\n\n\n\n<h3 class=\"gb-headline gb-headline-8b72352a gb-headline-text\"><strong>CENTRE DE SOINS PRIMAIRES (CAP)<\/strong><\/h3>\n\n\n\n<p><a href=\"\/fr\/t\u00e9l\u00e9phone : +34972448112\/\">972 44 81 12<\/a><\/p>\n\n\n\n<p>M\u00e9decine g\u00e9n\u00e9rale: <br>Lundi, mercredi et vendredi de 8h \u00e0 15h. <br>Mardi et jeudi apr\u00e8s-midi de 14h \u00e0 20h P\u00e9diatrie : lundi de 8h30 \u00e0 15h.<\/p>\n\n<\/div><\/div>\n<\/div><\/div><\/div>\n\n<div class=\"gb-grid-column gb-grid-column-9a110131\"><div class=\"gb-container gb-container-9a110131\"><div class=\"gb-inside-container\">\n\n<figure class=\"wp-block-image size-full\"><img loading=\"lazy\" decoding=\"async\" width=\"700\" height=\"467\" src=\"https:\/\/turismelesplanes.cat\/wp-content\/uploads\/2021\/07\/mercat_les_planes_d-hostoles.jpg\" alt=\"\" class=\"wp-image-1580\" srcset=\"https:\/\/turismelesplanes.cat\/wp-content\/uploads\/2021\/07\/mercat_les_planes_d-hostoles.jpg 700w, https:\/\/turismelesplanes.cat\/wp-content\/uploads\/2021\/07\/mercat_les_planes_d-hostoles-300x200.jpg 300w\" sizes=\"auto, (max-width: 700px) 100vw, 700px\" \/><\/figure>\n\n\n<div class=\"gb-container gb-container-9e559f12\"><div class=\"gb-inside-container\">\n\n<h3 class=\"gb-headline gb-headline-2de3bb28\"><span class=\"gb-icon\"><svg viewbox=\"0 0 576 512\" xmlns=\"http:\/\/www.w3.org\/2000\/svg\" class=\"svg-inline--fa fa-shopping-basket fa-w-18\" data-icon=\"shopping-basket\" data-prefix=\"fad\" aria-hidden=\"true\"><g class=\"fa-group\"><path opacity=\"0.4\" d=\"M242.82 38.12a32 32 0 0 0-44.7 7.06L91.34 192h79.14l79.4-109.18a32 32 0 0 0-7.06-44.7zm135.06 7.06a32 32 0 1 0-51.76 37.64L405.52 192h79.14z\" fill=\"currentColor\" class=\"fa-secondary\"><\/path><path d=\"M552 192H24a24 24 0 0 0-24 24v16a24 24 0 0 0 24 24h8l26.11 182.79A48 48 0 0 0 105.63 480h364.74a48 48 0 0 0 47.52-41.21L544 256h8a24 24 0 0 0 24-24v-16a24 24 0 0 0-24-24zM200 392a24 24 0 0 1-48 0V280a24 24 0 0 1 48 0zm112 0a24 24 0 0 1-48 0V280a24 24 0 0 1 48 0zm112 0a24 24 0 0 1-48 0V280a24 24 0 0 1 48 0z\" fill=\"currentColor\" class=\"fa-primary\"><\/path><\/g><\/svg><\/span><\/h3>\n\n\n\n<h3 class=\"gb-headline gb-headline-5447f5d2 gb-headline-text\"><strong>MARCH\u00c9 HEBDOMADAIRE<\/strong><\/h3>\n\n\n\n<p>Tous les vendredis de 8h \u00e0 13h.<\/p>\n\n<\/div><\/div>\n<\/div><\/div><\/div>\n\n<div class=\"gb-grid-column gb-grid-column-2a5b6af7\"><div class=\"gb-container gb-container-2a5b6af7\"><div class=\"gb-inside-container\">\n\n<figure class=\"wp-block-image size-full\"><img loading=\"lazy\" decoding=\"async\" width=\"700\" height=\"467\" src=\"https:\/\/turismelesplanes.cat\/wp-content\/uploads\/2021\/07\/deixalleria_les_planes_d-hostoles.jpg\" alt=\"\" class=\"wp-image-1579\" srcset=\"https:\/\/turismelesplanes.cat\/wp-content\/uploads\/2021\/07\/deixalleria_les_planes_d-hostoles.jpg 700w, https:\/\/turismelesplanes.cat\/wp-content\/uploads\/2021\/07\/deixalleria_les_planes_d-hostoles-300x200.jpg 300w\" sizes=\"auto, (max-width: 700px) 100vw, 700px\" \/><\/figure>\n\n\n<div class=\"gb-container gb-container-1a2de7c4\"><div class=\"gb-inside-container\">\n\n<h3 class=\"gb-headline gb-headline-375a02e6\"><span class=\"gb-icon\"><svg viewbox=\"0 0 512 512\" xmlns=\"http:\/\/www.w3.org\/2000\/svg\" class=\"svg-inline--fa fa-recycle fa-w-16\" data-icon=\"recycle\" data-prefix=\"fad\" aria-hidden=\"true\"><g class=\"fa-group\"><path opacity=\"0.4\" d=\"M497.29 301.1L469.77 257a12 12 0 0 0-16.53-3.83l-33.86 21.16a12 12 0 0 0-3.81 16.54L443.12 335c13.26 21.21-2.06 49-27.14 49H320v64h95.88c75.27 0 121.33-83 81.41-146.9zM148 384H96c-25 0-40.4-27.73-27.12-49l50.87-81.4-54.22-33.89-50.82 81.39C-25.19 365 20.78 448 96.11 448H148a12 12 0 0 0 12-12v-40a12 12 0 0 0-12-12zm230.67-272.86l-41.26-66.08c-37.52-60-125.21-60.17-162.82 0l-18 28.76a12 12 0 0 0 3.81 16.54l33.92 21.19a12 12 0 0 0 16.54-3.78L228.9 79c12.72-20.34 42-19.68 54.26 0l41.29 66.07z\" fill=\"currentColor\" class=\"fa-secondary\"><\/path><path d=\"M184.56 261.88l-25.45-110.23a16 16 0 0 0-19.18-12L29.68 165.11c-13.84 3.19-17 21.61-4.88 29.16L160.48 279c12 7.47 27.3-3.17 24.07-17.17zm108.13 62.79l-80 80a16 16 0 0 0 0 22.63l80 80c10 10 27.31 3 27.31-11.31V336c0-14.23-17.24-21.4-27.31-11.33zm126.67-239l-135.65 84.85c-12 7.53-9 25.95 4.88 29.16l110.24 25.45a16 16 0 0 0 19.19-12l25.41-110.25c3.19-13.88-12-24.72-24.07-17.17z\" fill=\"currentColor\" class=\"fa-primary\"><\/path><\/g><\/svg><\/span><\/h3>\n\n\n\n<h3 class=\"gb-headline gb-headline-96d26466 gb-headline-text\"><strong>D\u00c9CH\u00c8TERIE MOBILE<\/strong><\/h3>\n\n\n\n<p>29 et 30 juillet<br>23 et 24 septembre<br>18 et 19 novembre 42<\/p>\n\n<\/div><\/div>\n<\/div><\/div><\/div>\n<\/div>\n<\/div><\/div>\n\n<div class=\"gb-container gb-container-7e7070c2\"><div class=\"gb-inside-container\">\n<div class=\"gb-grid-wrapper gb-grid-wrapper-030c7886\">\n<div class=\"gb-grid-column gb-grid-column-a80dd8ed\"><div class=\"gb-container gb-container-a80dd8ed\"><div class=\"gb-inside-container\">\n\n<h3 class=\"gb-headline gb-headline-f3e5f102\"><span class=\"gb-icon\"><svg viewbox=\"0 0 640 512\" xmlns=\"http:\/\/www.w3.org\/2000\/svg\" class=\"svg-inline--fa fa-ambulance fa-w-20\" data-icon=\"ambulance\" data-prefix=\"fad\" aria-hidden=\"true\"><g class=\"fa-group\"><path opacity=\"0.4\" d=\"M464 352a80 80 0 1 0 80 80 80 80 0 0 0-80-80zm-288 0a80 80 0 1 0 80 80 80 80 0 0 0-80-80zm120-224h-56V72a8 8 0 0 0-8-8h-48a8 8 0 0 0-8 8v56h-56a8 8 0 0 0-8 8v48a8 8 0 0 0 8 8h56v56a8 8 0 0 0 8 8h48a8 8 0 0 0 8-8v-56h56a8 8 0 0 0 8-8v-48a8 8 0 0 0-8-8z\" fill=\"currentColor\" class=\"fa-secondary\"><\/path><path d=\"M624 352h-16V243.9a48 48 0 0 0-14.1-33.9L494 110.1A48 48 0 0 0 460.1 96H416V48a48 48 0 0 0-48-48H48A48 48 0 0 0 0 48v320a48 48 0 0 0 48 48h18.16C74 361.93 119.78 320 176 320s102.54 41.86 110.38 96h67.24c7.85-54.14 54.1-96 110.38-96s102 41.93 109.84 96H624a16 16 0 0 0 16-16v-32a16 16 0 0 0-16-16zM304 184a8 8 0 0 1-8 8h-56v56a8 8 0 0 1-8 8h-48a8 8 0 0 1-8-8v-56h-56a8 8 0 0 1-8-8v-48a8 8 0 0 1 8-8h56V72a8 8 0 0 1 8-8h48a8 8 0 0 1 8 8v56h56a8 8 0 0 1 8 8zm256 72H416V144h44.1l99.9 99.9z\" fill=\"currentColor\" class=\"fa-primary\"><\/path><\/g><\/svg><\/span><span class=\"gb-headline-text\">S\u00e9curit\u00e9<\/span><\/h3>\n\n\n\n<ul class=\"wp-block-list\">\n<li><strong>URGENCES<br><\/strong>112<\/li>\n\n\n\n<li><strong>PROTECTION CIVILE<br><\/strong>972 418 655<\/li>\n<\/ul>\n\n\n\n<h3 class=\"gb-headline gb-headline-7f06f8db\"><span class=\"gb-icon\"><svg viewbox=\"0 0 512 512\" xmlns=\"http:\/\/www.w3.org\/2000\/svg\" class=\"svg-inline--fa fa-faucet-drip fa-w-16\" data-icon=\"faucet-drip\" data-prefix=\"fad\" aria-hidden=\"true\"><g class=\"fa-group\"><path opacity=\"0.4\" d=\"M352,192H313.39c-15.71-13.44-35.46-23.07-57.39-28V116.44l-32-3.38-32,3.38V164c-21.93,5-41.68,14.6-57.39,28H16A16,16,0,0,0,0,208v96a16,16,0,0,0,16,16h92.79C129.38,357.73,173,384,224,384s94.62-26.27,115.21-64H352a32,32,0,0,1,32,32,32,32,0,0,0,32,32h64a32,32,0,0,0,32-32A160,160,0,0,0,352,192ZM256,43.74V16A16,16,0,0,0,240,0H208a16,16,0,0,0-16,16V43.74l32,3.38Z\" fill=\"currentColor\" class=\"fa-secondary\"><\/path><path d=\"M448,416s-32,46.33-32,64a32,32,0,0,0,64,0C480,462.33,448,416,448,416ZM366.41,32.09,224,47.12l-142.41-15C72.17,31.09,64,38.9,64,48.89V79.11c0,10,8.17,17.8,17.59,16.8L224,80.88l142.41,15c9.42,1,17.59-6.81,17.59-16.8V48.89C384,38.9,375.83,31.09,366.41,32.09Z\" fill=\"currentColor\" class=\"fa-primary\"><\/path><\/g><\/svg><\/span><span class=\"gb-headline-text\">Prestations de service<\/span><\/h3>\n\n\n\n<ul class=\"wp-block-list\">\n<li><strong>EAU (Mairie)<\/strong><br>676 184 993<\/li>\n\n\n\n<li><strong>FECSA-ENDESA<\/strong> - Service Clients<br>902 507 750<\/li>\n\n\n\n<li><strong>FECSA-ENDESA<\/strong> \u2013 Les pannes<br>900 770 077<\/li>\n\n\n\n<li><strong>GAZ NATUREL<\/strong><br>900 760 760<\/li>\n\n\n\n<li><strong>REPSOL BUTANO<\/strong><br>901 100 100<\/li>\n<\/ul>\n\n<\/div><\/div><\/div>\n\n<div class=\"gb-grid-column gb-grid-column-4e541582\"><div class=\"gb-container gb-container-4e541582\"><div class=\"gb-inside-container\">\n\n<h3 class=\"gb-headline gb-headline-63e16098\"><span class=\"gb-icon\"><svg viewbox=\"0 0 576 512\" xmlns=\"http:\/\/www.w3.org\/2000\/svg\" class=\"svg-inline--fa fa-clinic-medical fa-w-18\" data-icon=\"clinic-medical\" data-prefix=\"fad\" aria-hidden=\"true\"><g class=\"fa-group\"><path opacity=\"0.4\" d=\"M288 115L69.48 307.72c-1.62 1.46-3.69 2.14-5.47 3.35V496a16 16 0 0 0 16 16H496a16 16 0 0 0 16-16V311.11c-1.7-1.16-3.72-1.82-5.26-3.2zm96 261a8 8 0 0 1-8 8h-56v56a8 8 0 0 1-8 8h-48a8 8 0 0 1-8-8v-56h-56a8 8 0 0 1-8-8v-48a8 8 0 0 1 8-8h56v-56a8 8 0 0 1 8-8h48a8 8 0 0 1 8 8v56h56a8 8 0 0 1 8 8z\" fill=\"currentColor\" class=\"fa-secondary\"><\/path><path d=\"M570.7 236.29l-255.94-226a39.85 39.85 0 0 0-53.45 0l-256 226a16 16 0 0 0-1.21 22.59l21.41 23.82a16 16 0 0 0 22.59 1.21L277.43 81.64a16 16 0 0 1 21.17 0l229.32 202.27a16 16 0 0 0 22.6-1.2l21.4-23.82a16 16 0 0 0-1.22-22.6zM376 320h-56v-56a8 8 0 0 0-8-8h-48a8 8 0 0 0-8 8v56h-56a8 8 0 0 0-8 8v48a8 8 0 0 0 8 8h56v56a8 8 0 0 0 8 8h48a8 8 0 0 0 8-8v-56h56a8 8 0 0 0 8-8v-48a8 8 0 0 0-8-8z\" fill=\"currentColor\" class=\"fa-primary\"><\/path><\/g><\/svg><\/span><span class=\"gb-headline-text\">Sant\u00e9 et bien-\u00eatre<\/span><\/h3>\n\n\n\n<ul class=\"wp-block-list\">\n<li><strong>AMBULANCES GARROTXA<br><\/strong>972 272 828<\/li>\n\n\n\n<li><strong>CHEF - CENTRE DE SOINS PRIMAIRES<\/strong><br>Passage de la Estaci\u00f3n s\/n<strong><br><\/strong>972 448 112<\/li>\n\n\n\n<li><strong>M\u00c9DECIN DE SERVICE<br><\/strong>609 494 615<\/li>\n\n\n\n<li><strong>CROIX ROUGE \u2013 Urgences<\/strong>&nbsp;\u2013 Urgences<br>972 222 222<\/li>\n\n\n\n<li><strong>CROIX ROUGE \u2013 Urgences<\/strong>&nbsp;- Information<br>972 200 415<\/li>\n\n\n\n<li><strong>PHARMACIE MA\u00c7ON<br><\/strong>972 448 015<br><a href=\"http:\/\/www.cofgi.com\/Sec_FF\/wf_municipioGuardiaslst.aspx?IdMenu=382\" target=\"_blank\" rel=\"noreferrer noopener\">PHARMACIE DE GARDE<\/a><\/li>\n\n\n\n<li><strong>H\u00d4PITAL OLOT<br><\/strong>972 261 800<\/li>\n\n\n\n<li><strong>CENTRE DE PHYSIO<\/strong><br>c\/ Secr\u00e9taire Salvador Simon, 30 ans<br>972 44 89 02<br><a href=\"http:\/\/www.centrephysio.com\/\" data-type=\"URL\" data-id=\"http:\/\/www.centrephysio.com\/\">ww<\/a><a href=\"http:\/\/www.centrephysio.com\/\" data-type=\"URL\" data-id=\"http:\/\/www.centrephysio.com\/\" target=\"_blank\" rel=\"noreferrer noopener\">www.centrephysio.com<\/a><\/li>\n\n\n\n<li><strong>DENTISTE BRUSCANTINI<\/strong><br>Un V. Narcis Arnau, 95 ans<br>972 44 90 02<\/li>\n\n\n\n<li><strong>MASSAGE MARGARITA GRABOLOSA<\/strong><br>639 847 107<\/li>\n\n\n\n<li><strong>MASSAGE TH\u00c9RAPEUTIQUE PATRICIA<\/strong><br>651 482 519<\/li>\n\n\n\n<li><strong>INSTITUT CATALAN DE LA SANT\u00c9<br><\/strong>061<\/li>\n<\/ul>\n\n<\/div><\/div><\/div>\n\n<div class=\"gb-grid-column gb-grid-column-56150036\"><div class=\"gb-container gb-container-56150036\"><div class=\"gb-inside-container\">\n\n<h3 class=\"gb-headline gb-headline-9475d8ef\"><span class=\"gb-icon\"><svg viewbox=\"0 0 512 512\" xmlns=\"http:\/\/www.w3.org\/2000\/svg\" class=\"svg-inline--fa fa-bus-alt fa-w-16\" data-icon=\"bus-alt\" data-prefix=\"fad\" aria-hidden=\"true\"><g class=\"fa-group\"><path opacity=\"0.4\" d=\"M96 160v96a32 32 0 0 0 32 32h112V128H128a32 32 0 0 0-32 32zm320 96v-96a32 32 0 0 0-32-32H272v160h112a32 32 0 0 0 32-32zM64 480a32 32 0 0 0 32 32h32a32 32 0 0 0 32-32v-32H64zm288-32v32a32 32 0 0 0 32 32h32a32 32 0 0 0 32-32v-32z\" fill=\"currentColor\" class=\"fa-secondary\"><\/path><path d=\"M488 128h-8V80c0-44.8-99.2-80-224-80S32 35.2 32 80v48h-8a24 24 0 0 0-24 24v80a24 24 0 0 0 24 24h8v160a32 32 0 0 0 32 32h384a32 32 0 0 0 32-32V256h8a24 24 0 0 0 24-24v-80a24 24 0 0 0-24-24zM112 400a32 32 0 1 1 32-32 32 32 0 0 1-32 32zm128-112H128a32 32 0 0 1-32-32v-96a32 32 0 0 1 32-32h112zM168 96a8 8 0 0 1-8-8V72a8 8 0 0 1 8-8h176a8 8 0 0 1 8 8v16a8 8 0 0 1-8 8H168zm104 32h112a32 32 0 0 1 32 32v96a32 32 0 0 1-32 32H272zm128 272a32 32 0 1 1 32-32 32 32 0 0 1-32 32z\" fill=\"currentColor\" class=\"fa-primary\"><\/path><\/g><\/svg><\/span><span class=\"gb-headline-text\">Logistique<\/span><\/h3>\n\n\n\n<ul class=\"wp-block-list\">\n<li><strong>A\u00c9ROPORT DE G\u00c9RONE<\/strong><br>972 186 600<\/li>\n\n\n\n<li><strong>TEISA OLOT<\/strong><br>972 260 196, 972 204 868<br><a href=\"http:\/\/www.teisa-bus.com\/es\/index.html\" target=\"_blank\" rel=\"noreferrer noopener\">www.teisa-bus.com<\/a><\/li>\n\n\n\n<li><strong>GARE ROUTI\u00c8RE \u2013 G\u00c9RONE&nbsp;&nbsp;&nbsp;&nbsp;<\/strong><br>972 212 319<\/li>\n\n\n\n<li><strong>ROUTES D&#039;INFORMATION 24H<\/strong><br>972 200 131<\/li>\n\n\n\n<li><strong>RENFE G\u00c9RONE&nbsp;&nbsp;&nbsp;&nbsp;&nbsp;&nbsp;&nbsp;&nbsp;&nbsp;&nbsp;<\/strong><br>972 207 093<\/li>\n\n\n\n<li><strong>CHAUFFEUR DE TAXI ALEXANDRE<\/strong><br>628 514 363<br><a href=\"http:\/\/www.driverlesvalls.com\/\" data-type=\"URL\" data-id=\"http:\/\/www.driverlesvalls.com\/\">www.driverlesvalls.com<\/a><\/li>\n\n\n\n<li><strong>TRANSPORT ARIMANIEN<\/strong><br>c\/ Nou de la Vedruna, 3<br>626 730 175<br><a href=\"mailto:info@transarimany.com\">info@transarimany.com<\/a><\/li>\n\n\n\n<li><strong>TRANS G. CUSID\u00d3N<\/strong><br>c\/ Santa Margarida, 23<br>972 44 86 26, 620 273 859<\/li>\n\n\n\n<li><strong>GARAGE AUTOMOBILE<\/strong><br>c\/ Majeur, 6<br>972 44 81 86<\/li>\n\n\n\n<li><strong>MACHINES ALVES<\/strong><br>Paseo de l&#039;Estacio s\/n<br>626 482 259<\/li>\n\n\n\n<li><strong>STATION ESSENCE Q8<\/strong><br>Crtra 63, Km 54<br>972 44 89 35<\/li>\n\n\n\n<li><strong>ARGENT BANCAIRE<\/strong><br>Moragas et Barret, 14<br>972 24 75 40<\/li>\n\n\n\n<li><strong>CARTE AMERICAN EXPRESS<\/strong><br>915 720 320<\/li>\n\n\n\n<li><strong>VISA, MASTERCARD, EUROCARD<\/strong><br>915 196 000&nbsp;<\/li>\n\n\n\n<li><strong>R\u00c9SEAU 4B<\/strong><br>902 114 400<\/li>\n\n\n\n<li><strong>GZ ASSEGURANCES VA DE TR\u00c9BOL<\/strong><br>Plaza Nova, 4<br>648 411 770<br>gzpatri@mapfre.com<\/li>\n\n\n\n<li><strong>JORDI CLAR\u00c0 BLANQUERNA, INSURANCE BROKER<\/strong><br>c\/ del Plan, 20<br>972 44 80 42, 660 004 127<br>info@claraiblanquerna.cat<\/li>\n\n\n\n<li><strong>COPICAT<\/strong><br>972 44 81 78 (972 40 05 15 G\u00e9rone)<br><a href=\"mailto:info@copicat.com\">info@copicat.com<\/a><\/li>\n\n\n\n<li><strong>PROTECTION CONTRE LES INONDATIONS<\/strong><br>665872289 \/ 615462065<\/li>\n<\/ul>\n\n<\/div><\/div><\/div>\n<\/div>\n<\/div><\/div>","protected":false},"excerpt":{"rendered":"","protected":false},"author":2,"featured_media":431,"parent":0,"menu_order":0,"comment_status":"closed","ping_status":"closed","template":"","meta":{"_acf_changed":false,"inline_featured_image":false,"footnotes":""},"class_list":["post-1030","page","type-page","status-publish","has-post-thumbnail"],"acf":[],"_links":{"self":[{"href":"https:\/\/turismelesplanes.cat\/fr\/wp-json\/wp\/v2\/pages\/1030","targetHints":{"allow":["GET"]}}],"collection":[{"href":"https:\/\/turismelesplanes.cat\/fr\/wp-json\/wp\/v2\/pages"}],"about":[{"href":"https:\/\/turismelesplanes.cat\/fr\/wp-json\/wp\/v2\/types\/page"}],"author":[{"embeddable":true,"href":"https:\/\/turismelesplanes.cat\/fr\/wp-json\/wp\/v2\/users\/2"}],"replies":[{"embeddable":true,"href":"https:\/\/turismelesplanes.cat\/fr\/wp-json\/wp\/v2\/comments?post=1030"}],"version-history":[{"count":52,"href":"https:\/\/turismelesplanes.cat\/fr\/wp-json\/wp\/v2\/pages\/1030\/revisions"}],"predecessor-version":[{"id":2608,"href":"https:\/\/turismelesplanes.cat\/fr\/wp-json\/wp\/v2\/pages\/1030\/revisions\/2608"}],"wp:featuredmedia":[{"embeddable":true,"href":"https:\/\/turismelesplanes.cat\/fr\/wp-json\/wp\/v2\/media\/431"}],"wp:attachment":[{"href":"https:\/\/turismelesplanes.cat\/fr\/wp-json\/wp\/v2\/media?parent=1030"}],"curies":[{"name":"wp","href":"https:\/\/api.w.org\/{rel}","templated":true}]}}