{"id":130,"date":"2021-02-23T10:39:28","date_gmt":"2021-02-23T10:39:28","guid":{"rendered":"https:\/\/turisme.tandem.ws\/?page_id=130"},"modified":"2021-06-16T06:23:20","modified_gmt":"2021-06-16T06:23:20","slug":"politique-de-confidentialite","status":"publish","type":"page","link":"https:\/\/turismelesplanes.cat\/fr\/politique-de-confidentialite\/","title":{"rendered":"Politique de confidentialit\u00e9"},"content":{"rendered":"<div class=\"gb-container gb-container-0882ce8f\"><div class=\"gb-inside-container\">\n\n<p>Le PROPRI\u00c9TAIRE s&#039;engage \u00e0 prot\u00e9ger la vie priv\u00e9e des utilisateurs qui acc\u00e8dent \u00e0 ce site web et\/ou \u00e0 ses services. L&#039;utilisation du site web et\/ou des services propos\u00e9s par le PROPRI\u00c9TAIRE implique l&#039;acceptation par l&#039;utilisateur des dispositions de la pr\u00e9sente Politique de confidentialit\u00e9 et le traitement de ses donn\u00e9es personnelles conform\u00e9ment \u00e0 celles-ci. Veuillez noter que, bien que notre site web puisse contenir des liens vers d&#039;autres sites web, la pr\u00e9sente Politique de confidentialit\u00e9 ne s&#039;applique pas aux sites web d&#039;autres entreprises ou organisations vers lesquels le site web redirige. Le PROPRI\u00c9TAIRE ne contr\u00f4le pas le contenu des sites web tiers et n&#039;assume aucune responsabilit\u00e9 quant au contenu ou aux politiques de confidentialit\u00e9 de ces sites.<\/p>\n\n\n\n<p>Informations sur le traitement des donn\u00e9es (R\u00e8glement (UE) 2016\/679 et LO 3\/2018)<\/p>\n\n\n\n<figure class=\"wp-block-table\"><table><tbody><tr><td>Responsable du traitement<\/td><td>LE PROPRI\u00c9TAIRE.<br>Nos donn\u00e9es sont r\u00e9pertori\u00e9es dans le<a href=\"https:\/\/turismelesplanes.cat\/fr\/ca\/mentions-legales\/\">avertissement l\u00e9gal<\/a> de ce site.<\/td><\/tr><tr><td>Finalit\u00e9 du traitement<\/td><td>Proposer et g\u00e9rer nos produits et\/ou services.<\/td><\/tr><tr><td>L\u00e9gitimation<\/td><td>Consentement de l&#039;int\u00e9ress\u00e9 obtenu. Ex\u00e9cution du contrat de service.<\/td><\/tr><tr><td>Destinataires<\/td><td>Les donn\u00e9es ne seront pas communiqu\u00e9es \u00e0 des tiers, sauf si la loi l&#039;exige ou si cela est n\u00e9cessaire pour se conformer \u00e0 la finalit\u00e9 du traitement.<\/td><\/tr><tr><td>Droits de l&#039;homme<\/td><td>Les personnes int\u00e9ress\u00e9es ont le droit d&#039;exercer les droits d&#039;acc\u00e8s, de rectification, de limitation du traitement, de suppression, de portabilit\u00e9 et d&#039;opposition, en envoyant leur demande \u00e0 notre adresse.<\/td><\/tr><tr><td>Dur\u00e9e de conservation des donn\u00e9es<\/td><td>Tant que la relation commerciale est maintenue ou pendant les ann\u00e9es n\u00e9cessaires au respect des obligations l\u00e9gales.<\/td><\/tr><tr><td>R\u00e9clamer<\/td><td>Les parties int\u00e9ress\u00e9es peuvent contacter l\u2019AEPD pour d\u00e9poser toute r\u00e9clamation qu\u2019elles jugent appropri\u00e9e.<\/td><\/tr><tr><td>Informations Compl\u00e9mentaires<\/td><td>Vous pouvez consulter des informations compl\u00e9mentaires et d\u00e9taill\u00e9es ci-dessous dans \u00ab Questions sur la confidentialit\u00e9 \u00bb.<\/td><\/tr><\/tbody><\/table><\/figure>\n\n\n\n<p>Probl\u00e8mes de confidentialit\u00e9<\/p>\n\n\n\n<p>Conform\u00e9ment au R\u00e8glement (UE) 2016\/679 du Parlement europ\u00e9en et du Conseil du 27 avril 2016 (RGPD) et \u00e0 la Loi organique 3\/2018 du 5 d\u00e9cembre relative \u00e0 la protection des donn\u00e9es personnelles et \u00e0 la garantie des droits num\u00e9riques (LOPDGDD), nous vous proposons les informations suivantes sur le traitement de vos donn\u00e9es personnelles :<\/p>\n\n\n\n<p>Qui est responsable du traitement de vos donn\u00e9es ?<\/p>\n\n\n\n<p>LE PROPRI\u00c9TAIRE.<br>Nos donn\u00e9es sont r\u00e9pertori\u00e9es dans le<a href=\"https:\/\/turismelesplanes.cat\/fr\/ca\/mentions-legales\/\">avertissement l\u00e9gal<\/a> de ce site.<\/p>\n\n\n\n<p>Dans quel but traitons-nous vos donn\u00e9es personnelles ?<\/p>\n\n\n\n<ul class=\"wp-block-list\"><li>Nous traitons les informations qui nous sont fournies pour fournir et facturer nos services et produits.<\/li><li>Si vous nous donnez votre consentement, nous pouvons \u00e9galement traiter vos donn\u00e9es pour vous envoyer des informations sur nos activit\u00e9s, services et produits.<\/li><li>Si vous participez \u00e0 l&#039;un de nos tirages au sort et\/ou concours, nous publierons votre nom et pr\u00e9nom, ainsi que votre image, dans les diff\u00e9rents espaces et moyens de communication et de diffusion que nous utilisons, y compris les r\u00e9seaux sociaux, dans le but de promouvoir nos activit\u00e9s, services et produits.<\/li><\/ul>\n\n\n\n<p>Combien de temps conserverons-nous vos donn\u00e9es ?<\/p>\n\n\n\n<p>Les donn\u00e9es personnelles fournies seront conserv\u00e9es tant que vous \u00eates utilisateur de nos services ou souhaitez recevoir des informations \u00e0 leur sujet, et si vous participez \u00e0 une promotion pendant qu&#039;elle est active, puis pendant les p\u00e9riodes \u00e9tablies pour respecter nos obligations l\u00e9gales.<\/p>\n\n\n\n<p>Quelle est la l\u00e9gitimit\u00e9 du traitement de vos donn\u00e9es ?<\/p>\n\n\n\n<p>La base juridique du traitement de vos donn\u00e9es est le consentement que vous nous donnez.<\/p>\n\n\n\n<p>Concernant les informations qui nous sont transmises par des mineurs de moins de 16 ans, il est entendu qu&#039;elles ont \u00e9t\u00e9 transmises avec le consentement de leurs repr\u00e9sentants l\u00e9gaux. \u00c0 d\u00e9faut, le repr\u00e9sentant l\u00e9gal du mineur doit nous en informer d\u00e8s qu&#039;il en a connaissance.<\/p>\n\n\n\n<p>\u00c0 quels destinataires vos donn\u00e9es seront-elles communiqu\u00e9es ?<\/p>\n\n\n\n<p>Les donn\u00e9es ne seront pas communiqu\u00e9es \u00e0 des tiers, sauf si la loi l&#039;exige ou si cela est n\u00e9cessaire pour se conformer \u00e0 la finalit\u00e9 du traitement.<\/p>\n\n\n\n<p>Quels sont vos droits lorsque vous nous fournissez vos donn\u00e9es ?<\/p>\n\n\n\n<ul class=\"wp-block-list\"><li>Toute personne a le droit d\u2019obtenir la confirmation que nous traitons ou non ses donn\u00e9es personnelles.<\/li><li>Les personnes int\u00e9ress\u00e9es ont le droit d&#039;acc\u00e9der \u00e0 leurs donn\u00e9es personnelles, ainsi que de demander la rectification des donn\u00e9es inexactes ou, le cas \u00e9ch\u00e9ant, de demander leur suppression lorsque, entre autres raisons, les donn\u00e9es ne sont plus n\u00e9cessaires aux fins pour lesquelles elles ont \u00e9t\u00e9 collect\u00e9es.<\/li><li>Dans certaines circonstances, les parties int\u00e9ress\u00e9es peuvent demander la limitation du traitement de leurs donn\u00e9es, auquel cas nous ne les conserverons que pour l&#039;exercice ou la d\u00e9fense de r\u00e9clamations.<\/li><li>De plus, dans certaines circonstances et pour des raisons li\u00e9es \u00e0 leur situation particuli\u00e8re, les personnes concern\u00e9es peuvent s&#039;opposer au traitement de leurs donn\u00e9es. Dans ce cas, nous cesserons de les traiter, sauf pour des raisons l\u00e9gitimes imp\u00e9rieuses ou pour l&#039;exercice ou la d\u00e9fense d&#039;\u00e9ventuelles r\u00e9clamations.<\/li><li>Les personnes int\u00e9ress\u00e9es ont \u00e9galement droit \u00e0 la portabilit\u00e9 de leurs donn\u00e9es.<\/li><li>Enfin, les parties int\u00e9ress\u00e9es ont le droit de d\u00e9poser une plainte aupr\u00e8s de l\u2019Autorit\u00e9 de Contr\u00f4le comp\u00e9tente.<\/li><\/ul>\n\n\n\n<p>Comment pouvez-vous exercer vos droits ?<\/p>\n\n\n\n<p>En nous envoyant une lettre accompagn\u00e9e d&#039;une copie d&#039;un document vous identifiant, \u00e0 notre adresse physique ou par voie \u00e9lectronique.<\/p>\n\n\n\n<p>Comment avons-nous obtenu vos donn\u00e9es ?<\/p>\n\n\n\n<p>Les donn\u00e9es personnelles que nous traitons proviennent de la personne concern\u00e9e, qui garantit l&#039;exactitude des donn\u00e9es fournies et s&#039;engage \u00e0 communiquer toute modification. Les donn\u00e9es marqu\u00e9es d&#039;un ast\u00e9risque sont obligatoires pour fournir le service demand\u00e9.<\/p>\n\n\n\n<p>Quelles donn\u00e9es traitons-nous ?<\/p>\n\n\n\n<p>Les cat\u00e9gories de donn\u00e9es que nous pouvons traiter sont :<\/p>\n\n\n\n<ul class=\"wp-block-list\"><li>Donn\u00e9es d&#039;identification.<\/li><li>Adresses postales ou \u00e9lectroniques.<\/li><li>Autres donn\u00e9es demand\u00e9es dans nos formulaires.<\/li><\/ul>\n\n\n\n<p>Les donn\u00e9es sont limit\u00e9es, puisque nous ne traitons que les donn\u00e9es n\u00e9cessaires \u00e0 la fourniture de nos services et \u00e0 la gestion de notre activit\u00e9.<\/p>\n\n\n\n<p>Utilisons-nous des cookies ?<\/p>\n\n\n\n<p>Nous utilisons des cookies lors de la navigation sur notre site web avec le consentement \u00e9clair\u00e9 de l&#039;utilisateur. L&#039;utilisateur peut configurer son navigateur pour \u00eatre inform\u00e9 de l&#039;utilisation de cookies et pour refuser leur utilisation. Pour plus d&#039;informations, consultez notre <a href=\"https:\/\/turismelesplanes.cat\/fr\/ca\/politique-relative-aux-cookies\/\">politique relative aux cookies<\/a>.<\/p>\n\n\n\n<p>Quelles mesures de s\u00e9curit\u00e9 appliquons-nous ?<\/p>\n\n\n\n<p>Nous appliquons les mesures de s\u00e9curit\u00e9 \u00e9tablies \u00e0 l&#039;article 32 du RGPD, nous avons donc adopt\u00e9 les mesures de s\u00e9curit\u00e9 n\u00e9cessaires pour garantir un niveau de s\u00e9curit\u00e9 adapt\u00e9 au risque du traitement des donn\u00e9es que nous effectuons, avec des m\u00e9canismes qui nous permettent de garantir la confidentialit\u00e9, l&#039;int\u00e9grit\u00e9, la disponibilit\u00e9 et la r\u00e9silience permanente des syst\u00e8mes et services de traitement.<\/p>\n\n\n\n<p>Certaines de ces mesures sont les suivantes :<\/p>\n\n\n\n<ul class=\"wp-block-list\"><li>Informations sur les politiques de traitement des donn\u00e9es \u00e0 destination du personnel.<\/li><li>Effectuer des sauvegardes r\u00e9guli\u00e8res.<\/li><li>Contr\u00f4le d&#039;acc\u00e8s aux donn\u00e9es.<\/li><li>Processus r\u00e9guliers de v\u00e9rification, d\u2019\u00e9valuation et d\u2019appr\u00e9ciation.<\/li><\/ul>\n\n<\/div><\/div>","protected":false},"excerpt":{"rendered":"<p>EL TITULAR es compromet a protegir la privacitat dels usuaris que accedeixin a aquest web i\/o qualsevol dels seus serveis. La utilitzaci\u00f3 del web i\/o de qualsevol dels serveis oferts per EL TITULAR, implica l&#8217;acceptaci\u00f3 per part de l&#8221;usuari de les disposicions contingudes en la present Pol\u00edtica de Privacitat i que les seves dades personals &#8230; <a title=\"Politique de confidentialit\u00e9\" class=\"read-more\" href=\"https:\/\/turismelesplanes.cat\/fr\/politique-de-confidentialite\/\" aria-label=\"En savoir plus sur Pol\u00edtica de privacitat\">En savoir plus<\/a><\/p>","protected":false},"author":1,"featured_media":260,"parent":0,"menu_order":0,"comment_status":"closed","ping_status":"closed","template":"","meta":{"_acf_changed":false,"inline_featured_image":false,"footnotes":""},"class_list":["post-130","page","type-page","status-publish","has-post-thumbnail"],"acf":[],"_links":{"self":[{"href":"https:\/\/turismelesplanes.cat\/fr\/wp-json\/wp\/v2\/pages\/130","targetHints":{"allow":["GET"]}}],"collection":[{"href":"https:\/\/turismelesplanes.cat\/fr\/wp-json\/wp\/v2\/pages"}],"about":[{"href":"https:\/\/turismelesplanes.cat\/fr\/wp-json\/wp\/v2\/types\/page"}],"author":[{"embeddable":true,"href":"https:\/\/turismelesplanes.cat\/fr\/wp-json\/wp\/v2\/users\/1"}],"replies":[{"embeddable":true,"href":"https:\/\/turismelesplanes.cat\/fr\/wp-json\/wp\/v2\/comments?post=130"}],"version-history":[{"count":3,"href":"https:\/\/turismelesplanes.cat\/fr\/wp-json\/wp\/v2\/pages\/130\/revisions"}],"predecessor-version":[{"id":1274,"href":"https:\/\/turismelesplanes.cat\/fr\/wp-json\/wp\/v2\/pages\/130\/revisions\/1274"}],"wp:featuredmedia":[{"embeddable":true,"href":"https:\/\/turismelesplanes.cat\/fr\/wp-json\/wp\/v2\/media\/260"}],"wp:attachment":[{"href":"https:\/\/turismelesplanes.cat\/fr\/wp-json\/wp\/v2\/media?parent=130"}],"curies":[{"name":"wp","href":"https:\/\/api.w.org\/{rel}","templated":true}]}}