{"id":135,"date":"2021-02-23T10:49:17","date_gmt":"2021-02-23T10:49:17","guid":{"rendered":"https:\/\/turisme.tandem.ws\/?page_id=135"},"modified":"2021-06-16T06:27:08","modified_gmt":"2021-06-16T06:27:08","slug":"mentions-legales","status":"publish","type":"page","link":"https:\/\/turismelesplanes.cat\/fr\/mentions-legales\/","title":{"rendered":"Mentions l\u00e9gales"},"content":{"rendered":"<div class=\"gb-container gb-container-12f72f2a\"><div class=\"gb-inside-container\">\n\n<p>Conform\u00e9ment \u00e0 la loi 34\/2002 relative aux services de la soci\u00e9t\u00e9 de l&#039;information et du commerce \u00e9lectronique, nous vous informons que ce site Web appartient \u00e0 la Mairie de Les Planes d&#039;Hostoles (ci-apr\u00e8s \u00ab LE PROPRI\u00c9TAIRE \u00bb), avec CIF P1714200A, domicili\u00e9e \u00e0 c. Rev. Ramon Costa, 1 \u00e0 Les Planes d&#039;Hostoles (17172) ; t\u00e9l\u00e9phone 972 44 80 06.<\/p>\n\n\n\n<p>PROPRI\u00c9T\u00c9 INTELLECTUELLE ET INDUSTRIELLE<\/p>\n\n\n\n<p>Le contenu de ce site, y compris les textes, images et graphismes, appartient au PROPRI\u00c9TAIRE ou \u00e0 des tiers ayant autoris\u00e9 leur utilisation. Le PROPRI\u00c9TAIRE pr\u00e9sente ce contenu \u00e0 des fins d&#039;information et de promotion. Il autorise son utilisation exclusivement \u00e0 ces fins. Toute utilisation de ces graphismes, images ou textes doit faire l&#039;objet d&#039;une mention expresse de leur propri\u00e9t\u00e9 par le PROPRI\u00c9TAIRE, qui se r\u00e9serve le droit d&#039;engager les actions en justice appropri\u00e9es pour r\u00e9parer les dommages et pertes caus\u00e9s par tout acte portant atteinte \u00e0 ses droits de propri\u00e9t\u00e9 intellectuelle ou industrielle.<\/p>\n\n\n\n<p>EXCLUSION DE RESPONSABILIT\u00c9<\/p>\n\n\n\n<p>Le PROPRI\u00c9TAIRE veille \u00e0 ce que les donn\u00e9es et informations propos\u00e9es sur son site web soient constamment mises \u00e0 jour. Il ne garantit ni n&#039;assume la responsabilit\u00e9 de l&#039;exactitude et de la mise \u00e0 jour du contenu du site, se r\u00e9servant le droit de le modifier \u00e0 tout moment. Le PROPRI\u00c9TAIRE d\u00e9cline \u00e9galement toute responsabilit\u00e9 quant aux informations accessibles via les liens pr\u00e9sents sur le site.<\/p>\n\n\n\n<p>Les relations commerciales avec les clients seront r\u00e9gies par les conditions g\u00e9n\u00e9rales qui, le cas \u00e9ch\u00e9ant, sont \u00e9tablies par LE PROPRI\u00c9TAIRE dans un document sp\u00e9cifique \u00e0 cet effet, ou par des accords sp\u00e9cifiques qui peuvent \u00eatre convenus avec les clients.<\/p>\n\n\n\n<p>CONDITIONS D&#039;UTILISATION<\/p>\n\n\n\n<p>L&#039;utilisation de ce site web implique l&#039;acceptation pleine et enti\u00e8re des termes des pr\u00e9sentes mentions l\u00e9gales. Tout conflit \u00e9ventuel relatif \u00e0 ce site web sera exclusivement r\u00e9gi par le droit espagnol. Tout utilisateur du site web, quelle que soit la juridiction territoriale d&#039;o\u00f9 il acc\u00e8de, accepte le respect des pr\u00e9sentes clauses, renon\u00e7ant express\u00e9ment \u00e0 toute autre juridiction qui pourrait lui correspondre.<\/p>\n\n<\/div><\/div>\n\n\n<p><\/p>","protected":false},"excerpt":{"rendered":"<p>De conformitat amb la Llei 34\/2002, de Serveis de la Societat de la Informaci\u00f3 i de Comer\u00e7 Electr\u00f2nic, l&#8217;informem que aquest web \u00e9s titularitat de Ajuntament de les Planes d&#8217;Hostoles, (en endavant \u201cEL TITULAR\u201d), amb CIF P1714200A, domicili a c. Reverend Ramon Costa, 1 de Les Planes d&#8217;Hostoles (17172); tel\u00e8fon 972 44 80 06. PROPIETAT &#8230; <a title=\"Mentions l\u00e9gales\" class=\"read-more\" href=\"https:\/\/turismelesplanes.cat\/fr\/mentions-legales\/\" aria-label=\"En savoir plus sur Av\u00eds legal\">En savoir plus<\/a><\/p>","protected":false},"author":1,"featured_media":260,"parent":0,"menu_order":0,"comment_status":"closed","ping_status":"closed","template":"","meta":{"_acf_changed":false,"inline_featured_image":false,"footnotes":""},"class_list":["post-135","page","type-page","status-publish","has-post-thumbnail"],"acf":[],"_links":{"self":[{"href":"https:\/\/turismelesplanes.cat\/fr\/wp-json\/wp\/v2\/pages\/135","targetHints":{"allow":["GET"]}}],"collection":[{"href":"https:\/\/turismelesplanes.cat\/fr\/wp-json\/wp\/v2\/pages"}],"about":[{"href":"https:\/\/turismelesplanes.cat\/fr\/wp-json\/wp\/v2\/types\/page"}],"author":[{"embeddable":true,"href":"https:\/\/turismelesplanes.cat\/fr\/wp-json\/wp\/v2\/users\/1"}],"replies":[{"embeddable":true,"href":"https:\/\/turismelesplanes.cat\/fr\/wp-json\/wp\/v2\/comments?post=135"}],"version-history":[{"count":3,"href":"https:\/\/turismelesplanes.cat\/fr\/wp-json\/wp\/v2\/pages\/135\/revisions"}],"predecessor-version":[{"id":1278,"href":"https:\/\/turismelesplanes.cat\/fr\/wp-json\/wp\/v2\/pages\/135\/revisions\/1278"}],"wp:featuredmedia":[{"embeddable":true,"href":"https:\/\/turismelesplanes.cat\/fr\/wp-json\/wp\/v2\/media\/260"}],"wp:attachment":[{"href":"https:\/\/turismelesplanes.cat\/fr\/wp-json\/wp\/v2\/media?parent=135"}],"curies":[{"name":"wp","href":"https:\/\/api.w.org\/{rel}","templated":true}]}}