{"id":137,"date":"2021-02-23T10:49:57","date_gmt":"2021-02-23T10:49:57","guid":{"rendered":"https:\/\/turisme.tandem.ws\/?page_id=137"},"modified":"2021-06-16T08:29:42","modified_gmt":"2021-06-16T08:29:42","slug":"politique-relative-aux-cookies","status":"publish","type":"page","link":"https:\/\/turismelesplanes.cat\/fr\/politique-relative-aux-cookies\/","title":{"rendered":"Politique relative aux cookies"},"content":{"rendered":"<div class=\"gb-container gb-container-3b87090b\"><div class=\"gb-inside-container\">\n\n<p>Notre site Web turismelesplanes.cat utilise une technologie appel\u00e9e \u00ab cookie \u00bb, afin d&#039;obtenir des informations sur l&#039;utilisation du site Web, d&#039;am\u00e9liorer l&#039;exp\u00e9rience utilisateur et de garantir son bon fonctionnement.<\/p>\n\n\n\n<p>D\u00e9finition de cookie<\/p>\n\n\n\n<p>Un \u00ab\u00a0cookie\u00a0\u00bb est un petit fichier texte que les sites web envoient au navigateur et qui est stock\u00e9 sur le terminal de l&#039;utilisateur (ordinateur ou appareil mobile). Ces fichiers sont destin\u00e9s \u00e0 stocker des donn\u00e9es qui peuvent \u00eatre mises \u00e0 jour et r\u00e9cup\u00e9r\u00e9es par l&#039;entit\u00e9 responsable de leur installation. Ainsi, chaque fois que l&#039;utilisateur visite \u00e0 nouveau le m\u00eame site web, le navigateur r\u00e9cup\u00e8re le fichier et l&#039;envoie au serveur du site web. Les cookies ont plusieurs fonctions, notamment la collecte et la m\u00e9morisation d&#039;informations sur les pr\u00e9f\u00e9rences de l&#039;utilisateur et, plus g\u00e9n\u00e9ralement, la facilitation de l&#039;utilisation du site web par l&#039;utilisateur, le rendant plus utile en personnalisant son contenu.<\/p>\n\n\n\n<p>Les cookies peuvent \u00eatre class\u00e9s en fonction de diff\u00e9rents param\u00e8tres :<\/p>\n\n\n\n<ol class=\"wp-block-list\"><li>Propri\u00e9t\u00e9 : cookies propres et cookies tiers : selon l&#039;entit\u00e9 qui g\u00e8re le domaine \u00e0 partir duquel les cookies sont envoy\u00e9s et les donn\u00e9es obtenues sont trait\u00e9es.<\/li><li>Dur\u00e9e : cookies de session et cookies persistants : selon la dur\u00e9e pendant laquelle ils restent stock\u00e9s sur le terminal de l&#039;utilisateur.<\/li><li>Finalit\u00e9 : cookies techniques, cookies de personnalisation, cookies d&#039;analyse, cookies publicitaires, cookies de publicit\u00e9 comportementale : selon la finalit\u00e9 pour laquelle les donn\u00e9es obtenues sont trait\u00e9es.<ul class=\"\"><li>Cookies techniques\u00a0: ils permettent \u00e0 l&#039;utilisateur de naviguer sur le site web ou l&#039;application et d&#039;utiliser les diff\u00e9rentes options ou services qui y sont propos\u00e9s. Par exemple, ils permettent de contr\u00f4ler le trafic et la communication de donn\u00e9es, d&#039;identifier la session ou d&#039;acc\u00e9der \u00e0 des parties web \u00e0 acc\u00e8s restreint.<\/li><li>Cookies de personnalisation\u00a0: ils permettent \u00e0 l&#039;utilisateur d&#039;acc\u00e9der au service avec certaines caract\u00e9ristiques g\u00e9n\u00e9rales pr\u00e9d\u00e9finies sur son terminal ou d\u00e9finies par lui-m\u00eame. Par exemple, la langue, le type de navigateur utilis\u00e9 pour acc\u00e9der au service ou le contenu s\u00e9lectionn\u00e9.<\/li><li>Cookies d&#039;analyse\u00a0: ce sont ceux qui, trait\u00e9s par nous ou par des tiers, nous permettent de quantifier le nombre d&#039;utilisateurs et ainsi de r\u00e9aliser une analyse statistique de l&#039;utilisation du service propos\u00e9. Ainsi, votre navigation sur notre site web est analys\u00e9e afin d&#039;am\u00e9liorer l&#039;offre de produits et services que nous vous proposons.<\/li><li>Cookies publicitaires : ce sont ceux qui permettent la gestion, de la mani\u00e8re la plus efficace possible, des espaces publicitaires que, le cas \u00e9ch\u00e9ant, l&#039;\u00e9diteur a inclus sur une page Web, une application ou une plateforme \u00e0 partir de laquelle le service demand\u00e9 est fourni en fonction de crit\u00e8res tels que le contenu \u00e9dit\u00e9 ou la fr\u00e9quence \u00e0 laquelle les publicit\u00e9s sont affich\u00e9es.<\/li><li>Cookies de publicit\u00e9 comportementale\u00a0: ils permettent de g\u00e9rer, de la mani\u00e8re la plus efficace possible, les espaces publicitaires que l&#039;\u00e9diteur a inclus, le cas \u00e9ch\u00e9ant, sur un site web, une application ou une plateforme fournissant le service demand\u00e9. Ces cookies stockent des informations sur le comportement des utilisateurs, obtenues gr\u00e2ce \u00e0 l&#039;observation continue de leurs habitudes de navigation, ce qui permet d&#039;\u00e9tablir un profil sp\u00e9cifique pour afficher des publicit\u00e9s en cons\u00e9quence.<\/li><\/ul><\/li><\/ol>\n\n\n\n<p>Cookies utilis\u00e9s sur notre site Web<\/p>\n\n\n\n<p>Notre site web utilise nos propres cookies, envoy\u00e9s sur votre appareil et g\u00e9r\u00e9s exclusivement par nos soins pour un fonctionnement optimal, ainsi que des cookies tiers servant \u00e0 analyser les interactions des utilisateurs avec notre site web. Gr\u00e2ce \u00e0 eux, nous obtenons des informations qui nous aident \u00e0 am\u00e9liorer la navigation et \u00e0 offrir un meilleur service aux utilisateurs.<\/p>\n\n\n\n<p>Notre site web utilise des cookies de session temporaires et des cookies persistants. Les cookies de session stockent des donn\u00e9es uniquement pendant la dur\u00e9e d&#039;acc\u00e8s de l&#039;utilisateur au site web, tandis que les cookies persistants stockent des donn\u00e9es sur le terminal afin de permettre leur utilisation lors de plusieurs sessions.<\/p>\n\n\n\n<p>Plus pr\u00e9cis\u00e9ment, les cookies utilis\u00e9s sur notre site Web sont :<\/p>\n\n\n\n<p>Cookies propres<\/p>\n\n\n\n<p>Les cookies propres que nous utilisons sur notre site Web sont de nature technique, indispensables au fonctionnement du site Web.<\/p>\n\n\n\n<p>Cookies tiers :<\/p>\n\n\n\n<p>Pour obtenir plus d&#039;informations sur les cookies et\/ou les d\u00e9sactiver, vous pouvez cliquer sur les liens pr\u00e9sents dans les noms des diff\u00e9rents propri\u00e9taires.<\/p>\n\n\n\n<p>Enfin, les cookies plug-in sont \u00e9galement utilis\u00e9s pour \u00e9changer du contenu social.<\/p>\n\n\n\n<p>Consentement<\/p>\n\n\n\n<p>En naviguant et en continuant sur notre site Web, l&#039;utilisateur consentira \u00e0 l&#039;utilisation des cookies indiqu\u00e9s ci-dessus, pendant les p\u00e9riodes indiqu\u00e9es et dans les conditions contenues dans la pr\u00e9sente politique de cookies.<\/p>\n\n\n\n<p>De m\u00eame, nous vous informons que si vous consultez du contenu de notre site Web h\u00e9berg\u00e9 sur des sites Web tiers, ceux-ci disposent de leur propre politique de cookies.<\/p>\n\n\n\n<p>Retrait du consentement<\/p>\n\n\n\n<p>L&#039;utilisateur peut retirer \u00e0 tout moment son consentement relatif \u00e0 la pr\u00e9sente Politique de Cookies, pour lequel il doit supprimer les cookies stock\u00e9s sur son ordinateur en utilisant les param\u00e8tres et configurations de son navigateur Internet.<\/p>\n\n\n\n<p>Modification des param\u00e8tres des cookies<\/p>\n\n\n\n<p>L&#039;utilisateur peut restreindre, bloquer ou supprimer les cookies de n&#039;importe quel site web via son navigateur. La proc\u00e9dure \u00e9tant diff\u00e9rente pour chaque navigateur, vous pouvez consulter les liens suivants pour savoir comment proc\u00e9der.<\/p>\n\n\n\n<ul class=\"wp-block-list\"><li><strong>Internet Explorer :<\/strong> <a target=\"_blank\" href=\"https:\/\/support.microsoft.com\/es-es\/help\/17442\/windows-internet-explorer-delete-manage-cookies#ie=ie-11\" rel=\"noreferrer noopener\">https:\/\/support.microsoft.com\/es-es\/help\/17442\/windows-internet-explorer-delete-manage-cookies#ie=ie-11<\/a><\/li><li><strong>Bord:<\/strong> <a target=\"_blank\" href=\"https:\/\/support.microsoft.com\/es-es\/help\/4468242\/microsoft-edge-browsing-data-and-privacy-microsoft-privacy\" rel=\"noreferrer noopener\">https:\/\/support.microsoft.com\/es-es\/help\/4468242\/microsoft-edge-browsing-data-and-privacy-microsoft-privacy<\/a><\/li><li><strong>Firefox :<\/strong> <a target=\"_blank\" href=\"https:\/\/support.mozilla.org\/es\/kb\/clear-cookies-and-site-data-firefox\" rel=\"noreferrer noopener\">https:\/\/support.mozilla.org\/es\/kb\/clear-cookies-and-site-data-firefox<\/a><\/li><li><strong>Chrome:<\/strong> <a target=\"_blank\" href=\"https:\/\/support.google.com\/chrome\/answer\/95647?hl=ca\" rel=\"noreferrer noopener\">https:\/\/support.google.com\/chrome\/answer\/95647?hl=ca<\/a><\/li><li><strong>Safari (Mac) :<\/strong> <a target=\"_blank\" href=\"https:\/\/support.apple.com\/es-es\/guide\/safari\/manage-cookies-and-website-data-sfri11471\/mac\" rel=\"noreferrer noopener\">https:\/\/support.apple.com\/es-es\/guide\/safari\/manage-cookies-and-website-data-sfri11471\/mac<\/a><\/li><li><strong>Safari (iPhone\/iPad) :<\/strong> <a target=\"_blank\" href=\"https:\/\/support.apple.com\/es-es\/HT201265\" rel=\"noreferrer noopener\">https:\/\/support.apple.com\/es-es\/HT201265<\/a><\/li><li><strong>Travaux:<\/strong> <a target=\"_blank\" href=\"https:\/\/help.opera.com\/en\/latest\/web-preferences\/#cookies\" rel=\"noreferrer noopener\">https:\/\/help.opera.com\/en\/latest\/web-preferences\/#cookies<\/a><\/li><\/ul>\n\n\n\n<p>Pour plus d&#039;informations sur la suppression, la d\u00e9sactivation ou le blocage des cookies, vous pouvez \u00e9galement visiter :<br><a target=\"_blank\" href=\"http:\/\/www.aboutcookies.org\/Default.aspx?page=2\" rel=\"noreferrer noopener\">http:\/\/www.aboutcookies.org\/Default.aspx?page=2<\/a><\/p>\n\n\n\n<p>Mise \u00e0 jour de la politique relative aux cookies<\/p>\n\n\n\n<p>Ce site Web peut modifier cette politique en mati\u00e8re de cookies, nous vous recommandons donc de consulter cette politique chaque fois que vous acc\u00e9dez \u00e0 notre site Web afin d&#039;\u00eatre correctement inform\u00e9 de notre utilisation des cookies.<\/p>\n\n\n\n<p>Derni\u00e8re mise \u00e0 jour : 30\/10\/2020.<\/p>\n\n<\/div><\/div>","protected":false},"excerpt":{"rendered":"<p>Notre site web turismelesplanes.cat utilise une technologie appel\u00e9e \u00ab\u00a0cookie\u00a0\u00bb afin d&#039;obtenir des informations sur l&#039;utilisation du site, d&#039;am\u00e9liorer l&#039;exp\u00e9rience utilisateur et d&#039;assurer son bon fonctionnement. D\u00e9finition d&#039;un cookie\u00a0: un petit fichier texte que les sites web envoient au navigateur et qui est stock\u00e9 dans le syst\u00e8me. <a title=\"Politique relative aux cookies\" class=\"read-more\" href=\"https:\/\/turismelesplanes.cat\/fr\/politique-relative-aux-cookies\/\" aria-label=\"En savoir plus sur la politique de cookies\">En savoir plus<\/a><\/p>","protected":false},"author":1,"featured_media":260,"parent":0,"menu_order":0,"comment_status":"closed","ping_status":"closed","template":"","meta":{"_acf_changed":false,"inline_featured_image":false,"footnotes":""},"class_list":["post-137","page","type-page","status-publish","has-post-thumbnail"],"acf":[],"_links":{"self":[{"href":"https:\/\/turismelesplanes.cat\/fr\/wp-json\/wp\/v2\/pages\/137","targetHints":{"allow":["GET"]}}],"collection":[{"href":"https:\/\/turismelesplanes.cat\/fr\/wp-json\/wp\/v2\/pages"}],"about":[{"href":"https:\/\/turismelesplanes.cat\/fr\/wp-json\/wp\/v2\/types\/page"}],"author":[{"embeddable":true,"href":"https:\/\/turismelesplanes.cat\/fr\/wp-json\/wp\/v2\/users\/1"}],"replies":[{"embeddable":true,"href":"https:\/\/turismelesplanes.cat\/fr\/wp-json\/wp\/v2\/comments?post=137"}],"version-history":[{"count":4,"href":"https:\/\/turismelesplanes.cat\/fr\/wp-json\/wp\/v2\/pages\/137\/revisions"}],"predecessor-version":[{"id":1286,"href":"https:\/\/turismelesplanes.cat\/fr\/wp-json\/wp\/v2\/pages\/137\/revisions\/1286"}],"wp:featuredmedia":[{"embeddable":true,"href":"https:\/\/turismelesplanes.cat\/fr\/wp-json\/wp\/v2\/media\/260"}],"wp:attachment":[{"href":"https:\/\/turismelesplanes.cat\/fr\/wp-json\/wp\/v2\/media?parent=137"}],"curies":[{"name":"wp","href":"https:\/\/api.w.org\/{rel}","templated":true}]}}