{"id":1473,"date":"2021-07-16T08:48:09","date_gmt":"2021-07-16T08:48:09","guid":{"rendered":"https:\/\/turismelesplanes.cat\/?page_id=1473"},"modified":"2023-05-11T15:49:48","modified_gmt":"2023-05-11T15:49:48","slug":"vallee-de-ter-brugent","status":"publish","type":"page","link":"https:\/\/turismelesplanes.cat\/fr\/vallee-de-ter-brugent\/","title":{"rendered":"Vall\u00e9e du Ter- Brugent"},"content":{"rendered":"<div class=\"gb-container gb-container-25fa8c8b\"><div class=\"gb-inside-container\">\n<div class=\"gb-grid-wrapper gb-grid-wrapper-354631ea\">\n<div class=\"gb-grid-column gb-grid-column-34497592\"><div class=\"gb-container gb-container-34497592\"><div class=\"gb-inside-container\">\n\n<h3 class=\"gb-headline gb-headline-3512e419 gb-headline-text\"><strong>Une vall\u00e9e<\/strong><\/h3>\n\n\n\n<p>Le fleuve Ter dessine naturellement le paysage et les relations entre les populations qui le bordent. Pour cette raison, les fronti\u00e8res administratives r\u00e9gionales entre Selva, Garrotxa et Giron\u00e8s n'ont pas \u00e9t\u00e9 transcend\u00e9es dans la vie quotidienne de ces communes.<\/p>\n\n<\/div><\/div><\/div>\n\n<div class=\"gb-grid-column gb-grid-column-2cac307f\"><div class=\"gb-container gb-container-2cac307f\"><div class=\"gb-inside-container\">\n<div class=\"wp-block-image\">\n<figure class=\"aligncenter size-full\"><img loading=\"lazy\" decoding=\"async\" width=\"1024\" height=\"768\" src=\"https:\/\/turismelesplanes.cat\/wp-content\/uploads\/2021\/07\/vall.jpg\" alt=\"\" class=\"wp-image-1484\" srcset=\"https:\/\/turismelesplanes.cat\/wp-content\/uploads\/2021\/07\/vall.jpg 1024w, https:\/\/turismelesplanes.cat\/wp-content\/uploads\/2021\/07\/vall-300x225.jpg 300w, https:\/\/turismelesplanes.cat\/wp-content\/uploads\/2021\/07\/vall-768x576.jpg 768w\" sizes=\"auto, (max-width: 1024px) 100vw, 1024px\" \/><figcaption>Vue sur la Vall\u00e9e<\/figcaption><\/figure><\/div>\n<\/div><\/div><\/div>\n<\/div>\n\n\n<hr class=\"wp-block-separator has-css-opacity\"\/>\n\n\n<div class=\"gb-grid-wrapper gb-grid-wrapper-068eabdb\">\n<div class=\"gb-grid-column gb-grid-column-12b688a7\"><div class=\"gb-container gb-container-12b688a7\"><div class=\"gb-inside-container\">\n<div class=\"wp-block-image\">\n<figure class=\"aligncenter size-full\"><img loading=\"lazy\" decoding=\"async\" width=\"2560\" height=\"1920\" src=\"https:\/\/turismelesplanes.cat\/wp-content\/uploads\/2021\/07\/Vista_Amer.jpg\" alt=\"\" class=\"wp-image-1486\" srcset=\"https:\/\/turismelesplanes.cat\/wp-content\/uploads\/2021\/07\/Vista_Amer.jpg 2560w, https:\/\/turismelesplanes.cat\/wp-content\/uploads\/2021\/07\/Vista_Amer-300x225.jpg 300w, https:\/\/turismelesplanes.cat\/wp-content\/uploads\/2021\/07\/Vista_Amer-1024x768.jpg 1024w, https:\/\/turismelesplanes.cat\/wp-content\/uploads\/2021\/07\/Vista_Amer-768x576.jpg 768w, https:\/\/turismelesplanes.cat\/wp-content\/uploads\/2021\/07\/Vista_Amer-1536x1152.jpg 1536w, https:\/\/turismelesplanes.cat\/wp-content\/uploads\/2021\/07\/Vista_Amer-2048x1536.jpg 2048w\" sizes=\"auto, (max-width: 2560px) 100vw, 2560px\" \/><figcaption>Le noyau d&#039;Amer<\/figcaption><\/figure><\/div>\n<\/div><\/div><\/div>\n\n<div class=\"gb-grid-column gb-grid-column-8082c9e5\"><div class=\"gb-container gb-container-8082c9e5\"><div class=\"gb-inside-container\">\n\n<h3 class=\"wp-block-heading\"><strong>AMER<\/strong>, <strong>entre falaises et montagnes<\/strong><\/h3>\n\n\n\n<p>A Amer, sur la montagne de Santa Br\u00edgida, on peut pratiquer le parapente ou l'escalade. Il existe plusieurs itin\u00e9raires \u00e0 travers les montagnes de la commune, comme la route des Ermites, autour de la montagne ou le long de la rivi\u00e8re Brugent du marais Pasteral \u00e0 l'embouchure de la rivi\u00e8re Ter.<\/p>\n\n\n<div class=\"gb-button-wrapper gb-button-wrapper-cae948f9\">\n\n<a class=\"gb-button gb-button-fa3f38f4 gb-button-text\" href=\"https:\/\/valldamer.cat\/descobreix\/\" target=\"_blank\" rel=\"noopener noreferrer\">Itin\u00e9raires pour Amer<\/a>\n\n<\/div>\n<\/div><\/div><\/div>\n<\/div>\n\n\n<hr class=\"wp-block-separator has-css-opacity\"\/>\n\n\n<div class=\"gb-grid-wrapper gb-grid-wrapper-e413c07f\">\n<div class=\"gb-grid-column gb-grid-column-2ad970f0\"><div class=\"gb-container gb-container-2ad970f0\"><div class=\"gb-inside-container\">\n\n<h3 class=\"gb-headline gb-headline-65f03cb6 gb-headline-text\"><strong>La paix des remences<\/strong><\/h3>\n\n\n\n<p>La ville a une longue histoire, et a \u00e9t\u00e9 l'un des principaux sc\u00e9narios dans l'issue du conflit de la r\u00e9volte remen\u00e7a dans le XV\u00e8me siecle. Les n\u00e9gociations entre Ferdinand le Catholique et les chefs remences ont eu lieu dans le monast\u00e8re de cette ville.<\/p>\n\n\n<div class=\"gb-button-wrapper gb-button-wrapper-062c0ccc\">\n\n<a class=\"gb-button gb-button-94e931ab gb-button-text\" href=\"https:\/\/valldamer.cat\/patrimoni-i-cultura\/\" target=\"_blank\" rel=\"noopener noreferrer\">H\u00e9ritage historique<\/a>\n\n<\/div>\n<\/div><\/div><\/div>\n\n<div class=\"gb-grid-column gb-grid-column-d737a91e\"><div class=\"gb-container gb-container-d737a91e\"><div class=\"gb-inside-container\">\n<div class=\"wp-block-image\">\n<figure class=\"aligncenter size-full\"><img loading=\"lazy\" decoding=\"async\" width=\"1000\" height=\"600\" src=\"https:\/\/turismelesplanes.cat\/wp-content\/uploads\/2021\/07\/amer.jpg\" alt=\"\" class=\"wp-image-1485\" srcset=\"https:\/\/turismelesplanes.cat\/wp-content\/uploads\/2021\/07\/amer.jpg 1000w, https:\/\/turismelesplanes.cat\/wp-content\/uploads\/2021\/07\/amer-300x180.jpg 300w, https:\/\/turismelesplanes.cat\/wp-content\/uploads\/2021\/07\/amer-768x461.jpg 768w\" sizes=\"auto, (max-width: 1000px) 100vw, 1000px\" \/><figcaption>Santa Bigida<\/figcaption><\/figure><\/div>\n<\/div><\/div><\/div>\n<\/div>\n\n\n<hr class=\"wp-block-separator has-css-opacity\"\/>\n\n\n<div class=\"gb-grid-wrapper gb-grid-wrapper-6183e85b\">\n<div class=\"gb-grid-column gb-grid-column-8eb72841\"><div class=\"gb-container gb-container-8eb72841\"><div class=\"gb-inside-container\">\n<div class=\"wp-block-image\">\n<figure class=\"aligncenter size-full\"><img loading=\"lazy\" decoding=\"async\" width=\"2000\" height=\"1124\" src=\"https:\/\/turismelesplanes.cat\/wp-content\/uploads\/2021\/07\/cellera.jpg\" alt=\"\" class=\"wp-image-1487\" srcset=\"https:\/\/turismelesplanes.cat\/wp-content\/uploads\/2021\/07\/cellera.jpg 2000w, https:\/\/turismelesplanes.cat\/wp-content\/uploads\/2021\/07\/cellera-300x169.jpg 300w, https:\/\/turismelesplanes.cat\/wp-content\/uploads\/2021\/07\/cellera-1024x575.jpg 1024w, https:\/\/turismelesplanes.cat\/wp-content\/uploads\/2021\/07\/cellera-768x432.jpg 768w, https:\/\/turismelesplanes.cat\/wp-content\/uploads\/2021\/07\/cellera-1536x863.jpg 1536w\" sizes=\"auto, (max-width: 2000px) 100vw, 2000px\" \/><figcaption>Le noyau Cellera<\/figcaption><\/figure><\/div>\n<\/div><\/div><\/div>\n\n<div class=\"gb-grid-column gb-grid-column-ccf8076a\"><div class=\"gb-container gb-container-ccf8076a\"><div class=\"gb-inside-container\">\n\n<h3 class=\"wp-block-heading\"><strong>LA CELLERA<\/strong>, <strong>voies d'eau<\/strong><\/h3>\n\n\n\n<p>\u00c0 La Cellera, nous trouverons le seul dolmen connu de la vall\u00e9e, une zone de p\u00eache ouverte toute l'ann\u00e9e et plusieurs itin\u00e9raires tels que la route de l'eau. La commune dispose d'un vaste r\u00e9seau d'associations qui animent la vie culturelle avec des animations tout au long de l'ann\u00e9e.<\/p>\n\n\n<div class=\"gb-button-wrapper gb-button-wrapper-256a2e17\">\n\n<a class=\"gb-button gb-button-12b365fe gb-button-text\" href=\"http:\/\/turismelacellera.com\/\" target=\"_blank\" rel=\"noopener noreferrer\">Tourisme Le domaine viticole<\/a>\n\n<\/div>\n<\/div><\/div><\/div>\n<\/div>\n\n\n<hr class=\"wp-block-separator has-css-opacity\"\/>\n\n\n<div class=\"gb-grid-wrapper gb-grid-wrapper-7504db7e\">\n<div class=\"gb-grid-column gb-grid-column-2c87c133\"><div class=\"gb-container gb-container-2c87c133\"><div class=\"gb-inside-container\">\n\n<h3 class=\"gb-headline gb-headline-366e2435 gb-headline-text\"><strong>ANGL\u00c8S<\/strong>,<strong> la fen\u00eatre gothique<\/strong><\/h3>\n\n\n\n<p>Cette ville poss\u00e8de l'un des quartiers gothiques les plus anciens et les plus importants de Catalogne, d\u00e9clar\u00e9 site d'int\u00e9r\u00eat national par la Generalitat de Catalunya, ainsi que l'usine Bur\u00e9s, o\u00f9 vous pourrez voir le fonctionnement d'une machine \u00e0 vapeur. Le peintre surr\u00e9aliste Remedios Varo est n\u00e9 dans cette ville, o\u00f9 son p\u00e8re travaillait comme ing\u00e9nieur pour La Bur\u00e9s, et une grande partie de son travail comprend des \u00e9l\u00e9ments du paysage d'Angl\u00e8s. Il existe \u00e9galement plusieurs itin\u00e9raires balis\u00e9s \u00e0 travers les montagnes environnantes au sein de la commune.<\/p>\n\n<\/div><\/div><\/div>\n\n<div class=\"gb-grid-column gb-grid-column-671e0a22\"><div class=\"gb-container gb-container-671e0a22\"><div class=\"gb-inside-container\">\n<div class=\"wp-block-image\">\n<figure class=\"aligncenter size-full\"><img loading=\"lazy\" decoding=\"async\" width=\"1001\" height=\"528\" src=\"https:\/\/turismelesplanes.cat\/wp-content\/uploads\/2021\/07\/angles.jpeg\" alt=\"\" class=\"wp-image-1488\" srcset=\"https:\/\/turismelesplanes.cat\/wp-content\/uploads\/2021\/07\/angles.jpeg 1001w, https:\/\/turismelesplanes.cat\/wp-content\/uploads\/2021\/07\/angles-300x158.jpeg 300w, https:\/\/turismelesplanes.cat\/wp-content\/uploads\/2021\/07\/angles-768x405.jpeg 768w\" sizes=\"auto, (max-width: 1001px) 100vw, 1001px\" \/><figcaption>Le noyau de l&#039;anglais<\/figcaption><\/figure><\/div>\n<\/div><\/div><\/div>\n<\/div>\n<\/div><\/div>\n\n\n<p><\/p>","protected":false},"excerpt":{"rendered":"","protected":false},"author":1,"featured_media":385,"parent":0,"menu_order":0,"comment_status":"closed","ping_status":"closed","template":"","meta":{"_acf_changed":false,"inline_featured_image":false,"footnotes":""},"class_list":["post-1473","page","type-page","status-publish","has-post-thumbnail"],"acf":[],"_links":{"self":[{"href":"https:\/\/turismelesplanes.cat\/fr\/wp-json\/wp\/v2\/pages\/1473","targetHints":{"allow":["GET"]}}],"collection":[{"href":"https:\/\/turismelesplanes.cat\/fr\/wp-json\/wp\/v2\/pages"}],"about":[{"href":"https:\/\/turismelesplanes.cat\/fr\/wp-json\/wp\/v2\/types\/page"}],"author":[{"embeddable":true,"href":"https:\/\/turismelesplanes.cat\/fr\/wp-json\/wp\/v2\/users\/1"}],"replies":[{"embeddable":true,"href":"https:\/\/turismelesplanes.cat\/fr\/wp-json\/wp\/v2\/comments?post=1473"}],"version-history":[{"count":14,"href":"https:\/\/turismelesplanes.cat\/fr\/wp-json\/wp\/v2\/pages\/1473\/revisions"}],"predecessor-version":[{"id":2150,"href":"https:\/\/turismelesplanes.cat\/fr\/wp-json\/wp\/v2\/pages\/1473\/revisions\/2150"}],"wp:featuredmedia":[{"embeddable":true,"href":"https:\/\/turismelesplanes.cat\/fr\/wp-json\/wp\/v2\/media\/385"}],"wp:attachment":[{"href":"https:\/\/turismelesplanes.cat\/fr\/wp-json\/wp\/v2\/media?parent=1473"}],"curies":[{"name":"wp","href":"https:\/\/api.w.org\/{rel}","templated":true}]}}