{"id":1475,"date":"2021-07-16T08:48:27","date_gmt":"2021-07-16T08:48:27","guid":{"rendered":"https:\/\/turismelesplanes.cat\/?page_id=1475"},"modified":"2021-07-19T10:13:03","modified_gmt":"2021-07-19T10:13:03","slug":"vallee-de-lemena","status":"publish","type":"page","link":"https:\/\/turismelesplanes.cat\/fr\/vallee-de-lemena\/","title":{"rendered":"Vall de LL\u00e9mena"},"content":{"rendered":"<div class=\"gb-container gb-container-68e75049\"><div class=\"gb-inside-container\">\n<div class=\"gb-grid-wrapper gb-grid-wrapper-326078ad\">\n<div class=\"gb-grid-column gb-grid-column-aed9a341\"><div class=\"gb-container gb-container-aed9a341\"><div class=\"gb-inside-container\">\n\n<h3 class=\"gb-headline gb-headline-42b97c76 gb-headline-text\"><strong>\u00c0 un pas<\/strong><\/h3>\n\n\n\n<p>Une grande partie de l'histoire de  Vall d'Hostoles peut \u00eatre comprise lorsqu'elle est li\u00e9e \u00e0 Vall de Ll\u00e9mena. On y trouve \u00e9galement des ch\u00e2teaux de la lign\u00e9e Cartell\u00e0 et la maison natale de Pere Joan Sala, l'un des principaux chefs de la r\u00e9volte de Remen\u00e7a. De plus, dans la Vall de Ll\u00e9mena, vous pouvez faire des excursions dans la nature tout en d\u00e9couvrant des grottes, des falaises, des ermitages et des sites arch\u00e9ologiques.<\/p>\n\n\n<div class=\"gb-button-wrapper gb-button-wrapper-cbe25d52\">\n\n<a class=\"gb-button gb-button-3060bcc0 gb-button-text\" href=\"https:\/\/www.valldellemena.cat\/\" target=\"_blank\" rel=\"noopener noreferrer\">Vall de Ll\u00e9mana<\/a>\n\n<\/div>\n<\/div><\/div><\/div>\n\n<div class=\"gb-grid-column gb-grid-column-3f87819c\"><div class=\"gb-container gb-container-3f87819c\"><div class=\"gb-inside-container\">\n\n<div class=\"wp-block-image\"><figure class=\"aligncenter size-full\"><img loading=\"lazy\" decoding=\"async\" width=\"2560\" height=\"1922\" src=\"https:\/\/turismelesplanes.cat\/wp-content\/uploads\/2021\/07\/IMG_20210424_101011-1-scaled.jpg\" alt=\"\" class=\"wp-image-1478\" srcset=\"https:\/\/turismelesplanes.cat\/wp-content\/uploads\/2021\/07\/IMG_20210424_101011-1-scaled.jpg 2560w, https:\/\/turismelesplanes.cat\/wp-content\/uploads\/2021\/07\/IMG_20210424_101011-1-300x225.jpg 300w, https:\/\/turismelesplanes.cat\/wp-content\/uploads\/2021\/07\/IMG_20210424_101011-1-1024x769.jpg 1024w, https:\/\/turismelesplanes.cat\/wp-content\/uploads\/2021\/07\/IMG_20210424_101011-1-768x577.jpg 768w, https:\/\/turismelesplanes.cat\/wp-content\/uploads\/2021\/07\/IMG_20210424_101011-1-1536x1153.jpg 1536w, https:\/\/turismelesplanes.cat\/wp-content\/uploads\/2021\/07\/IMG_20210424_101011-1-2048x1538.jpg 2048w\" sizes=\"auto, (max-width: 2560px) 100vw, 2560px\" \/><figcaption>Vall\u00e9e de Ll\u00e9mena<\/figcaption><\/figure><\/div>\n\n<\/div><\/div><\/div>\n<\/div>\n\n\n<hr class=\"wp-block-separator\"\/>\n\n\n<div class=\"gb-grid-wrapper gb-grid-wrapper-22662ed9\">\n<div class=\"gb-grid-column gb-grid-column-7b3a1816\"><div class=\"gb-container gb-container-7b3a1816\"><div class=\"gb-inside-container\">\n\n<div class=\"wp-block-image\"><figure class=\"aligncenter size-full\"><img loading=\"lazy\" decoding=\"async\" width=\"1200\" height=\"600\" src=\"https:\/\/turismelesplanes.cat\/wp-content\/uploads\/2021\/07\/i-sant-aniol-finestres.jpg\" alt=\"\" class=\"wp-image-1479\" srcset=\"https:\/\/turismelesplanes.cat\/wp-content\/uploads\/2021\/07\/i-sant-aniol-finestres.jpg 1200w, https:\/\/turismelesplanes.cat\/wp-content\/uploads\/2021\/07\/i-sant-aniol-finestres-300x150.jpg 300w, https:\/\/turismelesplanes.cat\/wp-content\/uploads\/2021\/07\/i-sant-aniol-finestres-1024x512.jpg 1024w, https:\/\/turismelesplanes.cat\/wp-content\/uploads\/2021\/07\/i-sant-aniol-finestres-768x384.jpg 768w\" sizes=\"auto, (max-width: 1200px) 100vw, 1200px\" \/><figcaption>Sant Aniol de Finestres<\/figcaption><\/figure><\/div>\n\n<\/div><\/div><\/div>\n\n<div class=\"gb-grid-column gb-grid-column-a9386dfe\"><div class=\"gb-container gb-container-a9386dfe\"><div class=\"gb-inside-container\">\n\n<h3 class=\"wp-block-heading\"><strong>SANT ANIOL DE FINESTRES<\/strong>, eau et paysage accident\u00e9<\/h3>\n\n\n\n<p>\u00c0 Sant Aniol, vous pouvez faire plusieurs excursions dans la r\u00e9gion, en visitant le ch\u00e2teau de Finestres. Il faut remarquer la pr\u00e9sence de l'\u00e9glise de Santa Maria de Finestres , paysage des guerres carlistes, au sommet de la montagne qui relie Santa Pau et Mieres. Le paysage est escarp\u00e9, adapt\u00e9 aussi aux amateurs d'escalade. La ville de Sant Esteve de Ll\u00e9mena et La Barroca appartiennent \u00e0 la municipalit\u00e9, toutes avec des \u00e9glises dispers\u00e9es d'origine romane. \u00c0 Sant Aniol, il existe une source exceptionnelle \u00e0 partir de laquelle \"l'eau volcanique\" est vendue.<\/p>\n\n\n<div class=\"gb-button-wrapper gb-button-wrapper-3e203cda\">\n\n<a class=\"gb-button gb-button-765b6a0f gb-button-text\" href=\"https:\/\/www.femturisme.cat\/ca\/pobles\/sant-aniol-de-finestres\" target=\"_blank\" rel=\"noopener noreferrer\">Sant Aniol de Finetres<\/a>\n\n<\/div>\n<\/div><\/div><\/div>\n<\/div>\n\n\n<hr class=\"wp-block-separator\"\/>\n\n\n<div class=\"gb-grid-wrapper gb-grid-wrapper-9860261e\">\n<div class=\"gb-grid-column gb-grid-column-a2cb94c5\"><div class=\"gb-container gb-container-a2cb94c5\"><div class=\"gb-inside-container\">\n\n<h4 class=\"gb-headline gb-headline-981f1560 gb-headline-text\"><strong>SANT MART\u00cd DE LL\u00c9MENA<\/strong>  <strong>Falaises et grottes<\/strong><\/h4>\n\n\n\n<p>Dans la petite ville de Sant Mart\u00ed, il faut remarquer la Tour de garde de la fin du Moyen \u00c2ge, o\u00f9 un relief du saint patron a ensuite \u00e9t\u00e9 plac\u00e9, \u00e0 c\u00f4t\u00e9 de l'\u00e9glise. La plupart des fermes du quartier datent du XVe-XVIIe si\u00e8cles autour de Sant Mart\u00ed, vous pouvez faire des excursions vers les falaises, la rivi\u00e8re et diverses grottes.<\/p>\n\n\n<div class=\"gb-button-wrapper gb-button-wrapper-b1fe5054\">\n\n<a class=\"gb-button gb-button-34da25ad gb-button-text\" href=\"https:\/\/www.femturisme.cat\/ca\/pobles\/sant-marti-de-llemena\" target=\"_blank\" rel=\"noopener noreferrer\">Sant Mart\u00ed de Ll\u00e9mana<\/a>\n\n<\/div>\n\n\n<p><\/p>\n\n<\/div><\/div><\/div>\n<\/div>\n\n\n<hr class=\"wp-block-separator\"\/>\n\n\n<div class=\"gb-grid-wrapper gb-grid-wrapper-d9cb43cb\">\n<div class=\"gb-grid-column gb-grid-column-7ff8d6e9\"><div class=\"gb-container gb-container-7ff8d6e9\"><div class=\"gb-inside-container\">\n\n<h4 class=\"wp-block-heading\"><strong>GRANOLLERS DE ROCACORBA<\/strong>, <strong>La flamme remen\u00e7a<\/strong><\/h4>\n\n\n\n<p>Autour de l'\u00e9glise et du ch\u00e2teau de Granollers de Rocacorba il y a plusieurs itin\u00e9raires comme par exemple vers la fontaine des \u00e9cureuils, ou celle des glaces. Les falaises de Sant Roc o\u00f9 se d\u00e9tachent le gorge de les Bruixes et les grottes. Le chef de la r\u00e9volte remen\u00e7a, Pere Joan Sala (1440-1485), est \u00e9galement n\u00e9 \u00e0 Granollers de Rocacorba.<\/p>\n\n<\/div><\/div><\/div>\n\n<div class=\"gb-grid-column gb-grid-column-f701d4a3\"><div class=\"gb-container gb-container-f701d4a3\"><div class=\"gb-inside-container\">\n\n<div class=\"wp-block-image\"><figure class=\"aligncenter size-full\"><img loading=\"lazy\" decoding=\"async\" width=\"1200\" height=\"800\" src=\"https:\/\/turismelesplanes.cat\/wp-content\/uploads\/2021\/07\/granollers.jpg\" alt=\"\" class=\"wp-image-1480\" srcset=\"https:\/\/turismelesplanes.cat\/wp-content\/uploads\/2021\/07\/granollers.jpg 1200w, https:\/\/turismelesplanes.cat\/wp-content\/uploads\/2021\/07\/granollers-300x200.jpg 300w, https:\/\/turismelesplanes.cat\/wp-content\/uploads\/2021\/07\/granollers-1024x683.jpg 1024w, https:\/\/turismelesplanes.cat\/wp-content\/uploads\/2021\/07\/granollers-768x512.jpg 768w\" sizes=\"auto, (max-width: 1200px) 100vw, 1200px\" \/><figcaption>Granollers de Rocacorba.<\/figcaption><\/figure><\/div>\n\n<\/div><\/div><\/div>\n<\/div>\n\n\n<hr class=\"wp-block-separator\"\/>\n\n\n<div class=\"gb-grid-wrapper gb-grid-wrapper-70a1a683\">\n<div class=\"gb-grid-column gb-grid-column-e966e1d5\"><div class=\"gb-container gb-container-e966e1d5\"><div class=\"gb-inside-container\">\n\n<div class=\"wp-block-image\"><figure class=\"aligncenter size-full\"><img loading=\"lazy\" decoding=\"async\" width=\"1017\" height=\"678\" src=\"https:\/\/turismelesplanes.cat\/wp-content\/uploads\/2021\/07\/llora.jpg\" alt=\"\" class=\"wp-image-1481\" srcset=\"https:\/\/turismelesplanes.cat\/wp-content\/uploads\/2021\/07\/llora.jpg 1017w, https:\/\/turismelesplanes.cat\/wp-content\/uploads\/2021\/07\/llora-300x200.jpg 300w, https:\/\/turismelesplanes.cat\/wp-content\/uploads\/2021\/07\/llora-768x512.jpg 768w\" sizes=\"auto, (max-width: 1017px) 100vw, 1017px\" \/><figcaption>Llora<\/figcaption><\/figure><\/div>\n\n<\/div><\/div><\/div>\n\n<div class=\"gb-grid-column gb-grid-column-26edc470\"><div class=\"gb-container gb-container-26edc470\"><div class=\"gb-inside-container\">\n\n<h4 class=\"gb-headline gb-headline-0e7917df gb-headline-text\"><strong>LLOR\u00c0 et PLA DE SANT JOAN,<\/strong>, <strong>marcher sur volcans<\/strong><\/h4>\n\n\n\n<p>Avant d'atteindre le centre de Llor\u00e0, au Pla de Sant Joan, nous trouvons le volcan de la Banya de Boc, dans lequel vous pourrez appr\u00e9cier le crat\u00e8re d'une profondeur de 100 m\u00e8tres. Ce crat\u00e8re regorge de v\u00e9g\u00e9tation et de cultures. La petite ville de Llor\u00e0 a un charme ancien, avec l'\u00e9glise de Sant Pere comme centre.<\/p>\n\n<\/div><\/div><\/div>\n<\/div>\n<\/div><\/div>\n\n\n<p><\/p>","protected":false},"excerpt":{"rendered":"","protected":false},"author":1,"featured_media":245,"parent":0,"menu_order":0,"comment_status":"closed","ping_status":"closed","template":"","meta":{"_acf_changed":false,"inline_featured_image":false,"footnotes":""},"class_list":["post-1475","page","type-page","status-publish","has-post-thumbnail"],"acf":[],"_links":{"self":[{"href":"https:\/\/turismelesplanes.cat\/fr\/wp-json\/wp\/v2\/pages\/1475","targetHints":{"allow":["GET"]}}],"collection":[{"href":"https:\/\/turismelesplanes.cat\/fr\/wp-json\/wp\/v2\/pages"}],"about":[{"href":"https:\/\/turismelesplanes.cat\/fr\/wp-json\/wp\/v2\/types\/page"}],"author":[{"embeddable":true,"href":"https:\/\/turismelesplanes.cat\/fr\/wp-json\/wp\/v2\/users\/1"}],"replies":[{"embeddable":true,"href":"https:\/\/turismelesplanes.cat\/fr\/wp-json\/wp\/v2\/comments?post=1475"}],"version-history":[{"count":5,"href":"https:\/\/turismelesplanes.cat\/fr\/wp-json\/wp\/v2\/pages\/1475\/revisions"}],"predecessor-version":[{"id":1546,"href":"https:\/\/turismelesplanes.cat\/fr\/wp-json\/wp\/v2\/pages\/1475\/revisions\/1546"}],"wp:featuredmedia":[{"embeddable":true,"href":"https:\/\/turismelesplanes.cat\/fr\/wp-json\/wp\/v2\/media\/245"}],"wp:attachment":[{"href":"https:\/\/turismelesplanes.cat\/fr\/wp-json\/wp\/v2\/media?parent=1475"}],"curies":[{"name":"wp","href":"https:\/\/api.w.org\/{rel}","templated":true}]}}