{"id":294,"date":"2021-02-26T12:00:15","date_gmt":"2021-02-26T12:00:15","guid":{"rendered":"https:\/\/turisme.tandem.ws\/?page_id=294"},"modified":"2021-07-14T11:52:53","modified_gmt":"2021-07-14T11:52:53","slug":"agenda-culturel","status":"publish","type":"page","link":"https:\/\/turismelesplanes.cat\/fr\/agenda-culturel\/","title":{"rendered":"Agenda culturel"},"content":{"rendered":"<div class=\"gb-container gb-container-4ef1e608\"><div class=\"gb-inside-container\">\n<div class=\"gb-grid-wrapper gb-grid-wrapper-0b8a3969\">\n<div class=\"gb-grid-column gb-grid-column-b6118fa2\"><div class=\"gb-container gb-container-b6118fa2\"><div class=\"gb-inside-container\">\n\n<h2 class=\"gb-headline gb-headline-814d1ee0 gb-headline-text\">Agenda des activit\u00e9s !<\/h2>\n\n<\/div><\/div><\/div>\n\n<div class=\"gb-grid-column gb-grid-column-901792ea\"><div class=\"gb-container gb-container-901792ea\"><div class=\"gb-inside-container\">\n\n<p>Aux Planes d&#039;Hostoles nous avons d\u00e9cid\u00e9 de ne pas rester en place, et c&#039;est pourquoi quand nous ne faisons pas de promenade ou de f\u00eate locale, nous amenons des musiciens ou des photographes, des \u00e9crivains ou des footballeurs pour expliquer, jouer de la musique ou nous montrer ce qu&#039;ils font\u2026<\/p>\n\n<\/div><\/div><\/div>\n<\/div>\n\n\n<div style=\"height:50px\" aria-hidden=\"true\" class=\"wp-block-spacer\"><\/div>\n\n\n<style>.slick-slider#wpsp-293 {margin-left: 0px; }.slick-slider#wpsp-293 .wp-show-posts-inner {margin-left: 1em; margin-right: 1em; }#wpsp-293.wpsp-card .wp-show-posts-single {margin-bottom: 2em; }.slick-slider#wpsp-293 .wp-show-posts-single {margin-bottom: 0px; }#wpsp-293 .wp-show-posts-inner {background-color: #f2f2f2; }#wpsp-293:not(.wpsp-card) .wp-show-posts-inner {padding: 40px; }#wpsp-293.wpsp-card .wpsp-content-wrap {padding: 40px; }#wpsp-293 .wp-show-posts-read-more,\t\t#wpsp-293 .wp-show-posts-read-more:visited {border-color: #222222; color: #222222; }#wpsp-293 .wp-show-posts-read-more:hover,\t\t#wpsp-293 .wp-show-posts-read-more:focus {background: #222222; border-color: #222222; color: #FFFFFF; }<\/style><style>.wp-show-posts-columns#wpsp-293 {margin-left: -2em; }.wp-show-posts-columns#wpsp-293 .wp-show-posts-inner {margin: 0 0 2em 2em; }<\/style><section id=\"wpsp-293\" class=\"punt-rodo wpsp-card wp-show-posts-columns wp-show-posts\" style=\"\"><article class=\"wp-show-posts-single post-2978 actes type-actes status-publish has-post-thumbnail hentry categories_actes-dansa wpsp-col-4\" itemtype=\"http:\/\/schema.org\/CreativeWork\" itemscope><div class=\"wp-show-posts-inner\" style=\"\">\t\t<div class=\"wp-show-posts-image  wpsp-image-center\">\n\t\t\t<a href=\"https:\/\/turismelesplanes.cat\/fr\/\/ball-amb-david-swing-3\/\"  title=\"Danse avec David Swing\">\t\t\t\t\t<img decoding=\"async\" src=\"https:\/\/turismelesplanes.cat\/wp-content\/uploads\/2025\/02\/musica-comida-600x400.jpg\" alt=\"Danse avec David Swing\" itemprop=\"image\" class=\"center\" \/>\n\t\t\t\t<\/a>\t\t<\/div>\n\t\t<div class=\"wpsp-content-wrap\">\t\t\t\t\t\t<header class=\"wp-show-posts-entry-header\">\n\t\t\t\t\t\t\t<h3 class=\"wp-show-posts-entry-title\" itemprop=\"headline\"><a href=\"https:\/\/turismelesplanes.cat\/fr\/\/ball-amb-david-swing-3\/\" rel=\"bookmark\">Danse avec David Swing<\/a><\/h3><div class=\"wp-show-posts-entry-meta wp-show-posts-entry-meta-below-title post-meta-inline\"><span class=\"wp-show-posts-terms wp-show-posts-meta\"><\/span><\/div>\t\t\t\t\t\t<\/header><!-- .entry-header -->\n\t\t\t\t\t<div class=\"wpsp-read-more\"><a title=\"Danse avec David Swing\" class=\"wp-show-posts-read-more\" href=\"https:\/\/turismelesplanes.cat\/fr\/\/ball-amb-david-swing-3\/\">Continuer la lecture...<\/a><\/div><\/div><!-- .wpsp-content-wrap --><\/div><!-- wp-show-posts-inner --><\/article><article class=\"wp-show-posts-single post-2974 actes type-actes status-publish has-post-thumbnail hentry categories_actes-dansa wpsp-col-4\" itemtype=\"http:\/\/schema.org\/CreativeWork\" itemscope><div class=\"wp-show-posts-inner\" style=\"\">\t\t<div class=\"wp-show-posts-image  wpsp-image-center\">\n\t\t\t<a href=\"https:\/\/turismelesplanes.cat\/fr\/\/ball-amb-joan-sol-3\/\"  title=\"Danse avec Joan Sol\">\t\t\t\t\t<img decoding=\"async\" src=\"https:\/\/turismelesplanes.cat\/wp-content\/uploads\/2025\/02\/images-600x400.jpeg\" alt=\"Danse avec Joan Sol\" itemprop=\"image\" class=\"center\" \/>\n\t\t\t\t<\/a>\t\t<\/div>\n\t\t<div class=\"wpsp-content-wrap\">\t\t\t\t\t\t<header class=\"wp-show-posts-entry-header\">\n\t\t\t\t\t\t\t<h3 class=\"wp-show-posts-entry-title\" itemprop=\"headline\"><a href=\"https:\/\/turismelesplanes.cat\/fr\/\/ball-amb-joan-sol-3\/\" rel=\"bookmark\">Danse avec Joan Sol<\/a><\/h3><div class=\"wp-show-posts-entry-meta wp-show-posts-entry-meta-below-title post-meta-inline\"><span class=\"wp-show-posts-terms wp-show-posts-meta\"><\/span><\/div>\t\t\t\t\t\t<\/header><!-- .entry-header -->\n\t\t\t\t\t<div class=\"wpsp-read-more\"><a title=\"Danse avec Joan Sol\" class=\"wp-show-posts-read-more\" href=\"https:\/\/turismelesplanes.cat\/fr\/\/ball-amb-joan-sol-3\/\">Continuer la lecture...<\/a><\/div><\/div><!-- .wpsp-content-wrap --><\/div><!-- wp-show-posts-inner --><\/article><article class=\"wp-show-posts-single post-2982 actes type-actes status-publish has-post-thumbnail hentry categories_actes-dansa wpsp-col-4\" itemtype=\"http:\/\/schema.org\/CreativeWork\" itemscope><div class=\"wp-show-posts-inner\" style=\"\">\t\t<div class=\"wp-show-posts-image  wpsp-image-center\">\n\t\t\t<a href=\"https:\/\/turismelesplanes.cat\/fr\/\/ball-amb-joan-siques\/\"  title=\"Ball amb Joan Siques\">\t\t\t\t\t<img decoding=\"async\" src=\"https:\/\/turismelesplanes.cat\/wp-content\/uploads\/2025\/12\/joansiques-600x400.jpg\" alt=\"Ball amb Joan Siques\" itemprop=\"image\" class=\"center\" \/>\n\t\t\t\t<\/a>\t\t<\/div>\n\t\t<div class=\"wpsp-content-wrap\">\t\t\t\t\t\t<header class=\"wp-show-posts-entry-header\">\n\t\t\t\t\t\t\t<h3 class=\"wp-show-posts-entry-title\" itemprop=\"headline\"><a href=\"https:\/\/turismelesplanes.cat\/fr\/\/ball-amb-joan-siques\/\" rel=\"bookmark\">Ball amb Joan Siques<\/a><\/h3><div class=\"wp-show-posts-entry-meta wp-show-posts-entry-meta-below-title post-meta-inline\"><span class=\"wp-show-posts-terms wp-show-posts-meta\"><\/span><\/div>\t\t\t\t\t\t<\/header><!-- .entry-header -->\n\t\t\t\t\t<div class=\"wpsp-read-more\"><a title=\"Ball amb Joan Siques\" class=\"wp-show-posts-read-more\" href=\"https:\/\/turismelesplanes.cat\/fr\/\/ball-amb-joan-siques\/\">Continuer la lecture...<\/a><\/div><\/div><!-- .wpsp-content-wrap --><\/div><!-- wp-show-posts-inner --><\/article><article class=\"wp-show-posts-single post-3004 actes type-actes status-publish has-post-thumbnail hentry categories_actes-esport categories_actes-sortida wpsp-col-4\" itemtype=\"http:\/\/schema.org\/CreativeWork\" itemscope><div class=\"wp-show-posts-inner\" style=\"\">\t\t<div class=\"wp-show-posts-image  wpsp-image-center\">\n\t\t\t<a href=\"https:\/\/turismelesplanes.cat\/fr\/\/sortida-pujada-al-far-2\/\"  title=\"D\u00e9part Mont\u00e9e au Phare\">\t\t\t\t\t<img decoding=\"async\" src=\"https:\/\/turismelesplanes.cat\/wp-content\/uploads\/2025\/01\/cingle-del-far-santuari-sant-marti-amer-muntanya-1-600x400.jpg\" alt=\"D\u00e9part Mont\u00e9e au Phare\" itemprop=\"image\" class=\"center\" \/>\n\t\t\t\t<\/a>\t\t<\/div>\n\t\t<div class=\"wpsp-content-wrap\">\t\t\t\t\t\t<header class=\"wp-show-posts-entry-header\">\n\t\t\t\t\t\t\t<h3 class=\"wp-show-posts-entry-title\" itemprop=\"headline\"><a href=\"https:\/\/turismelesplanes.cat\/fr\/\/sortida-pujada-al-far-2\/\" rel=\"bookmark\">D\u00e9part Mont\u00e9e au Phare<\/a><\/h3><div class=\"wp-show-posts-entry-meta wp-show-posts-entry-meta-below-title post-meta-inline\"><span class=\"wp-show-posts-terms wp-show-posts-meta\"><\/span><\/div>\t\t\t\t\t\t<\/header><!-- .entry-header -->\n\t\t\t\t\t<div class=\"wpsp-read-more\"><a title=\"D\u00e9part Mont\u00e9e au Phare\" class=\"wp-show-posts-read-more\" href=\"https:\/\/turismelesplanes.cat\/fr\/\/sortida-pujada-al-far-2\/\">Continuer la lecture...<\/a><\/div><\/div><!-- .wpsp-content-wrap --><\/div><!-- wp-show-posts-inner --><\/article><article class=\"wp-show-posts-single post-2968 actes type-actes status-publish has-post-thumbnail hentry categories_actes-dansa wpsp-col-4\" itemtype=\"http:\/\/schema.org\/CreativeWork\" itemscope><div class=\"wp-show-posts-inner\" style=\"\">\t\t<div class=\"wp-show-posts-image  wpsp-image-center\">\n\t\t\t<a href=\"https:\/\/turismelesplanes.cat\/fr\/\/ball-amb-manel-de-ciclon-2\/\"  title=\"Ball amb Manel de Cicl\u00f3n\">\t\t\t\t\t<img decoding=\"async\" src=\"https:\/\/turismelesplanes.cat\/wp-content\/uploads\/2025\/12\/music-600x400.jpg\" alt=\"Ball amb Manel de Cicl\u00f3n\" itemprop=\"image\" class=\"center\" \/>\n\t\t\t\t<\/a>\t\t<\/div>\n\t\t<div class=\"wpsp-content-wrap\">\t\t\t\t\t\t<header class=\"wp-show-posts-entry-header\">\n\t\t\t\t\t\t\t<h3 class=\"wp-show-posts-entry-title\" itemprop=\"headline\"><a href=\"https:\/\/turismelesplanes.cat\/fr\/\/ball-amb-manel-de-ciclon-2\/\" rel=\"bookmark\">Ball amb Manel de Cicl\u00f3n<\/a><\/h3><div class=\"wp-show-posts-entry-meta wp-show-posts-entry-meta-below-title post-meta-inline\"><span class=\"wp-show-posts-terms wp-show-posts-meta\"><\/span><\/div>\t\t\t\t\t\t<\/header><!-- .entry-header -->\n\t\t\t\t\t<div class=\"wpsp-read-more\"><a title=\"Ball amb Manel de Cicl\u00f3n\" class=\"wp-show-posts-read-more\" href=\"https:\/\/turismelesplanes.cat\/fr\/\/ball-amb-manel-de-ciclon-2\/\">Continuer la lecture...<\/a><\/div><\/div><!-- .wpsp-content-wrap --><\/div><!-- wp-show-posts-inner --><\/article><article class=\"wp-show-posts-single post-2989 actes type-actes status-publish has-post-thumbnail hentry categories_actes-taller-formatiu wpsp-col-4\" itemtype=\"http:\/\/schema.org\/CreativeWork\" itemscope><div class=\"wp-show-posts-inner\" style=\"\">\t\t<div class=\"wp-show-posts-image  wpsp-image-center\">\n\t\t\t<a href=\"https:\/\/turismelesplanes.cat\/fr\/\/taller-la-farmaciola-de-primavera-2\/\"  title=\"Taller La Farmaciola de primavera\">\t\t\t\t\t<img decoding=\"async\" src=\"https:\/\/turismelesplanes.cat\/wp-content\/uploads\/2022\/03\/IMG-20170625-WA00008796-768x512-1-600x400.jpg\" alt=\"Taller La Farmaciola de primavera\" itemprop=\"image\" class=\"center\" \/>\n\t\t\t\t<\/a>\t\t<\/div>\n\t\t<div class=\"wpsp-content-wrap\">\t\t\t\t\t\t<header class=\"wp-show-posts-entry-header\">\n\t\t\t\t\t\t\t<h3 class=\"wp-show-posts-entry-title\" itemprop=\"headline\"><a href=\"https:\/\/turismelesplanes.cat\/fr\/\/taller-la-farmaciola-de-primavera-2\/\" rel=\"bookmark\">Taller La Farmaciola de primavera<\/a><\/h3><div class=\"wp-show-posts-entry-meta wp-show-posts-entry-meta-below-title post-meta-inline\"><span class=\"wp-show-posts-terms wp-show-posts-meta\"><\/span><\/div>\t\t\t\t\t\t<\/header><!-- .entry-header -->\n\t\t\t\t\t<div class=\"wpsp-read-more\"><a title=\"Taller La Farmaciola de primavera\" class=\"wp-show-posts-read-more\" href=\"https:\/\/turismelesplanes.cat\/fr\/\/taller-la-farmaciola-de-primavera-2\/\">Continuer la lecture...<\/a><\/div><\/div><!-- .wpsp-content-wrap --><\/div><!-- wp-show-posts-inner --><\/article><article class=\"wp-show-posts-single post-2975 actes type-actes status-publish has-post-thumbnail hentry categories_actes-dansa wpsp-col-4\" itemtype=\"http:\/\/schema.org\/CreativeWork\" itemscope><div class=\"wp-show-posts-inner\" style=\"\">\t\t<div class=\"wp-show-posts-image  wpsp-image-center\">\n\t\t\t<a href=\"https:\/\/turismelesplanes.cat\/fr\/\/ball-amb-joan-sol-4\/\"  title=\"Danse avec Joan Sol\">\t\t\t\t\t<img decoding=\"async\" src=\"https:\/\/turismelesplanes.cat\/wp-content\/uploads\/2025\/02\/images-600x400.jpeg\" alt=\"Danse avec Joan Sol\" itemprop=\"image\" class=\"center\" \/>\n\t\t\t\t<\/a>\t\t<\/div>\n\t\t<div class=\"wpsp-content-wrap\">\t\t\t\t\t\t<header class=\"wp-show-posts-entry-header\">\n\t\t\t\t\t\t\t<h3 class=\"wp-show-posts-entry-title\" itemprop=\"headline\"><a href=\"https:\/\/turismelesplanes.cat\/fr\/\/ball-amb-joan-sol-4\/\" rel=\"bookmark\">Danse avec Joan Sol<\/a><\/h3><div class=\"wp-show-posts-entry-meta wp-show-posts-entry-meta-below-title post-meta-inline\"><span class=\"wp-show-posts-terms wp-show-posts-meta\"><\/span><\/div>\t\t\t\t\t\t<\/header><!-- .entry-header -->\n\t\t\t\t\t<div class=\"wpsp-read-more\"><a title=\"Danse avec Joan Sol\" class=\"wp-show-posts-read-more\" href=\"https:\/\/turismelesplanes.cat\/fr\/\/ball-amb-joan-sol-4\/\">Continuer la lecture...<\/a><\/div><\/div><!-- .wpsp-content-wrap --><\/div><!-- wp-show-posts-inner --><\/article><article class=\"wp-show-posts-single post-2957 actes type-actes status-publish has-post-thumbnail hentry categories_actes-dansa wpsp-col-4\" itemtype=\"http:\/\/schema.org\/CreativeWork\" itemscope><div class=\"wp-show-posts-inner\" style=\"\">\t\t<div class=\"wp-show-posts-image  wpsp-image-center\">\n\t\t\t<a href=\"https:\/\/turismelesplanes.cat\/fr\/\/balls-amb-blue-moon-11\/\"  title=\"Danse avec Blue Moon\">\t\t\t\t\t<img decoding=\"async\" src=\"https:\/\/turismelesplanes.cat\/wp-content\/uploads\/2023\/03\/b4-600x400.jpg\" alt=\"Danse avec Blue Moon\" itemprop=\"image\" class=\"center\" \/>\n\t\t\t\t<\/a>\t\t<\/div>\n\t\t<div class=\"wpsp-content-wrap\">\t\t\t\t\t\t<header class=\"wp-show-posts-entry-header\">\n\t\t\t\t\t\t\t<h3 class=\"wp-show-posts-entry-title\" itemprop=\"headline\"><a href=\"https:\/\/turismelesplanes.cat\/fr\/\/balls-amb-blue-moon-11\/\" rel=\"bookmark\">Danse avec Blue Moon<\/a><\/h3><div class=\"wp-show-posts-entry-meta wp-show-posts-entry-meta-below-title post-meta-inline\"><span class=\"wp-show-posts-terms wp-show-posts-meta\"><\/span><\/div>\t\t\t\t\t\t<\/header><!-- .entry-header -->\n\t\t\t\t\t<div class=\"wpsp-read-more\"><a title=\"Danse avec Blue Moon\" class=\"wp-show-posts-read-more\" href=\"https:\/\/turismelesplanes.cat\/fr\/\/balls-amb-blue-moon-11\/\">Continuer la lecture...<\/a><\/div><\/div><!-- .wpsp-content-wrap --><\/div><!-- wp-show-posts-inner --><\/article><article class=\"wp-show-posts-single post-2950 actes type-actes status-publish has-post-thumbnail hentry categories_actes-dansa wpsp-col-4\" itemtype=\"http:\/\/schema.org\/CreativeWork\" itemscope><div class=\"wp-show-posts-inner\" style=\"\">\t\t<div class=\"wp-show-posts-image  wpsp-image-center\">\n\t\t\t<a href=\"https:\/\/turismelesplanes.cat\/fr\/\/ball-amb-pa-dangel-12\/\"  title=\"Danse avec le pain des anges\">\t\t\t\t\t<img decoding=\"async\" src=\"https:\/\/turismelesplanes.cat\/wp-content\/uploads\/2023\/04\/pa_dangel-600x400.jpg\" alt=\"Danse avec le pain des anges\" itemprop=\"image\" class=\"center\" \/>\n\t\t\t\t<\/a>\t\t<\/div>\n\t\t<div class=\"wpsp-content-wrap\">\t\t\t\t\t\t<header class=\"wp-show-posts-entry-header\">\n\t\t\t\t\t\t\t<h3 class=\"wp-show-posts-entry-title\" itemprop=\"headline\"><a href=\"https:\/\/turismelesplanes.cat\/fr\/\/ball-amb-pa-dangel-12\/\" rel=\"bookmark\">Danse avec le pain des anges<\/a><\/h3><div class=\"wp-show-posts-entry-meta wp-show-posts-entry-meta-below-title post-meta-inline\"><span class=\"wp-show-posts-terms wp-show-posts-meta\"><\/span><\/div>\t\t\t\t\t\t<\/header><!-- .entry-header -->\n\t\t\t\t\t<div class=\"wpsp-read-more\"><a title=\"Danse avec le pain des anges\" class=\"wp-show-posts-read-more\" href=\"https:\/\/turismelesplanes.cat\/fr\/\/ball-amb-pa-dangel-12\/\">Continuer la lecture...<\/a><\/div><\/div><!-- .wpsp-content-wrap --><\/div><!-- wp-show-posts-inner --><\/article><article class=\"wp-show-posts-single post-2969 actes type-actes status-publish has-post-thumbnail hentry categories_actes-dansa wpsp-col-4\" itemtype=\"http:\/\/schema.org\/CreativeWork\" itemscope><div class=\"wp-show-posts-inner\" style=\"\">\t\t<div class=\"wp-show-posts-image  wpsp-image-center\">\n\t\t\t<a href=\"https:\/\/turismelesplanes.cat\/fr\/\/ball-amb-manel-de-ciclon-3\/\"  title=\"Ball amb Manel de Cicl\u00f3n\">\t\t\t\t\t<img decoding=\"async\" src=\"https:\/\/turismelesplanes.cat\/wp-content\/uploads\/2025\/12\/music-600x400.jpg\" alt=\"Ball amb Manel de Cicl\u00f3n\" itemprop=\"image\" class=\"center\" \/>\n\t\t\t\t<\/a>\t\t<\/div>\n\t\t<div class=\"wpsp-content-wrap\">\t\t\t\t\t\t<header class=\"wp-show-posts-entry-header\">\n\t\t\t\t\t\t\t<h3 class=\"wp-show-posts-entry-title\" itemprop=\"headline\"><a href=\"https:\/\/turismelesplanes.cat\/fr\/\/ball-amb-manel-de-ciclon-3\/\" rel=\"bookmark\">Ball amb Manel de Cicl\u00f3n<\/a><\/h3><div class=\"wp-show-posts-entry-meta wp-show-posts-entry-meta-below-title post-meta-inline\"><span class=\"wp-show-posts-terms wp-show-posts-meta\"><\/span><\/div>\t\t\t\t\t\t<\/header><!-- .entry-header -->\n\t\t\t\t\t<div class=\"wpsp-read-more\"><a title=\"Ball amb Manel de Cicl\u00f3n\" class=\"wp-show-posts-read-more\" href=\"https:\/\/turismelesplanes.cat\/fr\/\/ball-amb-manel-de-ciclon-3\/\">Continuer la lecture...<\/a><\/div><\/div><!-- .wpsp-content-wrap --><\/div><!-- wp-show-posts-inner --><\/article><div class=\"wpsp-clear\"><\/div><\/section><!-- .wp-show-posts --><div class=\"wpsp-load-more\">\n\t\t\t\t<a class=\"wp-show-posts-read-more\" data-link=\"https:\/\/turismelesplanes.cat\/wp-json\/wp\/v2\/pages\/294\/page\/2\/\" data-page=\"1\" data-pages=\"3\" href=\"#\">\n\t\t\t\t\tIls facturent plus\n\t\t\t\t<\/a>\n\t\t\t<\/div>\n\n<\/div><\/div>\n\n\n<p><\/p>","protected":false},"excerpt":{"rendered":"","protected":false},"author":1,"featured_media":384,"parent":0,"menu_order":0,"comment_status":"closed","ping_status":"closed","template":"","meta":{"_acf_changed":false,"inline_featured_image":false,"footnotes":""},"class_list":["post-294","page","type-page","status-publish","has-post-thumbnail","hentry"],"acf":[],"_links":{"self":[{"href":"https:\/\/turismelesplanes.cat\/fr\/wp-json\/wp\/v2\/pages\/294","targetHints":{"allow":["GET"]}}],"collection":[{"href":"https:\/\/turismelesplanes.cat\/fr\/wp-json\/wp\/v2\/pages"}],"about":[{"href":"https:\/\/turismelesplanes.cat\/fr\/wp-json\/wp\/v2\/types\/page"}],"author":[{"embeddable":true,"href":"https:\/\/turismelesplanes.cat\/fr\/wp-json\/wp\/v2\/users\/1"}],"replies":[{"embeddable":true,"href":"https:\/\/turismelesplanes.cat\/fr\/wp-json\/wp\/v2\/comments?post=294"}],"version-history":[{"count":13,"href":"https:\/\/turismelesplanes.cat\/fr\/wp-json\/wp\/v2\/pages\/294\/revisions"}],"predecessor-version":[{"id":2185,"href":"https:\/\/turismelesplanes.cat\/fr\/wp-json\/wp\/v2\/pages\/294\/revisions\/2185"}],"wp:featuredmedia":[{"embeddable":true,"href":"https:\/\/turismelesplanes.cat\/fr\/wp-json\/wp\/v2\/media\/384"}],"wp:attachment":[{"href":"https:\/\/turismelesplanes.cat\/fr\/wp-json\/wp\/v2\/media?parent=294"}],"curies":[{"name":"wp","href":"https:\/\/api.w.org\/{rel}","templated":true}]}}