{"id":463,"date":"2021-03-08T06:06:47","date_gmt":"2021-03-08T06:06:47","guid":{"rendered":"https:\/\/turisme.tandem.ws\/?page_id=463"},"modified":"2023-05-25T10:21:28","modified_gmt":"2023-05-25T10:21:28","slug":"baton","status":"publish","type":"page","link":"https:\/\/turismelesplanes.cat\/fr\/baton\/","title":{"rendered":"La Garrotxa"},"content":{"rendered":"<div class=\"gb-container gb-container-44c17e12\"><div class=\"gb-inside-container\">\n<div class=\"gb-grid-wrapper gb-grid-wrapper-135fc255\">\n<div class=\"gb-grid-column gb-grid-column-5d4e1ac4\"><div class=\"gb-container gb-container-5d4e1ac4\"><div class=\"gb-inside-container\">\n\n<h3 class=\"wp-block-heading\">Ax\u00e9 sur la durabilit\u00e9<\/h3>\n\n\n\n<p>La Garrotxa se distingue par son paysage bois\u00e9 et sa richesse culturelle. La majeure partie du territoire fait partie du r\u00e9seau Natura 2000, qui vise \u00e0 prot\u00e9ger les espaces naturels les plus uniques. \u00c0 La Garrotxa, vous trouverez une grande diversit\u00e9 de flore et de faune, de gastronomie, d'histoire, d'itin\u00e9raires naturels et culturels, d'activit\u00e9s sportives, de mus\u00e9es, de f\u00eates et de traditions. <a href=\"https:\/\/ca.turismegarrotxa.com\/territori-i-natura\/parc-natural-i-espais-protegits\/parc-natural-de-la-zona-volcanica-de-la-garrotxa\/\" target=\"_blank\" rel=\"noreferrer noopener\">Parc Naturel de la Zone Volcanique de la Garrotxa<\/a>.<\/p>\n\n\n\n<p>\u00c0 La Garrotxa, vous trouverez une grande diversit\u00e9 de flore et de faune, de gastronomie, d&#039;histoire, d&#039;itin\u00e9raires naturels et culturels, d&#039;activit\u00e9s sportives, de mus\u00e9es, de f\u00eates et de traditions.<\/p>\n\n\n\n<p>La municipalit\u00e9 fait partie de Turisme Garrotxa, une association priv\u00e9e \u00e0 but non lucratif qui rassemble le secteur touristique priv\u00e9 et public de La Garrotxa, \u00e0 partir de laquelle un mod\u00e8le de d\u00e9veloppement touristique bas\u00e9 sur la <a href=\"https:\/\/redeuroparc.org\/carta-europea-turismo-sostenible\/\" target=\"_blank\" rel=\"noreferrer noopener\">Charte europ\u00e9enne du tourisme durable<\/a>, avec laquelle la mairie de Les Planes s'est engag\u00e9e<\/p>\n\n\n\n<figure class=\"wp-block-gallery has-nested-images columns-default is-cropped wp-block-gallery-1 is-layout-flex wp-block-gallery-is-layout-flex\">\n<figure class=\"wp-block-image size-large\"><img loading=\"lazy\" decoding=\"async\" width=\"1024\" height=\"454\" data-id=\"2152\" src=\"https:\/\/turismelesplanes.cat\/wp-content\/uploads\/2023\/05\/europarc-logo-1024x454.jpg\" alt=\"\" class=\"wp-image-2152\" srcset=\"https:\/\/turismelesplanes.cat\/wp-content\/uploads\/2023\/05\/europarc-logo-1024x454.jpg 1024w, https:\/\/turismelesplanes.cat\/wp-content\/uploads\/2023\/05\/europarc-logo-300x133.jpg 300w, https:\/\/turismelesplanes.cat\/wp-content\/uploads\/2023\/05\/europarc-logo-768x340.jpg 768w, https:\/\/turismelesplanes.cat\/wp-content\/uploads\/2023\/05\/europarc-logo.jpg 1217w\" sizes=\"auto, (max-width: 1024px) 100vw, 1024px\" \/><\/figure>\n<\/figure>\n\n\n<div class=\"gb-button-wrapper gb-button-wrapper-d45ec3b9\">\n\n<a class=\"gb-button gb-button-0aab59ed gb-button-text\" href=\"http:\/\/ca.turismegarrotxa.com\/\" target=\"_blank\" rel=\"noopener noreferrer\">Tourisme Garrotxa<\/a>\n\n<\/div>\n<\/div><\/div><\/div>\n\n<div class=\"gb-grid-column gb-grid-column-253839ef\"><div class=\"gb-container gb-container-253839ef\"><div class=\"gb-inside-container\">\n\n<figure class=\"wp-block-image size-large\"><img loading=\"lazy\" decoding=\"async\" width=\"1024\" height=\"768\" src=\"https:\/\/turismelesplanes.cat\/wp-content\/uploads\/2021\/07\/Garrotxa_dalt-DSCF4338_VOL_DE_COLOMS-1024x768.jpg\" alt=\"\" class=\"wp-image-1465\" srcset=\"https:\/\/turismelesplanes.cat\/wp-content\/uploads\/2021\/07\/Garrotxa_dalt-DSCF4338_VOL_DE_COLOMS-1024x768.jpg 1024w, https:\/\/turismelesplanes.cat\/wp-content\/uploads\/2021\/07\/Garrotxa_dalt-DSCF4338_VOL_DE_COLOMS-300x225.jpg 300w, https:\/\/turismelesplanes.cat\/wp-content\/uploads\/2021\/07\/Garrotxa_dalt-DSCF4338_VOL_DE_COLOMS-768x576.jpg 768w, https:\/\/turismelesplanes.cat\/wp-content\/uploads\/2021\/07\/Garrotxa_dalt-DSCF4338_VOL_DE_COLOMS-1536x1152.jpg 1536w, https:\/\/turismelesplanes.cat\/wp-content\/uploads\/2021\/07\/Garrotxa_dalt-DSCF4338_VOL_DE_COLOMS-2048x1536.jpg 2048w\" sizes=\"auto, (max-width: 1024px) 100vw, 1024px\" \/><figcaption><em>La r\u00e9gion d&#039;un ballon.<\/em><\/figcaption><\/figure>\n\n\n\n<figure class=\"wp-block-image size-large\"><img loading=\"lazy\" decoding=\"async\" width=\"1024\" height=\"414\" src=\"https:\/\/turismelesplanes.cat\/wp-content\/uploads\/2023\/05\/garrotxa_png_web_hor-1-1024x414.png\" alt=\"\" class=\"wp-image-2154\" srcset=\"https:\/\/turismelesplanes.cat\/wp-content\/uploads\/2023\/05\/garrotxa_png_web_hor-1-1024x414.png 1024w, https:\/\/turismelesplanes.cat\/wp-content\/uploads\/2023\/05\/garrotxa_png_web_hor-1-300x121.png 300w, https:\/\/turismelesplanes.cat\/wp-content\/uploads\/2023\/05\/garrotxa_png_web_hor-1-768x310.png 768w, https:\/\/turismelesplanes.cat\/wp-content\/uploads\/2023\/05\/garrotxa_png_web_hor-1-1536x621.png 1536w, https:\/\/turismelesplanes.cat\/wp-content\/uploads\/2023\/05\/garrotxa_png_web_hor-1.png 1782w\" sizes=\"auto, (max-width: 1024px) 100vw, 1024px\" \/><\/figure>\n\n<\/div><\/div><\/div>\n<\/div>\n\n\n<hr class=\"wp-block-separator has-css-opacity\"\/>\n\n\n<div class=\"gb-grid-wrapper gb-grid-wrapper-09a9b0d0\">\n<div class=\"gb-grid-column gb-grid-column-dadd302e\"><div class=\"gb-container gb-container-dadd302e\"><div class=\"gb-inside-container\">\n\n<figure class=\"wp-block-image size-large\"><img loading=\"lazy\" decoding=\"async\" width=\"1024\" height=\"684\" src=\"https:\/\/turismelesplanes.cat\/wp-content\/uploads\/2021\/07\/Vall_Bas-1024x684.jpg\" alt=\"\" class=\"wp-image-1466\" srcset=\"https:\/\/turismelesplanes.cat\/wp-content\/uploads\/2021\/07\/Vall_Bas-1024x684.jpg 1024w, https:\/\/turismelesplanes.cat\/wp-content\/uploads\/2021\/07\/Vall_Bas-300x200.jpg 300w, https:\/\/turismelesplanes.cat\/wp-content\/uploads\/2021\/07\/Vall_Bas-768x513.jpg 768w, https:\/\/turismelesplanes.cat\/wp-content\/uploads\/2021\/07\/Vall_Bas.jpg 1444w\" sizes=\"auto, (max-width: 1024px) 100vw, 1024px\" \/><figcaption><em>Joanetes avec Santa Magdalena en arri\u00e8re-plan. novembre 2016.<\/em><\/figcaption><\/figure>\n\n<\/div><\/div><\/div>\n\n<div class=\"gb-grid-column gb-grid-column-bcd38ef8\"><div class=\"gb-container gb-container-bcd38ef8\"><div class=\"gb-inside-container\">\n\n<h3 class=\"gb-headline gb-headline-b4ba4eb8 gb-headline-text\"><strong>LA VALL D\u2019EN BAS<\/strong>, <strong>un village aux multiples villages<\/strong><\/h3>\n\n\n\n<p>La Vall d'en Bas est une municipalit\u00e9 compos\u00e9e de petits villages, tous avec un charme particulier, entrevus par le Puigsacalm. A sa t\u00eate, Sant Esteve d'en Bas, il y a une \u00e9glise romane et un pont. Aux Hostalets, si nous regardons par-dessus la falaise de Falgars, nous verrons l'ermitage de Sant Miquel. Aux abords de Sant Privat surgit le spectaculaire chute d\u2019eau de Sallent, une cascade de 35 m\u00e8tres. Francesc de Verntallat est n\u00e9 \u00e0 Sant Privat d'en Bas en 1426, l'un des leaders de la r\u00e9volte paysanne, bien qu'il soit issu de la petite noblesse.<\/p>\n\n\n<div class=\"gb-button-wrapper gb-button-wrapper-20d279a9\">\n\n<a class=\"gb-button gb-button-5d97d301 gb-button-text\" href=\"http:\/\/ca.turismegarrotxa.com\/la-garrotxa\/27-indrets-d-interes-de-la-garrotxa\/pobles-de-la-vall-d-en-bas\/\" target=\"_blank\" rel=\"noopener noreferrer\">Vall\u00e9e d&#039;en Bas<\/a>\n\n<\/div>\n<\/div><\/div><\/div>\n<\/div>\n\n\n<hr class=\"wp-block-separator has-css-opacity\"\/>\n\n\n\n<h3 class=\"wp-block-heading\"><strong>SANT FELIU DE PALLEROLS<\/strong>, <strong>lvoisins Pescallunes<\/strong><\/h3>\n\n\n<div class=\"wp-block-image\">\n<figure class=\"alignright size-large is-resized\"><img loading=\"lazy\" decoding=\"async\" src=\"https:\/\/turismelesplanes.cat\/wp-content\/uploads\/2023\/05\/sant_feliu_de_pallerols_castell_d_hostoles_1920-1024x684.jpg\" alt=\"\" class=\"wp-image-2166\" width=\"498\" height=\"332\" srcset=\"https:\/\/turismelesplanes.cat\/wp-content\/uploads\/2023\/05\/sant_feliu_de_pallerols_castell_d_hostoles_1920-1024x684.jpg 1024w, https:\/\/turismelesplanes.cat\/wp-content\/uploads\/2023\/05\/sant_feliu_de_pallerols_castell_d_hostoles_1920-300x200.jpg 300w, https:\/\/turismelesplanes.cat\/wp-content\/uploads\/2023\/05\/sant_feliu_de_pallerols_castell_d_hostoles_1920-768x513.jpg 768w, https:\/\/turismelesplanes.cat\/wp-content\/uploads\/2023\/05\/sant_feliu_de_pallerols_castell_d_hostoles_1920-1536x1026.jpg 1536w, https:\/\/turismelesplanes.cat\/wp-content\/uploads\/2023\/05\/sant_feliu_de_pallerols_castell_d_hostoles_1920.jpg 1920w\" sizes=\"auto, (max-width: 498px) 100vw, 498px\" \/><figcaption><em>Vues de Sant Feliu depuis le ch\u00e2teau d&#039;Hostoles. Photo : Mairie de Sant Feliu de Pallerols.<\/em><\/figcaption><\/figure><\/div>\n\n\n<p>La municipalit\u00e9 fait partie du Parc Naturel de la Garrotxa, et les ch\u00e2teaux d\u2019Hostoles, Puig-alder et Colltort peuvent \u00eatre une excuse pour les itin\u00e9raires des randonneurs. Il est recommand\u00e9 de visiter toute la vieille ville, en particulier l'\u00e9glise, la chapelle de El Roser, l'\u00e9glise de Sant Miquel de Pineda, la chapelle de Sant Sebasti\u00e0 et Santa Cec\u00edlia. La Mairie propose plusieurs itin\u00e9raires et circuits consultables \u00e0 l'office de tourisme situ\u00e9 dans l'ancienne gare.<\/p>\n\n\n<div class=\"gb-button-wrapper gb-button-wrapper-84246b43\">\n\n<a class=\"gb-button gb-button-61c635d9 gb-button-text\" href=\"http:\/\/www.santfeliudepallerols.cat\/turisme\/rutes\/\" target=\"_blank\" rel=\"noopener noreferrer\">Tourisme Sant Feliu de Pallerols<\/a>\n\n<\/div>\n\n<div class=\"gb-grid-wrapper gb-grid-wrapper-c0ad99a5\">\n<div class=\"gb-grid-column gb-grid-column-b8b8cfcf\"><div class=\"gb-container gb-container-b8b8cfcf\"><div class=\"gb-inside-container\"><\/div><\/div><\/div>\n<\/div>\n\n\n<hr class=\"wp-block-separator has-css-opacity\"\/>\n\n\n<div class=\"gb-grid-wrapper gb-grid-wrapper-cc6a0c65\">\n<div class=\"gb-grid-column gb-grid-column-feeb7698\"><div class=\"gb-container gb-container-feeb7698\"><div class=\"gb-inside-container\">\n\n<h3 class=\"wp-block-heading\"><strong>OLOT<\/strong>, <strong>la ville des volcans<\/strong><\/h3>\n\n\n\n<p>La capitale de la r\u00e9gion se distingue par son entrepreneuriat culturel et \u00e9conomique. Il a accueilli l'\u00e9cole d'Olot, avec une int\u00e9ressante collection de peintures et de sculptures au Mus\u00e9e des Hospices et des Saints, et poss\u00e8de des \u00e9difices d'int\u00e9r\u00eat architectural comme le clo\u00eetre Renaissance du Carme, plusieurs \u00e9difices modernistes, ou encore l'extension urbanistique de Malagrida. L'offre culturelle de la ville b\u00e9n\u00e9ficie d'une bonne combinaison entre tradition et avant-garde. La ville est entour\u00e9e de quatre volcans : Montsacopa et Montolivet, que l'on peut visiter, mais aussi Bisaroques et Garrinada. D'un point de vue naturel, le jardin botanique du Parc Nou et le parc Moixina sont \u00e9galement \u00e0 souligner.<\/p>\n\n\n<div class=\"gb-button-wrapper gb-button-wrapper-7992cfe8\">\n\n<a class=\"gb-button gb-button-eb7e913d gb-button-text\" href=\"https:\/\/www.turismeolot.com\/ca\/\" target=\"_blank\" rel=\"noopener noreferrer\">Olot Tourisme<\/a>\n\n<\/div>\n<\/div><\/div><\/div>\n\n<div class=\"gb-grid-column gb-grid-column-4ef723c2\"><div class=\"gb-container gb-container-4ef723c2\"><div class=\"gb-inside-container\">\n\n<figure class=\"wp-block-image size-large is-resized\"><img loading=\"lazy\" decoding=\"async\" src=\"https:\/\/turismelesplanes.cat\/wp-content\/uploads\/2021\/07\/olot.jpg\" alt=\"\" class=\"wp-image-1467\" width=\"564\" height=\"376\" srcset=\"https:\/\/turismelesplanes.cat\/wp-content\/uploads\/2021\/07\/olot.jpg 480w, https:\/\/turismelesplanes.cat\/wp-content\/uploads\/2021\/07\/olot-300x200.jpg 300w\" sizes=\"auto, (max-width: 564px) 100vw, 564px\" \/><figcaption><em>B\u00e2timent moderniste d&#039;Olot<\/em><\/figcaption><\/figure>\n\n<\/div><\/div><\/div>\n<\/div>\n\n\n<hr class=\"wp-block-separator has-css-opacity\"\/>\n\n\n<div class=\"gb-grid-wrapper gb-grid-wrapper-057145b8\">\n<div class=\"gb-grid-column gb-grid-column-063e45de\"><div class=\"gb-container gb-container-063e45de\"><div class=\"gb-inside-container\">\n\n<figure class=\"wp-block-image size-large\"><img loading=\"lazy\" decoding=\"async\" width=\"1024\" height=\"683\" src=\"https:\/\/turismelesplanes.cat\/wp-content\/uploads\/2021\/07\/Preses_Parc_de_Pedra_Tosca_4-1024x683.jpg\" alt=\"\" class=\"wp-image-1468\" srcset=\"https:\/\/turismelesplanes.cat\/wp-content\/uploads\/2021\/07\/Preses_Parc_de_Pedra_Tosca_4-1024x683.jpg 1024w, https:\/\/turismelesplanes.cat\/wp-content\/uploads\/2021\/07\/Preses_Parc_de_Pedra_Tosca_4-300x200.jpg 300w, https:\/\/turismelesplanes.cat\/wp-content\/uploads\/2021\/07\/Preses_Parc_de_Pedra_Tosca_4-768x512.jpg 768w, https:\/\/turismelesplanes.cat\/wp-content\/uploads\/2021\/07\/Preses_Parc_de_Pedra_Tosca_4-1536x1024.jpg 1536w, https:\/\/turismelesplanes.cat\/wp-content\/uploads\/2021\/07\/Preses_Parc_de_Pedra_Tosca_4-2048x1365.jpg 2048w\" sizes=\"auto, (max-width: 1024px) 100vw, 1024px\" \/><figcaption><em>Parc Pedra Tosca de les Preses.<\/em><\/figcaption><\/figure>\n\n<\/div><\/div><\/div>\n\n<div class=\"gb-grid-column gb-grid-column-12da7530\"><div class=\"gb-container gb-container-12da7530\"><div class=\"gb-inside-container\">\n\n<h3 class=\"gb-headline gb-headline-3ccba5c8 gb-headline-text\"><strong>LES PRESES<\/strong>, <strong>originales et contemporaines<\/strong><\/h3>\n\n\n\n<p>Le parc Pedra Tosca de Les Preses est un espace \u00e0 grande valeur \u00e9cologique, structur\u00e9 avec une architecture qui allie constructions traditionnelles et modernes de mani\u00e8re \u00e9quilibr\u00e9e, ce qui lui a valu de remporter des prix tels que le prix europ\u00e9en du paysage Rosa Barba . La municipalit\u00e9 poss\u00e8de de beaux ermitages tels que Sant Mart\u00ed et Sant Miquel del Corb. Pendant l'\u00e9t\u00e9, la ville accueille une importante manifestation de danses traditionnelles du monde entier, le Festival \u00c9sdansa. Ceci est compl\u00e9t\u00e9 par le festival de danse contemporaine Sism\u00f2graf qui, au cours du mois d'avril, occupe divers points de l'espace public de La Garrotxa, en particulier \u00e0 Olot.<\/p>\n\n\n<div class=\"gb-button-wrapper gb-button-wrapper-8802ffa1\">\n\n<a class=\"gb-button gb-button-137a4fd9 gb-button-text\" href=\"http:\/\/www.lespreses.cat\/el-poble\/atractius-turistics\/\" target=\"_blank\" rel=\"noopener noreferrer\">Les attractions des Pr\u00e9s<\/a>\n\n<\/div>\n<\/div><\/div><\/div>\n<\/div>\n\n\n<hr class=\"wp-block-separator has-css-opacity\"\/>\n\n\n<div class=\"gb-grid-wrapper gb-grid-wrapper-4da6e723\">\n<div class=\"gb-grid-column gb-grid-column-a240aed9\"><div class=\"gb-container gb-container-a240aed9\"><div class=\"gb-inside-container\">\n\n<h3 class=\"wp-block-heading\"><strong>SANTA PAU, paysage m\u00e9di\u00e9val<\/strong><\/h3>\n\n\n<div class=\"wp-block-image\">\n<figure class=\"alignright size-large is-resized\"><img loading=\"lazy\" decoding=\"async\" src=\"https:\/\/turismelesplanes.cat\/wp-content\/uploads\/2023\/05\/santa-Pau-1024x684.jpg\" alt=\"\" class=\"wp-image-2170\" width=\"533\" height=\"355\" srcset=\"https:\/\/turismelesplanes.cat\/wp-content\/uploads\/2023\/05\/santa-Pau-1024x684.jpg 1024w, https:\/\/turismelesplanes.cat\/wp-content\/uploads\/2023\/05\/santa-Pau-300x200.jpg 300w, https:\/\/turismelesplanes.cat\/wp-content\/uploads\/2023\/05\/santa-Pau-768x513.jpg 768w, https:\/\/turismelesplanes.cat\/wp-content\/uploads\/2023\/05\/santa-Pau-1536x1026.jpg 1536w, https:\/\/turismelesplanes.cat\/wp-content\/uploads\/2023\/05\/santa-Pau.jpg 1920w\" sizes=\"auto, (max-width: 533px) 100vw, 533px\" \/><figcaption><em>Place principale de Santa Pau. La Garrotxa, avril 2019. Photo : Oscar Rodbag<\/em><\/figcaption><\/figure><\/div>\n\n\n<p>Avec Girona, Besal\u00fa est la seule ville de la p\u00e9ninsule qui poss\u00e8de un bain rituel juif ou mikv\u00e9. Le quartier juif de Besal\u00fa date du IXe au XVe si\u00e8cle, et vous pouvez encore voir les vestiges du pass\u00e9 avec divers symboles. Dans toute la ville, vous pourrez appr\u00e9cier la beaut\u00e9 et la sobri\u00e9t\u00e9 de l'architecture m\u00e9di\u00e9vale.<\/p>\n\n\n<div class=\"gb-button-wrapper gb-button-wrapper-45c5fdb7\">\n\n<a class=\"gb-button gb-button-ffa40581 gb-button-text\" href=\"https:\/\/visitsantapau.com\/\" target=\"_blank\" rel=\"noopener noreferrer\">Visiter Santa Pau<\/a>\n\n<\/div>\n<\/div><\/div><\/div>\n<\/div>\n\n\n<hr class=\"wp-block-separator has-css-opacity\"\/>\n\n\n<div class=\"gb-grid-wrapper gb-grid-wrapper-de6ee194\">\n<div class=\"gb-grid-column gb-grid-column-6c93b13d\"><div class=\"gb-container gb-container-6c93b13d\"><div class=\"gb-inside-container\">\n\n<h3 class=\"gb-headline gb-headline-4f9c0fb2 gb-headline-text\"><strong>BESAL\u00da<\/strong>, <strong><strong>Le pass\u00e9 juif<\/strong><\/strong><\/h3>\n\n\n\n<p>Avec Girona, Besal\u00fa est la seule ville de la p\u00e9ninsule qui poss\u00e8de un bain rituel juif ou mikv\u00e9. Le quartier juif de Besal\u00fa date du IXe au XVe si\u00e8cle, et vous pouvez encore voir les vestiges du pass\u00e9 avec divers symboles. Dans toute la ville, vous pourrez appr\u00e9cier la beaut\u00e9 et la sobri\u00e9t\u00e9 de l'architecture m\u00e9di\u00e9vale.<\/p>\n\n\n<div class=\"gb-button-wrapper gb-button-wrapper-093bcbf0\">\n\n<a class=\"gb-button gb-button-65a60a75 gb-button-text\" href=\"https:\/\/ca.turismegarrotxa.com\/la-garrotxa\/cultura\/art\/patrimoni-jueu\/\" target=\"_blank\" rel=\"noopener noreferrer\">Besalu<\/a>\n\n<\/div>\n<\/div><\/div><\/div>\n\n<div class=\"gb-grid-column gb-grid-column-e9d13594\"><div class=\"gb-container gb-container-e9d13594\"><div class=\"gb-inside-container\">\n<div class=\"wp-block-image\">\n<figure class=\"alignleft size-large\"><img loading=\"lazy\" decoding=\"async\" width=\"1024\" height=\"673\" src=\"https:\/\/turismelesplanes.cat\/wp-content\/uploads\/2021\/07\/besalu-1024x673.jpg\" alt=\"\" class=\"wp-image-1469\" srcset=\"https:\/\/turismelesplanes.cat\/wp-content\/uploads\/2021\/07\/besalu-1024x673.jpg 1024w, https:\/\/turismelesplanes.cat\/wp-content\/uploads\/2021\/07\/besalu-300x197.jpg 300w, https:\/\/turismelesplanes.cat\/wp-content\/uploads\/2021\/07\/besalu-768x505.jpg 768w, https:\/\/turismelesplanes.cat\/wp-content\/uploads\/2021\/07\/besalu-1536x1009.jpg 1536w, https:\/\/turismelesplanes.cat\/wp-content\/uploads\/2021\/07\/besalu-2048x1346.jpg 2048w\" sizes=\"auto, (max-width: 1024px) 100vw, 1024px\" \/><figcaption><em>Le Vieux Pont de Besal\u00fa.<\/em><\/figcaption><\/figure><\/div>\n<\/div><\/div><\/div>\n<\/div>\n\n\n<p><\/p>\n\n<\/div><\/div>\n\n\n<p><\/p>","protected":false},"excerpt":{"rendered":"<p>SANT FELIU DE PALLEROLS, les voisins de Pescallunes. La commune fait partie du parc naturel de la Garrotxa, et les ch\u00e2teaux d&#039;Hostoles, de Puig-Alder et de Colltort sont propices aux randonn\u00e9es. Il est recommand\u00e9 de visiter toute la vieille ville, notamment l&#039;\u00e9glise, la chapelle du Roser, l&#039;\u00e9glise Sant Miquel de\u2026 <a title=\"La Garrotxa\" class=\"read-more\" href=\"https:\/\/turismelesplanes.cat\/fr\/baton\/\" aria-label=\"En savoir plus sur La Garrotxa\">En savoir plus<\/a><\/p>","protected":false},"author":1,"featured_media":431,"parent":0,"menu_order":0,"comment_status":"closed","ping_status":"closed","template":"","meta":{"_acf_changed":false,"inline_featured_image":false,"footnotes":""},"class_list":["post-463","page","type-page","status-publish","has-post-thumbnail"],"acf":[],"_links":{"self":[{"href":"https:\/\/turismelesplanes.cat\/fr\/wp-json\/wp\/v2\/pages\/463","targetHints":{"allow":["GET"]}}],"collection":[{"href":"https:\/\/turismelesplanes.cat\/fr\/wp-json\/wp\/v2\/pages"}],"about":[{"href":"https:\/\/turismelesplanes.cat\/fr\/wp-json\/wp\/v2\/types\/page"}],"author":[{"embeddable":true,"href":"https:\/\/turismelesplanes.cat\/fr\/wp-json\/wp\/v2\/users\/1"}],"replies":[{"embeddable":true,"href":"https:\/\/turismelesplanes.cat\/fr\/wp-json\/wp\/v2\/comments?post=463"}],"version-history":[{"count":26,"href":"https:\/\/turismelesplanes.cat\/fr\/wp-json\/wp\/v2\/pages\/463\/revisions"}],"predecessor-version":[{"id":2173,"href":"https:\/\/turismelesplanes.cat\/fr\/wp-json\/wp\/v2\/pages\/463\/revisions\/2173"}],"wp:featuredmedia":[{"embeddable":true,"href":"https:\/\/turismelesplanes.cat\/fr\/wp-json\/wp\/v2\/media\/431"}],"wp:attachment":[{"href":"https:\/\/turismelesplanes.cat\/fr\/wp-json\/wp\/v2\/media?parent=463"}],"curies":[{"name":"wp","href":"https:\/\/api.w.org\/{rel}","templated":true}]}}